{"id":1028,"date":"2025-12-16T03:30:19","date_gmt":"2025-12-16T03:30:19","guid":{"rendered":"https:\/\/kainosconsultoria.com\/?page_id=1028"},"modified":"2026-02-06T06:19:49","modified_gmt":"2026-02-06T06:19:49","slug":"servicios-de-do","status":"publish","type":"page","link":"https:\/\/kainosconsultoria.com\/en\/servicios-de-do\/","title":{"rendered":"Servicios"},"content":{"rendered":"<h1 class=\"wp-block-heading has-text-align-center has-text-color has-link-color wp-elements-7a480eff8bb12eb011745eacc29e372c\" id=\"servicios-de-desarrollo-organizacional\" style=\"color:#6d1a36;font-size:clamp(18.959px, 1.185rem + ((1vw - 3.2px) * 0.863), 30px);\">SERVICIOS DE DESARROLLO ORGANIZACIONAL<\/h1>\n\n\n\n<div class=\"wp-block-media-text is-stacked-on-mobile\"><figure class=\"wp-block-media-text__media\"><img loading=\"lazy\" decoding=\"async\" width=\"1024\" height=\"671\" src=\"https:\/\/kainosconsultoria.com\/wp-content\/uploads\/2025\/12\/Captura-de-pantalla-2025-12-20-a-las-3.46.42-a.m-1024x671.png\" alt=\"\" class=\"wp-image-1536 size-full\" srcset=\"https:\/\/kainosconsultoria.com\/wp-content\/uploads\/2025\/12\/Captura-de-pantalla-2025-12-20-a-las-3.46.42-a.m-1024x671.png 1024w, https:\/\/kainosconsultoria.com\/wp-content\/uploads\/2025\/12\/Captura-de-pantalla-2025-12-20-a-las-3.46.42-a.m-300x197.png 300w, https:\/\/kainosconsultoria.com\/wp-content\/uploads\/2025\/12\/Captura-de-pantalla-2025-12-20-a-las-3.46.42-a.m-768x504.png 768w, https:\/\/kainosconsultoria.com\/wp-content\/uploads\/2025\/12\/Captura-de-pantalla-2025-12-20-a-las-3.46.42-a.m-18x12.png 18w, https:\/\/kainosconsultoria.com\/wp-content\/uploads\/2025\/12\/Captura-de-pantalla-2025-12-20-a-las-3.46.42-a.m.png 1510w\" sizes=\"auto, (max-width: 1024px) 100vw, 1024px\" \/><\/figure><div class=\"wp-block-media-text__content\">\n<p class=\"has-black-color has-text-color has-link-color wp-elements-d3dfeb7129ab46cb203279957867a222\" style=\"font-size:clamp(14px, 0.875rem + ((1vw - 3.2px) * 0.469), 20px);\">Acompa\u00f1amos a iglesias y organizaciones ministeriales en el fortalecimiento de su estructura administrativa, procesos internos y toma de decisiones, mediante un enfoque integral de Desarrollo Organizacional adaptado a su contexto eclesial.<\/p>\n\n\n\n<p class=\"has-black-color has-text-color has-link-color has-medium-font-size wp-elements-f2acd569fcec6c4b115b5a181f3cd14b\" style=\"font-size:clamp(14px, 0.875rem + ((1vw - 3.2px) * 0.469), 20px);\">Nuestros servicios se organizan en \u00e1reas espec\u00edficas de acompa\u00f1amiento, dise\u00f1adas para responder a las necesidades particulares de cada iglesia.<\/p>\n<\/div><\/div>\n\n\n\n<h2 class=\"wp-block-heading has-text-color has-link-color wp-elements-cec0d03960faef7ed261bf980379a57d\" id=\"que-entendemos-por-desarrollo-organizacional\" style=\"color:#6d1a36;font-size:clamp(17.905px, 1.119rem + ((1vw - 3.2px) * 0.789), 28px);\">\u00bfQu\u00e9 entendemos por Desarrollo Organizaci\u00f3n?<\/h2>\n\n\n\n<p class=\"has-black-color has-text-color has-link-color has-medium-font-size wp-elements-d818cb9adf090f87d8685006d0abcd0b\">En KAINOS concebimos el Desarrollo Organizacional como un enfoque integral de acompa\u00f1amiento que permite a las iglesias fortalecer su estructura administrativa, ordenar sus procesos internos y tomar decisiones responsables de manera intencional y planificada.<\/p>\n\n\n\n<p class=\"has-black-color has-text-color has-link-color has-medium-font-size wp-elements-45232ef43458cef9e68449c8079d993c\">Este enfoque no busca imponer modelos externos, sino apoyar a cada instituci\u00f3n a crecer con orden, coherencia y fidelidad a su identidad y misi\u00f3n.<\/p>\n\n\n\n<hr class=\"wp-block-separator alignfull has-text-color has-alpha-channel-opacity has-background\" style=\"background-color:#6d1a36;color:#6d1a36\"\/>\n\n\n\n<h2 class=\"wp-block-heading has-text-color has-link-color wp-elements-aac050cba090d2b4027b783535ad419d\" id=\"que-entendemos-por-desarrollo-organizacional\" style=\"color:#6d1a36;font-size:clamp(17.905px, 1.119rem + ((1vw - 3.2px) * 0.789), 28px);\">La gesti\u00f3n administrativa como complemento del servicio contable<\/h2>\n\n\n\n<div class=\"wp-block-media-text is-stacked-on-mobile\"><figure class=\"wp-block-media-text__media\"><img loading=\"lazy\" decoding=\"async\" width=\"1024\" height=\"684\" src=\"https:\/\/kainosconsultoria.com\/wp-content\/uploads\/2026\/02\/Captura-de-pantalla-2026-01-24-a-las-12.27.33-a.m-1024x684.png\" alt=\"\" class=\"wp-image-3460 size-full\" srcset=\"https:\/\/kainosconsultoria.com\/wp-content\/uploads\/2026\/02\/Captura-de-pantalla-2026-01-24-a-las-12.27.33-a.m-1024x684.png 1024w, https:\/\/kainosconsultoria.com\/wp-content\/uploads\/2026\/02\/Captura-de-pantalla-2026-01-24-a-las-12.27.33-a.m-300x200.png 300w, https:\/\/kainosconsultoria.com\/wp-content\/uploads\/2026\/02\/Captura-de-pantalla-2026-01-24-a-las-12.27.33-a.m-768x513.png 768w, https:\/\/kainosconsultoria.com\/wp-content\/uploads\/2026\/02\/Captura-de-pantalla-2026-01-24-a-las-12.27.33-a.m-18x12.png 18w, https:\/\/kainosconsultoria.com\/wp-content\/uploads\/2026\/02\/Captura-de-pantalla-2026-01-24-a-las-12.27.33-a.m.png 1360w\" sizes=\"auto, (max-width: 1024px) 100vw, 1024px\" \/><\/figure><div class=\"wp-block-media-text__content\">\n<p class=\"has-black-color has-text-color has-link-color wp-elements-14960110a03fe82d779017aace5c38c9\" style=\"font-size:clamp(14px, 0.875rem + ((1vw - 3.2px) * 0.469), 20px);\">En muchas iglesias, la contabilidad externa se ha convertido en un apoyo necesario para el manejo responsable de los recursos financieros. Sin embargo, la experiencia demuestra que el orden financiero, por s\u00ed solo, no resuelve los desaf\u00edos relacionados con la organizaci\u00f3n administrativa, la estructura institucional, la definici\u00f3n de roles, la gesti\u00f3n de personas y la evaluaci\u00f3n de procesos internos.<\/p>\n<\/div><\/div>\n\n\n\n<p class=\"has-black-color has-text-color has-link-color has-medium-font-size wp-elements-28ea20c54f1f89194590ab105e2269c0\">El acompa\u00f1amiento organizacional que ofrece KAINOS atiende precisamente este \u00e1mbito, fortaleciendo la gesti\u00f3n administrativa que sostiene, ordena y da coherencia al desarrollo ministerial, sin interferir en las funciones contables ni en las decisiones espirituales del liderazgo pastoral.<\/p>\n\n\n\n<hr class=\"wp-block-separator alignfull has-text-color has-alpha-channel-opacity has-background\" style=\"background-color:#6d1a36;color:#6d1a36\"\/>\n\n\n\n<div style=\"height:49px\" aria-hidden=\"true\" class=\"wp-block-spacer\"><\/div>\n\n\n\n<figure class=\"wp-block-image aligncenter size-medium is-resized\"><img loading=\"lazy\" decoding=\"async\" width=\"300\" height=\"124\" src=\"https:\/\/kainosconsultoria.com\/wp-content\/uploads\/2026\/01\/Captura-de-pantalla-2026-01-24-a-las-8.55.15-p.m-300x124.png\" alt=\"\" class=\"wp-image-3290\" style=\"width:600px\" srcset=\"https:\/\/kainosconsultoria.com\/wp-content\/uploads\/2026\/01\/Captura-de-pantalla-2026-01-24-a-las-8.55.15-p.m-300x124.png 300w, https:\/\/kainosconsultoria.com\/wp-content\/uploads\/2026\/01\/Captura-de-pantalla-2026-01-24-a-las-8.55.15-p.m-1024x424.png 1024w, https:\/\/kainosconsultoria.com\/wp-content\/uploads\/2026\/01\/Captura-de-pantalla-2026-01-24-a-las-8.55.15-p.m-768x318.png 768w, https:\/\/kainosconsultoria.com\/wp-content\/uploads\/2026\/01\/Captura-de-pantalla-2026-01-24-a-las-8.55.15-p.m-1536x637.png 1536w, https:\/\/kainosconsultoria.com\/wp-content\/uploads\/2026\/01\/Captura-de-pantalla-2026-01-24-a-las-8.55.15-p.m-18x7.png 18w, https:\/\/kainosconsultoria.com\/wp-content\/uploads\/2026\/01\/Captura-de-pantalla-2026-01-24-a-las-8.55.15-p.m.png 1568w\" sizes=\"auto, (max-width: 300px) 100vw, 300px\" \/><\/figure>\n\n\n\n<p><\/p>","protected":false},"excerpt":{"rendered":"<p>SERVICIOS DE DESARROLLO ORGANIZACIONAL Acompa\u00f1amos a iglesias y organizaciones ministeriales en el fortalecimiento de su estructura administrativa, procesos internos y toma de decisiones, mediante un enfoque integral de Desarrollo Organizacional [&hellip;]<\/p>","protected":false},"author":1,"featured_media":0,"parent":0,"menu_order":0,"comment_status":"closed","ping_status":"closed","template":"","meta":{"_gspb_post_css":"","_EventAllDay":false,"_EventTimezone":"","_EventStartDate":"","_EventEndDate":"","_EventStartDateUTC":"","_EventEndDateUTC":"","_EventShowMap":false,"_EventShowMapLink":false,"_EventURL":"","_EventCost":"","_EventCostDescription":"","_EventCurrencySymbol":"","_EventCurrencyCode":"","_EventCurrencyPosition":"","_EventDateTimeSeparator":"","_EventTimeRangeSeparator":"","_EventOrganizerID":[],"_EventVenueID":[],"_OrganizerEmail":"","_OrganizerPhone":"","_OrganizerWebsite":"","_VenueAddress":"","_VenueCity":"","_VenueCountry":"","_VenueProvince":"","_VenueState":"","_VenueZip":"","_VenuePhone":"","_VenueURL":"","_VenueStateProvince":"","_VenueLat":"","_VenueLng":"","_VenueShowMap":false,"_VenueShowMapLink":false,"footnotes":""},"class_list":["post-1028","page","type-page","status-publish","hentry"],"blocksy_meta":[],"_links":{"self":[{"href":"https:\/\/kainosconsultoria.com\/en\/wp-json\/wp\/v2\/pages\/1028","targetHints":{"allow":["GET"]}}],"collection":[{"href":"https:\/\/kainosconsultoria.com\/en\/wp-json\/wp\/v2\/pages"}],"about":[{"href":"https:\/\/kainosconsultoria.com\/en\/wp-json\/wp\/v2\/types\/page"}],"author":[{"embeddable":true,"href":"https:\/\/kainosconsultoria.com\/en\/wp-json\/wp\/v2\/users\/1"}],"replies":[{"embeddable":true,"href":"https:\/\/kainosconsultoria.com\/en\/wp-json\/wp\/v2\/comments?post=1028"}],"version-history":[{"count":32,"href":"https:\/\/kainosconsultoria.com\/en\/wp-json\/wp\/v2\/pages\/1028\/revisions"}],"predecessor-version":[{"id":3462,"href":"https:\/\/kainosconsultoria.com\/en\/wp-json\/wp\/v2\/pages\/1028\/revisions\/3462"}],"wp:attachment":[{"href":"https:\/\/kainosconsultoria.com\/en\/wp-json\/wp\/v2\/media?parent=1028"}],"curies":[{"name":"wp","href":"https:\/\/api.w.org\/{rel}","templated":true}]}}