{"id":1045,"date":"2025-12-16T05:03:25","date_gmt":"2025-12-16T05:03:25","guid":{"rendered":"https:\/\/kainosconsultoria.com\/?page_id=1045"},"modified":"2026-01-25T07:38:51","modified_gmt":"2026-01-25T07:38:51","slug":"diagnostico-institucional-incluye-foda","status":"publish","type":"page","link":"https:\/\/kainosconsultoria.com\/en\/diagnostico-institucional-incluye-foda\/","title":{"rendered":"Diagn\u00f3stico institucional"},"content":{"rendered":"<h2 class=\"wp-block-heading has-text-align-center has-text-color has-link-color has-large-font-size wp-elements-127dad52a832641386622aa0fc2cbbc1\" id=\"diagnostico-institucional\" style=\"color:#6d1a36;margin-top:-30px;margin-bottom:10px\">DIAGN\u00d3STICO INSTITUCIONAL<\/h2>\n\n\n\n<div class=\"wp-block-media-text is-stacked-on-mobile\"><figure class=\"wp-block-media-text__media\"><img loading=\"lazy\" decoding=\"async\" width=\"592\" height=\"398\" src=\"https:\/\/kainosconsultoria.com\/wp-content\/uploads\/2025\/12\/Captura-de-pantalla-2025-12-16-a-las-12.29.26-a.m.png\" alt=\"\" class=\"wp-image-1065 size-full\" srcset=\"https:\/\/kainosconsultoria.com\/wp-content\/uploads\/2025\/12\/Captura-de-pantalla-2025-12-16-a-las-12.29.26-a.m.png 592w, https:\/\/kainosconsultoria.com\/wp-content\/uploads\/2025\/12\/Captura-de-pantalla-2025-12-16-a-las-12.29.26-a.m-300x202.png 300w, https:\/\/kainosconsultoria.com\/wp-content\/uploads\/2025\/12\/Captura-de-pantalla-2025-12-16-a-las-12.29.26-a.m-18x12.png 18w\" sizes=\"auto, (max-width: 592px) 100vw, 592px\" \/><\/figure><div class=\"wp-block-media-text__content\">\n<p class=\"has-black-color has-text-color has-link-color has-medium-font-size wp-elements-c4c9b016168c512c2eac0c8f09d03418\">El Diagn\u00f3stico Institucional constituye el punto de partida de todo proceso de Desarrollo Organizacional. Su prop\u00f3sito es ofrecer al liderazgo una comprensi\u00f3n clara, objetiva y sustentada del estado actual de la iglesia, considerando su realidad interna, su contexto externo y los factores que inciden en su funcionamiento ministerial y administrativo.<\/p>\n\n\n\n<p class=\"has-black-color has-text-color has-link-color has-medium-font-size wp-elements-11dd9ee12ebdd9a318fe175cfd9aa3b3\">Este diagn\u00f3stico permite identificar fortalezas, \u00e1reas de mejora, oportunidades del entorno y riesgos potenciales, sirviendo como base s\u00f3lida para la toma de decisiones responsables y para el dise\u00f1o de estrategias alineadas con la misi\u00f3n y visi\u00f3n de la iglesia.<\/p>\n<\/div><\/div>\n\n\n\n<h3 class=\"wp-block-heading has-text-color has-link-color wp-elements-f3414a6c57c009d2cfa90b05d5a7ca85\" id=\"1-evaluacion-interna\" style=\"color:#6d1a36;margin-top:-5px;font-size:clamp(18.959px, 1.185rem + ((1vw - 3.2px) * 0.863), 30px);\"><strong>1. Evaluaci\u00f3n interna<\/strong><\/h3>\n\n\n\n<p class=\"has-black-color has-text-color has-link-color wp-elements-6258a130c0a5d16c4329eb1f4203f825\" style=\"margin-top:-20px;font-size:clamp(14px, 0.875rem + ((1vw - 3.2px) * 0.469), 20px);\">La evaluaci\u00f3n interna analiza la cultura organizacional, el liderazgo, la din\u00e1mica ministerial y los procesos administrativos, mediante instrumentos dise\u00f1ados para el contexto eclesial y entrevistas con l\u00edderes clave.<\/p>\n\n\n\n<h3 class=\"wp-block-heading has-text-color has-link-color wp-elements-291dd31ee8edb2f04511caacd9822d61\" id=\"2-evaluacion-externa\" style=\"color:#6d1a36;margin-top:27px;font-size:clamp(18.959px, 1.185rem + ((1vw - 3.2px) * 0.863), 30px);\"><strong>2. Evaluaci\u00f3n externa<\/strong><\/h3>\n\n\n\n<p class=\"has-black-color has-text-color has-link-color wp-elements-8d529b6358fd0bce99acb8164e4db9b7\" style=\"margin-top:-25px;margin-bottom:-15px;font-size:clamp(14px, 0.875rem + ((1vw - 3.2px) * 0.469), 20px);\">La evaluaci\u00f3n externa examina el entorno donde la iglesia desarrolla su ministerio, considerando factores demogr\u00e1ficos, sociales, culturales y religiosos. Este an\u00e1lisis permite comprender el contexto real de la comunidad a la que sirve la iglesia y anticipar desaf\u00edos y oportunidades que influyen directamente en su misi\u00f3n y proyecci\u00f3n.<\/p>\n\n\n\n<h3 class=\"wp-block-heading has-text-color has-link-color wp-elements-01e5f7d26b72b432e6fe9086c843088a\" id=\"3-integracion-analitica\" style=\"color:#6d1a36;margin-top:40px;font-size:clamp(18.959px, 1.185rem + ((1vw - 3.2px) * 0.863), 30px);\"><strong>3. Integraci\u00f3n anal\u00edtica<\/strong><\/h3>\n\n\n\n<p class=\"has-black-color has-text-color has-link-color wp-elements-6f8753cd2a00c59481eb8f675eb816b4\" style=\"margin-top:-25px;font-size:clamp(14px, 0.875rem + ((1vw - 3.2px) * 0.469), 20px);\">La informaci\u00f3n obtenida en las evaluaciones interna y externa se integra de manera sistem\u00e1tica mediante herramientas de an\u00e1lisis estrat\u00e9gico que permiten identificar fortalezas institucionales, \u00e1reas de vulnerabilidad, oportunidades del entorno y riesgos potenciales. Esta integraci\u00f3n ofrece una lectura clara y equilibrada de la realidad institucional y sirve como base objetiva para la toma de decisiones responsables y bien fundamentadas.<\/p>\n\n\n\n<h3 class=\"wp-block-heading has-text-color has-link-color wp-elements-ae39578ed3332a11e438413a283b93af\" id=\"4-proposito-del-diagnostico\" style=\"color:#6d1a36;margin-top:27px;font-size:clamp(18.959px, 1.185rem + ((1vw - 3.2px) * 0.863), 30px);\"><strong>4. Prop\u00f3sito del diagn\u00f3stico<\/strong><\/h3>\n\n\n\n<p class=\"has-black-color has-text-color has-link-color wp-elements-9c3776c65bbe3133ff84e99dd2bc1646\" style=\"margin-top:-25px;font-size:clamp(14px, 0.875rem + ((1vw - 3.2px) * 0.469), 20px);\">El prop\u00f3sito del Diagn\u00f3stico Institucional es aportar claridad al liderazgo pastoral y administrativo, orientar decisiones estrat\u00e9gicas y fortalecer la fidelidad de la iglesia a su misi\u00f3n. Este ejercicio promueve orden, coherencia y responsabilidad en la gesti\u00f3n, evitando decisiones reactivas o basadas \u00fanicamente en percepciones.<\/p>\n\n\n\n<h3 class=\"wp-block-heading has-text-color has-link-color wp-elements-4018471ddeb4099855387802d654347c\" id=\"5-que-recibe-la-iglesia\" style=\"color:#6d1a36;margin-top:27px;font-size:clamp(18.959px, 1.185rem + ((1vw - 3.2px) * 0.863), 30px);\"><strong>5. \u00bfQu\u00e9 recibe la iglesia?<\/strong><\/h3>\n\n\n\n<p class=\"has-black-color has-text-color has-link-color wp-elements-53058bc5343ece9f9399c3d9800df9ac\" style=\"margin-top:-13px;font-size:clamp(14px, 0.875rem + ((1vw - 3.2px) * 0.469), 20px);\">Como resultado del proceso, la iglesia recibe un informe integral que presenta el an\u00e1lisis del estado actual de la instituci\u00f3n, hallazgos relevantes y recomendaciones iniciales. Este documento constituye una base s\u00f3lida para la planificaci\u00f3n estrat\u00e9gica y para avanzar de manera ordenada hacia las siguientes etapas del proceso de Desarrollo Organizacional, incluyendo insumos claros para el an\u00e1lisis estrat\u00e9gico y la definici\u00f3n de prioridades institucionales.<br><\/p>\n\n\n\n<p><\/p>","protected":false},"excerpt":{"rendered":"<p>DIAGN\u00d3STICO INSTITUCIONAL El Diagn\u00f3stico Institucional constituye el punto de partida de todo proceso de Desarrollo Organizacional. Su prop\u00f3sito es ofrecer al liderazgo una comprensi\u00f3n clara, objetiva y sustentada del estado [&hellip;]<\/p>","protected":false},"author":1,"featured_media":0,"parent":0,"menu_order":0,"comment_status":"closed","ping_status":"closed","template":"","meta":{"_gspb_post_css":"","_EventAllDay":false,"_EventTimezone":"","_EventStartDate":"","_EventEndDate":"","_EventStartDateUTC":"","_EventEndDateUTC":"","_EventShowMap":false,"_EventShowMapLink":false,"_EventURL":"","_EventCost":"","_EventCostDescription":"","_EventCurrencySymbol":"","_EventCurrencyCode":"","_EventCurrencyPosition":"","_EventDateTimeSeparator":"","_EventTimeRangeSeparator":"","_EventOrganizerID":[],"_EventVenueID":[],"_OrganizerEmail":"","_OrganizerPhone":"","_OrganizerWebsite":"","_VenueAddress":"","_VenueCity":"","_VenueCountry":"","_VenueProvince":"","_VenueState":"","_VenueZip":"","_VenuePhone":"","_VenueURL":"","_VenueStateProvince":"","_VenueLat":"","_VenueLng":"","_VenueShowMap":false,"_VenueShowMapLink":false,"footnotes":""},"class_list":["post-1045","page","type-page","status-publish","hentry"],"blocksy_meta":[],"_links":{"self":[{"href":"https:\/\/kainosconsultoria.com\/en\/wp-json\/wp\/v2\/pages\/1045","targetHints":{"allow":["GET"]}}],"collection":[{"href":"https:\/\/kainosconsultoria.com\/en\/wp-json\/wp\/v2\/pages"}],"about":[{"href":"https:\/\/kainosconsultoria.com\/en\/wp-json\/wp\/v2\/types\/page"}],"author":[{"embeddable":true,"href":"https:\/\/kainosconsultoria.com\/en\/wp-json\/wp\/v2\/users\/1"}],"replies":[{"embeddable":true,"href":"https:\/\/kainosconsultoria.com\/en\/wp-json\/wp\/v2\/comments?post=1045"}],"version-history":[{"count":135,"href":"https:\/\/kainosconsultoria.com\/en\/wp-json\/wp\/v2\/pages\/1045\/revisions"}],"predecessor-version":[{"id":3371,"href":"https:\/\/kainosconsultoria.com\/en\/wp-json\/wp\/v2\/pages\/1045\/revisions\/3371"}],"wp:attachment":[{"href":"https:\/\/kainosconsultoria.com\/en\/wp-json\/wp\/v2\/media?parent=1045"}],"curies":[{"name":"wp","href":"https:\/\/api.w.org\/{rel}","templated":true}]}}