{"id":1048,"date":"2025-12-16T05:08:11","date_gmt":"2025-12-16T05:08:11","guid":{"rendered":"https:\/\/kainosconsultoria.com\/?page_id=1048"},"modified":"2026-01-25T18:50:56","modified_gmt":"2026-01-25T18:50:56","slug":"planificacion-estrategica","status":"publish","type":"page","link":"https:\/\/kainosconsultoria.com\/en\/planificacion-estrategica\/","title":{"rendered":"Planificaci\u00f3n estrat\u00e9gica"},"content":{"rendered":"<p class=\"has-text-align-center has-text-color has-link-color has-large-font-size wp-elements-a8d79faf9b486cbc51f35e5c03a5ab20\" id=\"planificacion-estrategica\" style=\"color:#6d1a36;margin-top:-50px;margin-bottom:10px\"><strong>PLANIFICACI\u00d3N ESTRAT\u00c9GICA<\/strong><\/p>\n\n\n\n<div class=\"wp-block-media-text is-stacked-on-mobile\"><figure class=\"wp-block-media-text__media\"><img loading=\"lazy\" decoding=\"async\" width=\"1024\" height=\"682\" src=\"https:\/\/kainosconsultoria.com\/wp-content\/uploads\/2025\/12\/Captura-de-pantalla-2025-12-17-a-las-12.54.22-a.m-1024x682.png\" alt=\"\" class=\"wp-image-1172 size-full\" srcset=\"https:\/\/kainosconsultoria.com\/wp-content\/uploads\/2025\/12\/Captura-de-pantalla-2025-12-17-a-las-12.54.22-a.m-1024x682.png 1024w, https:\/\/kainosconsultoria.com\/wp-content\/uploads\/2025\/12\/Captura-de-pantalla-2025-12-17-a-las-12.54.22-a.m-300x200.png 300w, https:\/\/kainosconsultoria.com\/wp-content\/uploads\/2025\/12\/Captura-de-pantalla-2025-12-17-a-las-12.54.22-a.m-768x511.png 768w, https:\/\/kainosconsultoria.com\/wp-content\/uploads\/2025\/12\/Captura-de-pantalla-2025-12-17-a-las-12.54.22-a.m-18x12.png 18w, https:\/\/kainosconsultoria.com\/wp-content\/uploads\/2025\/12\/Captura-de-pantalla-2025-12-17-a-las-12.54.22-a.m.png 1436w\" sizes=\"auto, (max-width: 1024px) 100vw, 1024px\" \/><\/figure><div class=\"wp-block-media-text__content\">\n<p class=\"has-black-color has-text-color has-link-color has-medium-font-size wp-elements-06a232631f1622d3665863280dc9eb2c\">La Planificaci\u00f3n Estrat\u00e9gica es el proceso mediante el cual la iglesia define con claridad su direcci\u00f3n, prioridades y cursos de acci\u00f3n, alineando su identidad ministerial con su realidad organizacional. En KAINOS, este servicio se desarrolla a partir de un diagn\u00f3stico previo, asegurando que toda decisi\u00f3n estrat\u00e9gica responda al contexto real de la instituci\u00f3n y a su llamado ministerial.<\/p>\n<\/div><\/div>\n\n\n\n<h3 class=\"wp-block-heading has-text-color has-link-color wp-elements-f04a1e80c24164d853c56ba70f556ebb\" id=\"1-definicion-y-revision-de-mision-vision-y-valores\" style=\"color:#6d1a36;font-size:clamp(18.959px, 1.185rem + ((1vw - 3.2px) * 0.863), 30px);\">1. Definici\u00f3n y revisi\u00f3n de misi\u00f3n, visi\u00f3n y valores<\/h3>\n\n\n\n<p class=\"has-black-color has-text-color has-link-color wp-elements-95a1867ffd7617b8cc471e79651b7c1e\" style=\"font-size:clamp(14px, 0.875rem + ((1vw - 3.2px) * 0.469), 20px);\">KAINOS acompa\u00f1a a la iglesia en la revisi\u00f3n o formulaci\u00f3n de su misi\u00f3n, visi\u00f3n y valores institucionales, asegurando que estos reflejen fielmente su identidad, creencias y prop\u00f3sito ministerial. Este trabajo promueve unidad, claridad y alineaci\u00f3n entre el liderazgo, los ministerios y la estructura organizacional.<\/p>\n\n\n\n<h3 class=\"wp-block-heading has-text-color has-link-color wp-elements-518413d6d93f3b603c9fd7bc78b7c856\" id=\"2-formulacion-de-objetivos-estrategicos\" style=\"color:#6d1a36;font-size:clamp(18.959px, 1.185rem + ((1vw - 3.2px) * 0.863), 30px);\">2. Formulaci\u00f3n de objetivos estrat\u00e9gicos<\/h3>\n\n\n\n<p class=\"has-black-color has-text-color has-link-color wp-elements-2f314b0c93cb7418a53431c8eed068ef\" style=\"font-size:clamp(14px, 0.875rem + ((1vw - 3.2px) * 0.469), 20px);\">A partir de la misi\u00f3n y visi\u00f3n definidas, se establecen objetivos estrat\u00e9gicos claros, medibles y alcanzables, que orientan las decisiones y acciones de la iglesia a corto, mediano y largo plazo. <\/p>\n\n\n\n<h3 class=\"wp-block-heading has-text-color has-link-color wp-elements-a65e7f5bda8ebd9051097736ea8e6d2f\" id=\"3-diseno-de-estrategias-institucionales\" style=\"color:#6d1a36;font-size:clamp(18.959px, 1.185rem + ((1vw - 3.2px) * 0.863), 30px);\">3. Dise\u00f1o de estrategias institucionales<\/h3>\n\n\n\n<p class=\"has-black-color has-text-color has-link-color wp-elements-de72028c2c062b43fe561a111c58148e\" style=\"font-size:clamp(14px, 0.875rem + ((1vw - 3.2px) * 0.469), 20px);\">La planificaci\u00f3n estrat\u00e9gica contempla el dise\u00f1o de estrategias institucionales alineadas con la misi\u00f3n y visi\u00f3n de la iglesia, construidas a partir de los hallazgos del diagn\u00f3stico institucional. Estas estrategias permiten definir l\u00edneas de acci\u00f3n claras, coherentes y viables, orientadas a responder de manera organizada a la realidad interna de la iglesia y a su contexto ministerial.<\/p>\n\n\n\n<h3 class=\"wp-block-heading has-text-color has-link-color wp-elements-3afdb937d39b8e195c10984e12cac77d\" id=\"4-proposito-de-la-planificacion-estrategica\" style=\"color:#6d1a36;font-size:clamp(18.959px, 1.185rem + ((1vw - 3.2px) * 0.863), 30px);\">4. Prop\u00f3sito de la planificaci\u00f3n estrat\u00e9gica<\/h3>\n\n\n\n<p class=\"has-black-color has-text-color has-link-color wp-elements-351bde04f09ce9d7c2b2592655c62053\" style=\"font-size:clamp(14px, 0.875rem + ((1vw - 3.2px) * 0.469), 20px);\">El prop\u00f3sito de la planificaci\u00f3n estrat\u00e9gica es fortalecer la capacidad del liderazgo para avanzar con direcci\u00f3n clara y discernimiento espiritual, evitando la improvisaci\u00f3n y promoviendo decisiones responsables que honren a Dios. Este proceso busca acompa\u00f1ar al liderazgo pastoral en la traducci\u00f3n del llamado recibido en acciones concretas, ordenadas y alineadas con la misi\u00f3n ministerial.<\/p>\n\n\n\n<h3 class=\"wp-block-heading has-text-color has-link-color wp-elements-2f93abbf4d24bc51488ff4bb00157781\" id=\"5-que-recibe-la-iglesia\" style=\"color:#6d1a36;font-size:clamp(18.959px, 1.185rem + ((1vw - 3.2px) * 0.863), 30px);\">5. \u00bfQu\u00e9 recibe la iglesia?<\/h3>\n\n\n\n<p class=\"has-black-color has-text-color has-link-color wp-elements-1ac7e6f8ce0a1f1958ebc72ba1288d12\" style=\"font-size:clamp(14px, 0.875rem + ((1vw - 3.2px) * 0.469), 20px);\">Como resultado del proceso, la iglesia recibe un conjunto de documentos estrat\u00e9gicos que sirven como marco orientador para la toma de decisiones pastorales y administrativas. Estos documentos incluyen:<\/p>\n\n\n\n<ul style=\"font-size:clamp(14px, 0.875rem + ((1vw - 3.2px) * 0.469), 20px);\" class=\"wp-block-list\">\n<li class=\"has-black-color has-text-color has-link-color wp-elements-192a10e0245c655bb293c73812e83846\" style=\"font-size:clamp(14px, 0.875rem + ((1vw - 3.2px) * 0.469), 20px);\">Declaraci\u00f3n de misi\u00f3n, visi\u00f3n y valores revisados o definidos.<\/li>\n\n\n\n<li class=\"has-black-color has-text-color has-link-color wp-elements-f0acb2beb972eef221524724caa98c56\" style=\"font-size:clamp(14px, 0.875rem + ((1vw - 3.2px) * 0.469), 20px);\">Objetivos estrat\u00e9gicos institucionales.<\/li>\n\n\n\n<li class=\"has-black-color has-text-color has-link-color wp-elements-08b908221ce1da1acebf9d55921e61f5\" style=\"font-size:clamp(14px, 0.875rem + ((1vw - 3.2px) * 0.469), 20px);\">Estrategias alineadas con la misi\u00f3n ministerial y la realidad organizacional.<\/li>\n\n\n\n<li class=\"has-black-color has-text-color has-link-color wp-elements-77dea863ba11fd0ac4879da286ba417a\" style=\"font-size:clamp(14px, 0.875rem + ((1vw - 3.2px) * 0.469), 20px);\">Lineamientos claros para orientar la toma de decisiones y las siguientes etapas del proceso de Desarrollo Organizacional.<\/li>\n<\/ul>\n\n\n\n<p class=\"has-black-color has-text-color has-link-color has-medium-font-size wp-elements-d129cffbff6a0b2b210b7aaab6fed971\"><\/p>\n\n\n\n<hr class=\"wp-block-separator has-alpha-channel-opacity\"\/>\n\n\n\n<p><\/p>","protected":false},"excerpt":{"rendered":"<p>PLANIFICACI\u00d3N ESTRAT\u00c9GICA La Planificaci\u00f3n Estrat\u00e9gica es el proceso mediante el cual la iglesia define con claridad su direcci\u00f3n, prioridades y cursos de acci\u00f3n, alineando su identidad ministerial con su realidad [&hellip;]<\/p>","protected":false},"author":1,"featured_media":0,"parent":0,"menu_order":0,"comment_status":"closed","ping_status":"closed","template":"","meta":{"_gspb_post_css":"","_EventAllDay":false,"_EventTimezone":"","_EventStartDate":"","_EventEndDate":"","_EventStartDateUTC":"","_EventEndDateUTC":"","_EventShowMap":false,"_EventShowMapLink":false,"_EventURL":"","_EventCost":"","_EventCostDescription":"","_EventCurrencySymbol":"","_EventCurrencyCode":"","_EventCurrencyPosition":"","_EventDateTimeSeparator":"","_EventTimeRangeSeparator":"","_EventOrganizerID":[],"_EventVenueID":[],"_OrganizerEmail":"","_OrganizerPhone":"","_OrganizerWebsite":"","_VenueAddress":"","_VenueCity":"","_VenueCountry":"","_VenueProvince":"","_VenueState":"","_VenueZip":"","_VenuePhone":"","_VenueURL":"","_VenueStateProvince":"","_VenueLat":"","_VenueLng":"","_VenueShowMap":false,"_VenueShowMapLink":false,"footnotes":""},"class_list":["post-1048","page","type-page","status-publish","hentry"],"blocksy_meta":[],"_links":{"self":[{"href":"https:\/\/kainosconsultoria.com\/en\/wp-json\/wp\/v2\/pages\/1048","targetHints":{"allow":["GET"]}}],"collection":[{"href":"https:\/\/kainosconsultoria.com\/en\/wp-json\/wp\/v2\/pages"}],"about":[{"href":"https:\/\/kainosconsultoria.com\/en\/wp-json\/wp\/v2\/types\/page"}],"author":[{"embeddable":true,"href":"https:\/\/kainosconsultoria.com\/en\/wp-json\/wp\/v2\/users\/1"}],"replies":[{"embeddable":true,"href":"https:\/\/kainosconsultoria.com\/en\/wp-json\/wp\/v2\/comments?post=1048"}],"version-history":[{"count":60,"href":"https:\/\/kainosconsultoria.com\/en\/wp-json\/wp\/v2\/pages\/1048\/revisions"}],"predecessor-version":[{"id":3411,"href":"https:\/\/kainosconsultoria.com\/en\/wp-json\/wp\/v2\/pages\/1048\/revisions\/3411"}],"wp:attachment":[{"href":"https:\/\/kainosconsultoria.com\/en\/wp-json\/wp\/v2\/media?parent=1048"}],"curies":[{"name":"wp","href":"https:\/\/api.w.org\/{rel}","templated":true}]}}