{"id":1051,"date":"2025-12-16T05:10:30","date_gmt":"2025-12-16T05:10:30","guid":{"rendered":"https:\/\/kainosconsultoria.com\/?page_id=1051"},"modified":"2026-01-25T18:51:49","modified_gmt":"2026-01-25T18:51:49","slug":"estructura-organizacional","status":"publish","type":"page","link":"https:\/\/kainosconsultoria.com\/en\/estructura-organizacional\/","title":{"rendered":"Dise\u00f1o de la estructura organizacional"},"content":{"rendered":"<h2 class=\"wp-block-heading has-text-align-center has-text-color has-link-color has-large-font-size wp-elements-2181a7113ba944280614d229fb043638\" id=\"diseno-de-la-estructura-organizacional\" style=\"color:#6d1a36;margin-top:-45px\">DISE\u00d1O DE LA ESTRUCTURA ORGANIZACIONAL<\/h2>\n\n\n\n<div class=\"wp-block-media-text is-stacked-on-mobile\"><figure class=\"wp-block-media-text__media\"><img loading=\"lazy\" decoding=\"async\" width=\"878\" height=\"584\" src=\"https:\/\/kainosconsultoria.com\/wp-content\/uploads\/2025\/12\/Captura-de-pantalla-2025-12-17-a-las-2.07.08-a.m.png\" alt=\"\" class=\"wp-image-1196 size-full\" srcset=\"https:\/\/kainosconsultoria.com\/wp-content\/uploads\/2025\/12\/Captura-de-pantalla-2025-12-17-a-las-2.07.08-a.m.png 878w, https:\/\/kainosconsultoria.com\/wp-content\/uploads\/2025\/12\/Captura-de-pantalla-2025-12-17-a-las-2.07.08-a.m-300x200.png 300w, https:\/\/kainosconsultoria.com\/wp-content\/uploads\/2025\/12\/Captura-de-pantalla-2025-12-17-a-las-2.07.08-a.m-768x511.png 768w, https:\/\/kainosconsultoria.com\/wp-content\/uploads\/2025\/12\/Captura-de-pantalla-2025-12-17-a-las-2.07.08-a.m-18x12.png 18w\" sizes=\"auto, (max-width: 878px) 100vw, 878px\" \/><\/figure><div class=\"wp-block-media-text__content\">\n<p class=\"has-black-color has-text-color has-link-color has-medium-font-size wp-elements-b76b5b727f5318f0f586f728da438c3b\">La Estructura Organizacional define c\u00f3mo la iglesia se organiza para cumplir fielmente la misi\u00f3n que Dios ha confiado a sus l\u00edderes. En KAINOS acompa\u00f1amos a la iglesia en el dise\u00f1o o revisi\u00f3n de su estructura, procurando coherencia entre el llamado ministerial, el liderazgo pastoral y la gesti\u00f3n administrativa.<\/p>\n\n\n\n<p class=\"has-black-color has-text-color has-link-color has-medium-font-size wp-elements-dd956d24c5b8cc6342e475aa713d7724\">Este servicio busca establecer una estructura clara, funcional y alineada con la realidad de la iglesia, evitando duplicidad de funciones, vac\u00edos de autoridad o sobrecarga en el liderazgo. Una estructura bien definida favorece el orden, la rendici\u00f3n de cuentas y el trabajo colaborativo entre ministerios.<\/p>\n<\/div><\/div>\n\n\n\n<h3 class=\"wp-block-heading has-text-color has-link-color wp-elements-f9078fc5e05cffe942b110bf2e13df12\" id=\"1-diseno-o-revision-del-organigrama\" style=\"color:#6d1a36;margin-bottom:5px;font-size:clamp(18.959px, 1.185rem + ((1vw - 3.2px) * 0.863), 30px);\">1. Dise\u00f1o o revisi\u00f3n del organigrama<\/h3>\n\n\n\n<p class=\"has-black-color has-text-color has-link-color wp-elements-87c2c8892d3393668dedc77df846260a\" style=\"font-size:clamp(14px, 0.875rem + ((1vw - 3.2px) * 0.469), 20px);\">Se analiza la estructura actual y se dise\u00f1a un organigrama institucional que refleje adecuadamente los niveles de liderazgo, autoridad, supervisi\u00f3n y apoyo ministerial, respetando la identidad y el tama\u00f1o de la iglesia.<\/p>\n\n\n\n<h3 class=\"wp-block-heading has-text-color has-link-color wp-elements-0f4989a73c0a4d4ca0506a12db2dde69\" id=\"2-definicion-de-roles-y-responsabilidades\" style=\"color:#6d1a36;margin-bottom:5px;font-size:clamp(18.959px, 1.185rem + ((1vw - 3.2px) * 0.863), 30px);\">2. Definici\u00f3n de roles y responsabilidades<\/h3>\n\n\n\n<p class=\"has-black-color has-text-color has-link-color wp-elements-c1aaf42458144c69d087d4f0b0fd02f3\" style=\"font-size:clamp(14px, 0.875rem + ((1vw - 3.2px) * 0.469), 20px);\">Se clarifican los roles ministeriales y administrativos, estableciendo responsabilidades, l\u00edneas de reporte y relaciones funcionales entre \u00e1reas, lo que facilita la toma de decisiones y el funcionamiento diario de la iglesia.<\/p>\n\n\n\n<h3 class=\"wp-block-heading has-text-color has-link-color wp-elements-0167dc27d6792f1e9e31cd93cb6a7f8a\" id=\"3-alineacion-con-la-mision-y-vision\" style=\"color:#6d1a36;margin-bottom:5px;font-size:clamp(18.959px, 1.185rem + ((1vw - 3.2px) * 0.863), 30px);\">3. Alineaci\u00f3n con la misi\u00f3n y visi\u00f3n<\/h3>\n\n\n\n<p class=\"has-black-color has-text-color has-link-color wp-elements-36960dc4a390e016fc5eb2a86cad1fb0\" style=\"font-size:clamp(14px, 0.875rem + ((1vw - 3.2px) * 0.469), 20px);\">La estructura organizacional se define de manera que cada \u00e1rea, ministerio y nivel de liderazgo tenga una funci\u00f3n clara dentro del funcionamiento institucional, facilitando la coordinaci\u00f3n, la supervisi\u00f3n y la toma de decisiones. Esta alineaci\u00f3n operativa permite que la iglesia funcione con mayor orden, coherencia y efectividad en su gesti\u00f3n ministerial y administrativa.<\/p>\n\n\n\n<h3 class=\"wp-block-heading has-text-color has-link-color wp-elements-90e4cb450474d6959315fd0d3a0e64b8\" id=\"4-proposito-de-la-estructura-organizacional\" style=\"color:#6d1a36;margin-bottom:5px;font-size:clamp(18.959px, 1.185rem + ((1vw - 3.2px) * 0.863), 30px);\">4. Prop\u00f3sito de la estructura organizacional<\/h3>\n\n\n\n<p class=\"has-black-color has-text-color has-link-color wp-elements-6c9f7705e0b2b123ac1503eeb61cfa85\" style=\"font-size:clamp(14px, 0.875rem + ((1vw - 3.2px) * 0.469), 20px);\">El prop\u00f3sito de este servicio es fortalecer la capacidad de la iglesia para operar con orden, claridad y fidelidad, mediante una estructura organizacional que facilite la buena administraci\u00f3n de los recursos, dones y personas confiadas al liderazgo. Una estructura bien definida contribuye a la rendici\u00f3n de cuentas, la coordinaci\u00f3n ministerial y la sostenibilidad del trabajo pastoral.<\/p>\n\n\n\n<h3 class=\"wp-block-heading has-text-color has-link-color wp-elements-e39ad24bfc7b25cf9b009181a742a0e6\" id=\"5-que-recibe-la-iglesia\" style=\"color:#6d1a36;margin-bottom:5px;font-size:clamp(18.959px, 1.185rem + ((1vw - 3.2px) * 0.863), 30px);\">5. \u00bfQu\u00e9 recibe la iglesia?<\/h3>\n\n\n\n<p class=\"has-black-color has-text-color has-link-color wp-elements-cd6558c15e108e1584aac5dfaf548d6c\" style=\"margin-bottom:1px;font-size:clamp(14px, 0.875rem + ((1vw - 3.2px) * 0.469), 20px);\">Como resultado del proceso, la iglesia recibe un conjunto de documentos organizacionales que incluyen:<\/p>\n\n\n\n<ul class=\"wp-block-list\">\n<li class=\"has-black-color has-text-color has-link-color wp-elements-7da1d2260926b4f72cee452cd2aa0351\" style=\"font-size:clamp(14px, 0.875rem + ((1vw - 3.2px) * 0.469), 20px);\">Organigrama institucional definido o actualizado.<\/li>\n\n\n\n<li class=\"has-black-color has-text-color has-link-color wp-elements-2882b22150bb1329d6817f290edf702b\" style=\"font-size:clamp(14px, 0.875rem + ((1vw - 3.2px) * 0.469), 20px);\">Descripci\u00f3n clara de \u00e1reas, cargos y niveles de responsabilidad.<\/li>\n\n\n\n<li class=\"has-black-color has-text-color has-link-color wp-elements-ff8e39974e023b082f0917477cd63ca4\" style=\"font-size:clamp(14px, 0.875rem + ((1vw - 3.2px) * 0.469), 20px);\">Lineamientos estructurales que facilitan la coordinaci\u00f3n ministerial y administrativa.<\/li>\n\n\n\n<li class=\"has-black-color has-text-color has-link-color wp-elements-b21097d7973f37a24e4c3a5275ea6879\" style=\"font-size:clamp(14px, 0.875rem + ((1vw - 3.2px) * 0.469), 20px);\">Base organizativa para el desarrollo de funciones, procesos y evaluaci\u00f3n posterior.<\/li>\n<\/ul>\n\n\n\n<p class=\"has-black-color has-text-color has-link-color wp-elements-4b5e8c95404945a5257c03b058c34fca\" style=\"font-size:clamp(14px, 0.875rem + ((1vw - 3.2px) * 0.469), 20px);\">Estos documentos respaldan el funcionamiento ordenado de la iglesia y facilitan la implementaci\u00f3n coherente de las decisiones del liderazgo.<\/p>\n\n\n\n<p><\/p>","protected":false},"excerpt":{"rendered":"<p>DISE\u00d1O DE LA ESTRUCTURA ORGANIZACIONAL La Estructura Organizacional define c\u00f3mo la iglesia se organiza para cumplir fielmente la misi\u00f3n que Dios ha confiado a sus l\u00edderes. En KAINOS acompa\u00f1amos a [&hellip;]<\/p>","protected":false},"author":1,"featured_media":0,"parent":0,"menu_order":0,"comment_status":"closed","ping_status":"closed","template":"","meta":{"_gspb_post_css":"","_EventAllDay":false,"_EventTimezone":"","_EventStartDate":"","_EventEndDate":"","_EventStartDateUTC":"","_EventEndDateUTC":"","_EventShowMap":false,"_EventShowMapLink":false,"_EventURL":"","_EventCost":"","_EventCostDescription":"","_EventCurrencySymbol":"","_EventCurrencyCode":"","_EventCurrencyPosition":"","_EventDateTimeSeparator":"","_EventTimeRangeSeparator":"","_EventOrganizerID":[],"_EventVenueID":[],"_OrganizerEmail":"","_OrganizerPhone":"","_OrganizerWebsite":"","_VenueAddress":"","_VenueCity":"","_VenueCountry":"","_VenueProvince":"","_VenueState":"","_VenueZip":"","_VenuePhone":"","_VenueURL":"","_VenueStateProvince":"","_VenueLat":"","_VenueLng":"","_VenueShowMap":false,"_VenueShowMapLink":false,"footnotes":""},"class_list":["post-1051","page","type-page","status-publish","hentry"],"blocksy_meta":[],"_links":{"self":[{"href":"https:\/\/kainosconsultoria.com\/en\/wp-json\/wp\/v2\/pages\/1051","targetHints":{"allow":["GET"]}}],"collection":[{"href":"https:\/\/kainosconsultoria.com\/en\/wp-json\/wp\/v2\/pages"}],"about":[{"href":"https:\/\/kainosconsultoria.com\/en\/wp-json\/wp\/v2\/types\/page"}],"author":[{"embeddable":true,"href":"https:\/\/kainosconsultoria.com\/en\/wp-json\/wp\/v2\/users\/1"}],"replies":[{"embeddable":true,"href":"https:\/\/kainosconsultoria.com\/en\/wp-json\/wp\/v2\/comments?post=1051"}],"version-history":[{"count":64,"href":"https:\/\/kainosconsultoria.com\/en\/wp-json\/wp\/v2\/pages\/1051\/revisions"}],"predecessor-version":[{"id":3404,"href":"https:\/\/kainosconsultoria.com\/en\/wp-json\/wp\/v2\/pages\/1051\/revisions\/3404"}],"wp:attachment":[{"href":"https:\/\/kainosconsultoria.com\/en\/wp-json\/wp\/v2\/media?parent=1051"}],"curies":[{"name":"wp","href":"https:\/\/api.w.org\/{rel}","templated":true}]}}