{"id":1054,"date":"2025-12-16T05:11:47","date_gmt":"2025-12-16T05:11:47","guid":{"rendered":"https:\/\/kainosconsultoria.com\/?page_id=1054"},"modified":"2026-01-25T18:45:15","modified_gmt":"2026-01-25T18:45:15","slug":"control-y-evaluacion","status":"publish","type":"page","link":"https:\/\/kainosconsultoria.com\/en\/control-y-evaluacion\/","title":{"rendered":"Control y evaluaci\u00f3n organizacional"},"content":{"rendered":"<h2 class=\"wp-block-heading has-text-align-center has-text-color has-link-color wp-elements-182ca41e3a8564a898d1419e811341f4\" id=\"control-y-evaluacion-organizacional\" style=\"color:#6d1a36;font-size:clamp(18.959px, 1.185rem + ((1vw - 3.2px) * 0.863), 30px);\">CONTROL Y EVALUACI\u00d3N ORGANIZACIONAL<\/h2>\n\n\n\n<div class=\"wp-block-columns is-layout-flex wp-container-core-columns-is-layout-28f84493 wp-block-columns-is-layout-flex\">\n<div class=\"wp-block-column is-layout-flow wp-block-column-is-layout-flow\">\n<figure class=\"wp-block-image size-large\"><img loading=\"lazy\" decoding=\"async\" width=\"1024\" height=\"687\" src=\"https:\/\/kainosconsultoria.com\/wp-content\/uploads\/2025\/12\/Captura-de-pantalla-2025-12-18-a-las-3.13.15-p.m-1024x687.png\" alt=\"\" class=\"wp-image-1386\" srcset=\"https:\/\/kainosconsultoria.com\/wp-content\/uploads\/2025\/12\/Captura-de-pantalla-2025-12-18-a-las-3.13.15-p.m-1024x687.png 1024w, https:\/\/kainosconsultoria.com\/wp-content\/uploads\/2025\/12\/Captura-de-pantalla-2025-12-18-a-las-3.13.15-p.m-300x201.png 300w, https:\/\/kainosconsultoria.com\/wp-content\/uploads\/2025\/12\/Captura-de-pantalla-2025-12-18-a-las-3.13.15-p.m-768x515.png 768w, https:\/\/kainosconsultoria.com\/wp-content\/uploads\/2025\/12\/Captura-de-pantalla-2025-12-18-a-las-3.13.15-p.m-18x12.png 18w, https:\/\/kainosconsultoria.com\/wp-content\/uploads\/2025\/12\/Captura-de-pantalla-2025-12-18-a-las-3.13.15-p.m.png 1044w\" sizes=\"auto, (max-width: 1024px) 100vw, 1024px\" \/><\/figure>\n\n\n\n<p class=\"has-text-align-center has-text-color has-link-color wp-elements-0dac8975110df287c7fcee9d31e85286\" style=\"color:#6d1a36;font-size:clamp(14px, 0.875rem + ((1vw - 3.2px) * 0.469), 20px);\">Este acompa\u00f1amiento se fundamenta en una comprensi\u00f3n b\u00edblica del orden, la&nbsp;responsabilidad y la excelencia, reconociendo que desde la creaci\u00f3n Dios mismo evalu\u00f3 Su obra y confirm\u00f3 que cumpl\u00eda el prop\u00f3sito para el cual hab\u00eda sido establecida [Gn 1].<\/p>\n<\/div>\n\n\n\n<div class=\"wp-block-column is-layout-flow wp-block-column-is-layout-flow\">\n<p class=\"has-black-color has-text-color has-link-color wp-elements-6194e457861b8f25b69a54b52ad2c958\" style=\"font-size:clamp(14px, 0.875rem + ((1vw - 3.2px) * 0.469), 20px);\">El Control y Evaluac<strong>i<\/strong>\u00f3n en el contexto eclesial no se concibe como un mecanismo de fiscalizaci\u00f3n, sino como un proceso de acompa\u00f1amiento que permite verificar el avance de los acuerdos establecidos, fortalecer la toma de decisiones y promover la mejora continua, respetando la misi\u00f3n, la visi\u00f3n y la naturaleza ministerial de cada iglesia.<\/p>\n\n\n\n<p class=\"has-black-color has-text-color has-link-color wp-elements-784da784dbbc58d72d6c317fd822c190\" style=\"font-size:clamp(14px, 0.875rem + ((1vw - 3.2px) * 0.469), 20px);\">A diferencia del Diagn\u00f3stico Institucional, que se realiza como una evaluaci\u00f3n inicial del estado de la iglesia, el servicio de Control y Evaluaci\u00f3n se desarrolla como un proceso de seguimiento posterior, orientado a acompa\u00f1ar la implementaci\u00f3n y ajuste de los acuerdos previamente establecidos.<\/p>\n\n\n\n<p class=\"has-black-color has-text-color has-link-color wp-elements-28eb10ebe5aaf746a7604596af16f943\" style=\"font-size:clamp(14px, 0.875rem + ((1vw - 3.2px) * 0.469), 20px);\">En KAINOS entendemos el control como una herramienta de apoyo al liderazgo pastoral, orientada a revisar de manera peri\u00f3dica la coherencia entre los objetivos definidos, las acciones implementadas y los resultados alcanzados, sin perder de vista el factor humano y espiritual del servicio.<\/p>\n<\/div>\n<\/div>\n\n\n\n<hr class=\"wp-block-separator has-text-color has-alpha-channel-opacity has-background is-style-wide\" style=\"background-color:#6d1a36;color:#6d1a36\"\/>\n\n\n\n<h3 class=\"wp-block-heading has-text-align-center has-text-color has-link-color wp-elements-1612ac5e0591325275baf6d0a6e3f9f5\" id=\"que-puede-incluir-este-acompanamiento\" style=\"color:#6d1a36;font-size:clamp(18.959px, 1.185rem + ((1vw - 3.2px) * 0.863), 30px);\">\u00bfQu\u00e9 puede incluir este acompa\u00f1amiento?<\/h3>\n\n\n\n<figure class=\"wp-block-image aligncenter size-large is-resized has-custom-border\"><img loading=\"lazy\" decoding=\"async\" width=\"1024\" height=\"667\" src=\"https:\/\/kainosconsultoria.com\/wp-content\/uploads\/2025\/12\/Captura-de-pantalla-2025-12-18-a-las-10.44.23-a.m-1024x667.png\" alt=\"\" class=\"wp-image-1357\" style=\"border-top-left-radius:0px;border-top-right-radius:0px;border-bottom-left-radius:0px;border-bottom-right-radius:0px;width:600px\" srcset=\"https:\/\/kainosconsultoria.com\/wp-content\/uploads\/2025\/12\/Captura-de-pantalla-2025-12-18-a-las-10.44.23-a.m-1024x667.png 1024w, https:\/\/kainosconsultoria.com\/wp-content\/uploads\/2025\/12\/Captura-de-pantalla-2025-12-18-a-las-10.44.23-a.m-300x195.png 300w, https:\/\/kainosconsultoria.com\/wp-content\/uploads\/2025\/12\/Captura-de-pantalla-2025-12-18-a-las-10.44.23-a.m-768x500.png 768w, https:\/\/kainosconsultoria.com\/wp-content\/uploads\/2025\/12\/Captura-de-pantalla-2025-12-18-a-las-10.44.23-a.m-18x12.png 18w, https:\/\/kainosconsultoria.com\/wp-content\/uploads\/2025\/12\/Captura-de-pantalla-2025-12-18-a-las-10.44.23-a.m.png 1290w\" sizes=\"auto, (max-width: 1024px) 100vw, 1024px\" \/><\/figure>\n\n\n\n<ul class=\"wp-block-list\">\n<li class=\"has-palette-color-4-color has-text-color has-link-color wp-elements-f57c693ab90ffb7f7bfc3f82d33c930f\" style=\"font-size:clamp(14px, 0.875rem + ((1vw - 3.2px) * 0.469), 20px);\">Definici\u00f3n de indicadores b\u00e1sicos de seguimiento, acordes a la realidad de la iglesia.<\/li>\n\n\n\n<li class=\"has-palette-color-4-color has-text-color has-link-color wp-elements-b569d95635f2cacb72dfbffd821f31c3\" style=\"font-size:clamp(14px, 0.875rem + ((1vw - 3.2px) * 0.469), 20px);\">Evaluaci\u00f3n peri\u00f3dica de planes, procesos y estructuras organizacionales.<\/li>\n\n\n\n<li class=\"has-black-color has-text-color has-link-color wp-elements-b745957c87e9d27f3e6209e9ef6bc653\" style=\"font-size:clamp(14px, 0.875rem + ((1vw - 3.2px) * 0.469), 20px);\">Revisi\u00f3n del cumplimiento de funciones y responsabilidades previamente establecidas, no es una nuevaevaluaci\u00f3n inicial, sino seguimiento.<\/li>\n\n\n\n<li class=\"has-palette-color-4-color has-text-color has-link-color wp-elements-b5db54d028093033161b8431a40c9796\" style=\"font-size:clamp(14px, 0.875rem + ((1vw - 3.2px) * 0.469), 20px);\">Identificaci\u00f3n de \u00e1reas de mejora y oportunidades de ajuste organizacional.<\/li>\n\n\n\n<li class=\"has-palette-color-4-color has-text-color has-link-color wp-elements-cea92dcc71a12f6afe011b6901f6d307\" style=\"font-size:clamp(14px, 0.875rem + ((1vw - 3.2px) * 0.469), 20px);\">Apoyo en la elaboraci\u00f3n de informes sencillos para la toma de decisiones del liderazgo.<\/li>\n<\/ul>\n\n\n\n<h3 class=\"wp-block-heading has-text-align-left has-text-color has-link-color wp-elements-02567d93c5d22febabb6a250633acdda\" id=\"un-enfoque-pastoral-y-colaborativo\" style=\"color:#6d1a36;font-size:clamp(18.959px, 1.185rem + ((1vw - 3.2px) * 0.863), 30px);\">Un enfoque pastoral y colaborativo<\/h3>\n\n\n\n<p class=\"has-black-color has-text-color has-link-color wp-elements-dd449a9722d10c31f34e013aaf1df56f\" style=\"font-size:clamp(14px, 0.875rem + ((1vw - 3.2px) * 0.469), 20px);\">El control y la evaluaci\u00f3n se realizan de manera colaborativa, promoviendo la reflexi\u00f3n, una rendici\u00f3n de cuentas saludable y el fortalecimiento institucional.  No buscan imponer modelos externos ni sustituir la autoridad pastoral, sino acompa\u00f1ar al liderazgo en el ajuste y fortalecimiento de la gesti\u00f3n interna.<\/p>\n\n\n\n<p class=\"has-black-color has-text-color has-link-color wp-elements-f2598e8f40a2fd74cc2757e4d13fa6f7\" style=\"margin-bottom:-10px;font-size:clamp(14px, 0.875rem + ((1vw - 3.2px) * 0.469), 20px);\">KAINOS acompa\u00f1a estos procesos con sensibilidad<strong> <\/strong>pastoral, respeto por la identidad congregacional y un enfoque orientado a la mejora continua, reconociendo que las personas constituyen uno de los recursos m\u00e1s valiosos confiados por Dios a la iglesia.<\/p>\n\n\n\n<p><\/p>\n\n\n\n<h3 class=\"wp-block-heading has-text-color has-link-color wp-elements-0154fb6bb49d8ecf182111ea9577fb1f\" id=\"1-definicion-de-indicadores-basicos-de-seguimiento\" style=\"color:#6d1a36;margin-bottom:10px;font-size:clamp(18.959px, 1.185rem + ((1vw - 3.2px) * 0.863), 30px);\">1. Definici\u00f3n de indicadores b\u00e1sicos de seguimiento<\/h3>\n\n\n\n<p class=\"has-black-color has-text-color has-link-color wp-elements-a0d791678d6b4acd10628d48b32e22f0\" style=\"font-size:clamp(14px, 0.875rem + ((1vw - 3.2px) * 0.469), 20px);\">Se acompa\u00f1a a la iglesia en la identificaci\u00f3n de indicadores sencillos y pertinentes que permitan dar seguimiento al avance de los acuerdos, planes y responsabilidades asumidas, considerando la realidad y el tama\u00f1o de la congregaci\u00f3n.<\/p>\n\n\n\n<h3 class=\"wp-block-heading has-text-color has-link-color wp-elements-0a3bf31d1193bf2f92152991c26c2801\" id=\"2-evaluacion-periodica-de-planes-procesos-y-estructuras\" style=\"color:#6d1a36;font-size:clamp(18.959px, 1.185rem + ((1vw - 3.2px) * 0.863), 30px);\">2. Evaluaci\u00f3n peri\u00f3dica de planes, procesos y estructuras<\/h3>\n\n\n\n<p class=\"has-black-color has-text-color has-link-color wp-elements-a4b1acc34e00b588f404223ec20c4aac\" style=\"font-size:clamp(14px, 0.875rem + ((1vw - 3.2px) * 0.469), 20px);\">Se realiza revisi\u00f3n peri\u00f3dica con fines de acompa\u00f1amiento, no fiscalizaci\u00f3n de los planes de trabajo, procesos administrativos y estructuras organizacionales, con el fin de verificar su coherencia con la misi\u00f3n, la visi\u00f3n y los objetivos ministeriales establecidos.<\/p>\n\n\n\n<h3 class=\"wp-block-heading has-text-color has-link-color wp-elements-80d3f36f55987bcc0d9b46559b932fa8\" id=\"3-revision-del-cumplimiento-de-funciones-y-responsabilidades\" style=\"color:#6d1a36;font-size:clamp(18.959px, 1.185rem + ((1vw - 3.2px) * 0.863), 30px);\">3. Revisi\u00f3n del cumplimiento de funciones y responsabilidades<\/h3>\n\n\n\n<p class=\"has-black-color has-text-color has-link-color wp-elements-a131d01e7c89116c5c9570d9801ad723\" style=\"font-size:clamp(14px, 0.875rem + ((1vw - 3.2px) * 0.313), 18px);\">Se apoya al liderazgo en la revisi\u00f3n del cumplimiento de funciones y responsabilidades previamente definidas, promoviendo claridad, rendici\u00f3n de cuentas saludable y ajustes oportunos cuando sea necesario.<\/p>\n\n\n\n<h3 class=\"wp-block-heading has-text-color has-link-color wp-elements-26c412ff4d852cdddf2179ea0b211644\" id=\"4-identificacion-de-areas-de-mejora-y-ajustes-organizacionales\" style=\"color:#6d1a36;margin-bottom:10px;font-size:clamp(18.959px, 1.185rem + ((1vw - 3.2px) * 0.863), 30px);\">4. Identificaci\u00f3n de \u00e1reas de mejora y ajustes organizacionales<\/h3>\n\n\n\n<p class=\"has-black-color has-text-color has-link-color wp-elements-2e0f639444b911376658a3f0625eb0b2\" style=\"margin-bottom:-15px;font-size:clamp(14px, 0.875rem + ((1vw - 3.2px) * 0.469), 20px);\">El prop\u00f3sito del control y la evaluaci\u00f3n es acompa\u00f1ar al liderazgo en la revisi\u00f3n sistem\u00e1tica del funcionamiento institucional, permitiendo identificar avances, \u00e1reas de mejora y ajustes necesarios, favoreciendo la mejora continua sin perder de vista el factor humano y espiritual del servicio cristiano.<\/p>\n\n\n\n<h3 class=\"wp-block-heading has-text-color has-link-color wp-elements-a6593367dec8b1bf991de42e5f7a2291\" id=\"5-que-recibe-la-iglesia\" style=\"color:#6d1a36;margin-bottom:10px;font-size:clamp(18.959px, 1.185rem + ((1vw - 3.2px) * 0.863), 30px);\">5. \u00bfQu\u00e9 recibe la iglesia?<\/h3>\n\n\n\n<p class=\"has-black-color has-text-color has-link-color wp-elements-1612487852c5b5006ff21a30dcf763b2\" style=\"margin-bottom:-1px;font-size:clamp(14px, 0.875rem + ((1vw - 3.2px) * 0.469), 20px);\">Como resultado del proceso de control y evaluaci\u00f3n, la iglesia recibe insumos claros y pr\u00e1cticos que fortalecen la toma de decisiones y el orden institucional, tales como:<\/p>\n\n\n\n<ul class=\"wp-block-list\">\n<li class=\"has-black-color has-text-color has-link-color wp-elements-5a1a392692c79d8b466a10ca50b453ce\" style=\"font-size:clamp(14px, 0.875rem + ((1vw - 3.2px) * 0.469), 20px);\">Indicadores b\u00e1sicos de seguimiento adaptados a la realidad y tama\u00f1o de la iglesia.<\/li>\n\n\n\n<li class=\"has-black-color has-text-color has-link-color wp-elements-beea0fde932dee2b560660ea551ff4f7\" style=\"font-size:clamp(14px, 0.875rem + ((1vw - 3.2px) * 0.469), 20px);\">Informes sencillos de avance sobre planes, procesos y responsabilidades.<\/li>\n\n\n\n<li class=\"has-black-color has-text-color has-link-color wp-elements-8c7a3dbd55a081ba7cc9d18cf417e5f9\" style=\"font-size:clamp(14px, 0.875rem + ((1vw - 3.2px) * 0.469), 20px);\">Identificaci\u00f3n documentada de \u00e1reas de mejora y oportunidades de ajuste.<\/li>\n\n\n\n<li class=\"has-black-color has-text-color has-link-color wp-elements-487b7f213b7c7f295856f10c6012ac37\" style=\"font-size:clamp(14px, 0.875rem + ((1vw - 3.2px) * 0.469), 20px);\">Recomendaciones pr\u00e1cticas orientadas a la mejora continua y al fortalecimiento de la gesti\u00f3n interna.<\/li>\n\n\n\n<li class=\"has-black-color has-text-color has-link-color wp-elements-7a8a38e50aa0a31caa818c377df62dc4\" style=\"font-size:clamp(14px, 0.875rem + ((1vw - 3.2px) * 0.469), 20px);\">Acompa\u00f1amiento en la lectura e interpretaci\u00f3n de resultados para el liderazgo.<\/li>\n\n\n\n<li class=\"has-black-color has-text-color has-link-color wp-elements-4471f3530ad7a0e59cea66b30003fd45\" style=\"font-size:clamp(14px, 0.875rem + ((1vw - 3.2px) * 0.469), 20px);\">Lineamientos claros para el seguimiento de planes y acuerdos ministeriales.<\/li>\n<\/ul>\n\n\n\n<p><\/p>","protected":false},"excerpt":{"rendered":"<p>CONTROL Y EVALUACI\u00d3N ORGANIZACIONAL Este acompa\u00f1amiento se fundamenta en una comprensi\u00f3n b\u00edblica del orden, la&nbsp;responsabilidad y la excelencia, reconociendo que desde la creaci\u00f3n Dios mismo evalu\u00f3 Su obra y confirm\u00f3 [&hellip;]<\/p>","protected":false},"author":1,"featured_media":0,"parent":0,"menu_order":0,"comment_status":"closed","ping_status":"closed","template":"","meta":{"_gspb_post_css":"","_EventAllDay":false,"_EventTimezone":"","_EventStartDate":"","_EventEndDate":"","_EventStartDateUTC":"","_EventEndDateUTC":"","_EventShowMap":false,"_EventShowMapLink":false,"_EventURL":"","_EventCost":"","_EventCostDescription":"","_EventCurrencySymbol":"","_EventCurrencyCode":"","_EventCurrencyPosition":"","_EventDateTimeSeparator":"","_EventTimeRangeSeparator":"","_EventOrganizerID":[],"_EventVenueID":[],"_OrganizerEmail":"","_OrganizerPhone":"","_OrganizerWebsite":"","_VenueAddress":"","_VenueCity":"","_VenueCountry":"","_VenueProvince":"","_VenueState":"","_VenueZip":"","_VenuePhone":"","_VenueURL":"","_VenueStateProvince":"","_VenueLat":"","_VenueLng":"","_VenueShowMap":false,"_VenueShowMapLink":false,"footnotes":""},"class_list":["post-1054","page","type-page","status-publish","hentry"],"blocksy_meta":[],"_links":{"self":[{"href":"https:\/\/kainosconsultoria.com\/en\/wp-json\/wp\/v2\/pages\/1054","targetHints":{"allow":["GET"]}}],"collection":[{"href":"https:\/\/kainosconsultoria.com\/en\/wp-json\/wp\/v2\/pages"}],"about":[{"href":"https:\/\/kainosconsultoria.com\/en\/wp-json\/wp\/v2\/types\/page"}],"author":[{"embeddable":true,"href":"https:\/\/kainosconsultoria.com\/en\/wp-json\/wp\/v2\/users\/1"}],"replies":[{"embeddable":true,"href":"https:\/\/kainosconsultoria.com\/en\/wp-json\/wp\/v2\/comments?post=1054"}],"version-history":[{"count":77,"href":"https:\/\/kainosconsultoria.com\/en\/wp-json\/wp\/v2\/pages\/1054\/revisions"}],"predecessor-version":[{"id":3408,"href":"https:\/\/kainosconsultoria.com\/en\/wp-json\/wp\/v2\/pages\/1054\/revisions\/3408"}],"wp:attachment":[{"href":"https:\/\/kainosconsultoria.com\/en\/wp-json\/wp\/v2\/media?parent=1054"}],"curies":[{"name":"wp","href":"https:\/\/api.w.org\/{rel}","templated":true}]}}