{"id":1057,"date":"2025-12-16T05:13:59","date_gmt":"2025-12-16T05:13:59","guid":{"rendered":"https:\/\/kainosconsultoria.com\/?page_id=1057"},"modified":"2026-01-25T07:43:51","modified_gmt":"2026-01-25T07:43:51","slug":"diseno-de-documentos-administrativos","status":"publish","type":"page","link":"https:\/\/kainosconsultoria.com\/en\/diseno-de-documentos-administrativos\/","title":{"rendered":"Dise\u00f1o de documentos administrativos"},"content":{"rendered":"<h1 class=\"wp-block-heading has-text-align-center has-text-color has-link-color has-large-font-size wp-elements-a4283edc9e937cd69170541ecf19bf5f\" id=\"diseno-de-documentos-administrativos\" style=\"color:#6d1a36;margin-bottom:52px\">DISE\u00d1O DE DOCUMENTOS ADMINISTRATIVOS<\/h1>\n\n\n\n<div class=\"wp-block-media-text is-stacked-on-mobile\"><figure class=\"wp-block-media-text__media\"><img loading=\"lazy\" decoding=\"async\" width=\"1024\" height=\"602\" src=\"https:\/\/kainosconsultoria.com\/wp-content\/uploads\/2025\/12\/Captura-de-pantalla-2025-12-18-a-las-4.18.13-p.m-1024x602.png\" alt=\"\" class=\"wp-image-1390 size-full\" srcset=\"https:\/\/kainosconsultoria.com\/wp-content\/uploads\/2025\/12\/Captura-de-pantalla-2025-12-18-a-las-4.18.13-p.m-1024x602.png 1024w, https:\/\/kainosconsultoria.com\/wp-content\/uploads\/2025\/12\/Captura-de-pantalla-2025-12-18-a-las-4.18.13-p.m-300x176.png 300w, https:\/\/kainosconsultoria.com\/wp-content\/uploads\/2025\/12\/Captura-de-pantalla-2025-12-18-a-las-4.18.13-p.m-768x451.png 768w, https:\/\/kainosconsultoria.com\/wp-content\/uploads\/2025\/12\/Captura-de-pantalla-2025-12-18-a-las-4.18.13-p.m-18x12.png 18w, https:\/\/kainosconsultoria.com\/wp-content\/uploads\/2025\/12\/Captura-de-pantalla-2025-12-18-a-las-4.18.13-p.m.png 1052w\" sizes=\"auto, (max-width: 1024px) 100vw, 1024px\" \/><\/figure><div class=\"wp-block-media-text__content\">\n<p class=\"has-black-color has-text-color has-link-color has-medium-font-size wp-elements-0440b3ae5b8f66cc1f1dca6db54d4a56\">El dise\u00f1o de documentos administrativos permite a la iglesia contar con herramientas claras, funcionales y coherentes que respalden su gesti\u00f3n interna, su liderazgo y su operaci\u00f3n cotidiana.<\/p>\n\n\n\n<p class=\"has-black-color has-text-color has-link-color has-medium-font-size wp-elements-6e77eb50e7dba8597a38fcc3bf584914\">En KAINOS acompa\u00f1amos a las iglesias en la elaboraci\u00f3n y organizaci\u00f3n de documentos administrativos que reflejen orden, responsabilidad y claridad institucional, respetando su identidad congregacional, su estructura de gobierno y su marco estatutario.<\/p>\n<\/div><\/div>\n\n\n\n<hr class=\"wp-block-separator has-alpha-channel-opacity\"\/>\n\n\n\n<h3 class=\"wp-block-heading has-text-align-left has-text-color has-link-color wp-elements-d44d7c693e276f239b3573aa03eaebf3\" id=\"por-que-la-iglesia-necesita-documentos-administrativos-claros\" style=\"color:#6d1a36;font-size:clamp(18.959px, 1.185rem + ((1vw - 3.2px) * 0.863), 30px);\">\u00bfPor qu\u00e9 la iglesia necesita documentos administrativos claros?<\/h3>\n\n\n\n<div class=\"wp-block-media-text is-stacked-on-mobile\"><figure class=\"wp-block-media-text__media\"><img loading=\"lazy\" decoding=\"async\" width=\"1024\" height=\"672\" src=\"https:\/\/kainosconsultoria.com\/wp-content\/uploads\/2025\/12\/Captura-de-pantalla-2025-12-18-a-las-5.22.09-p.m-1024x672.png\" alt=\"\" class=\"wp-image-1395 size-full\" srcset=\"https:\/\/kainosconsultoria.com\/wp-content\/uploads\/2025\/12\/Captura-de-pantalla-2025-12-18-a-las-5.22.09-p.m-1024x672.png 1024w, https:\/\/kainosconsultoria.com\/wp-content\/uploads\/2025\/12\/Captura-de-pantalla-2025-12-18-a-las-5.22.09-p.m-300x197.png 300w, https:\/\/kainosconsultoria.com\/wp-content\/uploads\/2025\/12\/Captura-de-pantalla-2025-12-18-a-las-5.22.09-p.m-768x504.png 768w, https:\/\/kainosconsultoria.com\/wp-content\/uploads\/2025\/12\/Captura-de-pantalla-2025-12-18-a-las-5.22.09-p.m-18x12.png 18w, https:\/\/kainosconsultoria.com\/wp-content\/uploads\/2025\/12\/Captura-de-pantalla-2025-12-18-a-las-5.22.09-p.m.png 1290w\" sizes=\"auto, (max-width: 1024px) 100vw, 1024px\" \/><\/figure><div class=\"wp-block-media-text__content\">\n<p class=\"has-black-color has-text-color has-link-color has-medium-font-size wp-elements-6cce38852b976a12671cc6c59b074637\">Muchas iglesias desarrollan su labor ministerial con fidelidad y compromiso, pero enfrentan dificultades administrativas debido a la ausencia de documentos formales que orienten su funcionamiento interno.<\/p>\n\n\n\n<p class=\"has-black-color has-text-color has-link-color has-medium-font-size wp-elements-21e1432ba0b9b50f02a57f7e3ea88dac\">La documentaci\u00f3n administrativa contribuye a:<\/p>\n\n\n\n<ul class=\"wp-block-list has-black-color has-text-color has-link-color has-medium-font-size wp-elements-a506872ddd0b9f9c7839534766a36d76\">\n<li>Formalizar procesos que ya existen, pero no est\u00e1n escritos.<\/li>\n\n\n\n<li>Dar cumplimiento a lo establecido en estatutos y constituci\u00f3n.<\/li>\n\n\n\n<li>Asegurar continuidad en la gesti\u00f3n y el liderazgo.<\/li>\n\n\n\n<li>Proteger a la iglesia, a sus l\u00edderes y a la congregaci\u00f3n. <\/li>\n\n\n\n<li>Facilitar la toma de decisiones con claridad y orden.<\/li>\n<\/ul>\n<\/div><\/div>\n\n\n\n<h2 class=\"wp-block-heading has-text-color has-link-color wp-elements-ed33adab7bff7f7b6c4d02a44ed16b53\" id=\"que-tipo-de-documentos-incluye-este-servicio\" style=\"color:#6d1a36;font-size:clamp(18.959px, 1.185rem + ((1vw - 3.2px) * 0.863), 30px);\">\u00bfQu\u00e9 tipo de documentos incluye este servicio?<\/h2>\n\n\n\n<div class=\"wp-block-media-text is-stacked-on-mobile\"><figure class=\"wp-block-media-text__media\"><img loading=\"lazy\" decoding=\"async\" width=\"1024\" height=\"686\" src=\"https:\/\/kainosconsultoria.com\/wp-content\/uploads\/2025\/12\/Captura-de-pantalla-2025-12-18-a-las-5.49.38-p.m-1024x686.png\" alt=\"\" class=\"wp-image-1402 size-full\" srcset=\"https:\/\/kainosconsultoria.com\/wp-content\/uploads\/2025\/12\/Captura-de-pantalla-2025-12-18-a-las-5.49.38-p.m-1024x686.png 1024w, https:\/\/kainosconsultoria.com\/wp-content\/uploads\/2025\/12\/Captura-de-pantalla-2025-12-18-a-las-5.49.38-p.m-300x201.png 300w, https:\/\/kainosconsultoria.com\/wp-content\/uploads\/2025\/12\/Captura-de-pantalla-2025-12-18-a-las-5.49.38-p.m-768x515.png 768w, https:\/\/kainosconsultoria.com\/wp-content\/uploads\/2025\/12\/Captura-de-pantalla-2025-12-18-a-las-5.49.38-p.m-18x12.png 18w, https:\/\/kainosconsultoria.com\/wp-content\/uploads\/2025\/12\/Captura-de-pantalla-2025-12-18-a-las-5.49.38-p.m.png 1286w\" sizes=\"auto, (max-width: 1024px) 100vw, 1024px\" \/><\/figure><div class=\"wp-block-media-text__content\">\n<p class=\"has-black-color has-text-color has-link-color wp-elements-d501d2537ca7330a57f3a9b8bf572573\" style=\"font-size:clamp(16.293px, 1.018rem + ((1vw - 3.2px) * 0.68), 25px);\"><strong>Documentos de gobernanza y orden interno<\/strong><\/p>\n\n\n\n<ul class=\"wp-block-list\">\n<li class=\"has-black-color has-text-color has-link-color has-medium-font-size wp-elements-9687fcf1ce4172f578185c44ec7edf5e\">Reglamentos internos<\/li>\n\n\n\n<li class=\"has-black-color has-text-color has-link-color has-medium-font-size wp-elements-2f98da3de4bd38bddbef4aebd0dd7511\">Manuales de funciones y responsabilidades<\/li>\n\n\n\n<li class=\"has-black-color has-text-color has-link-color has-medium-font-size wp-elements-1e56096dafb99cd8d2b572226fd25af1\">Pol\u00edticas administrativas b\u00e1sicas<\/li>\n\n\n\n<li class=\"has-black-color has-text-color has-link-color has-medium-font-size wp-elements-fab96e74dd368bb251d3a733df20c422\">Lineamientos de autoridad y rendici\u00f3n de cuentas<\/li>\n<\/ul>\n\n\n\n<h3 class=\"wp-block-heading has-black-color has-text-color has-link-color wp-elements-d36fc5846f68456d5281c02009ebdc8c\" id=\"documentos-administrativos-y-operativos\" style=\"font-size:clamp(16.293px, 1.018rem + ((1vw - 3.2px) * 0.68), 25px);\">Documentos administrativos y operativos<\/h3>\n\n\n\n<ul class=\"wp-block-list has-medium-font-size\">\n<li class=\"has-black-color has-text-color has-link-color wp-elements-60a6057e69e827cd57808d2a32fd54db\">Documentos de apoyo para la gesti\u00f3n diaria<\/li>\n\n\n\n<li class=\"has-black-color has-text-color has-link-color wp-elements-31170e18d8b5cbaeb24459c7db36619e\">Formularios internos<\/li>\n\n\n\n<li class=\"has-black-color has-text-color has-link-color wp-elements-001ba8e6e5e3d38a025f65906cc13ffd\">Procedimientos administrativos<\/li>\n\n\n\n<li>Lineamientos operativos por ministerio<\/li>\n\n\n\n<li>Registros y formatos de seguimiento<\/li>\n<\/ul>\n<\/div><\/div>\n\n\n\n<div style=\"height:9px\" aria-hidden=\"true\" class=\"wp-block-spacer\"><\/div>\n\n\n\n<h3 class=\"wp-block-heading has-text-color has-link-color wp-elements-b752b34929b4eddd996d04e23e2348b1\" id=\"documentos-al-servicio-de-la-mision-de-la-iglesia\" style=\"color:#6d1a36;font-size:clamp(18.959px, 1.185rem + ((1vw - 3.2px) * 0.863), 30px);\">Documentos al servicio de la misi\u00f3n de la iglesia<\/h3>\n\n\n\n<div class=\"wp-block-media-text is-stacked-on-mobile\"><figure class=\"wp-block-media-text__media\"><img loading=\"lazy\" decoding=\"async\" width=\"1024\" height=\"669\" src=\"https:\/\/kainosconsultoria.com\/wp-content\/uploads\/2025\/12\/Captura-de-pantalla-2025-12-18-a-las-6.30.18-p.m-1024x669.png\" alt=\"\" class=\"wp-image-1409 size-full\" srcset=\"https:\/\/kainosconsultoria.com\/wp-content\/uploads\/2025\/12\/Captura-de-pantalla-2025-12-18-a-las-6.30.18-p.m-1024x669.png 1024w, https:\/\/kainosconsultoria.com\/wp-content\/uploads\/2025\/12\/Captura-de-pantalla-2025-12-18-a-las-6.30.18-p.m-300x196.png 300w, https:\/\/kainosconsultoria.com\/wp-content\/uploads\/2025\/12\/Captura-de-pantalla-2025-12-18-a-las-6.30.18-p.m-768x502.png 768w, https:\/\/kainosconsultoria.com\/wp-content\/uploads\/2025\/12\/Captura-de-pantalla-2025-12-18-a-las-6.30.18-p.m-18x12.png 18w, https:\/\/kainosconsultoria.com\/wp-content\/uploads\/2025\/12\/Captura-de-pantalla-2025-12-18-a-las-6.30.18-p.m.png 1282w\" sizes=\"auto, (max-width: 1024px) 100vw, 1024px\" \/><\/figure><div class=\"wp-block-media-text__content\">\n<p class=\"has-black-color has-text-color has-link-color has-medium-font-size wp-elements-2a9a095aa8bfdf6d14d0d5c44446c1d2\">Los documentos administrativos no sustituyen la gu\u00eda espiritual ni la autoridad pastoral. Su prop\u00f3sito es servir como herramientas de apoyo que fortalecen la organizaci\u00f3n, cuidan a las personas y facilitan el cumplimiento de la misi\u00f3n que Dios ha confiado a la iglesia.<\/p>\n\n\n\n<p class=\"has-black-color has-text-color has-link-color has-medium-font-size wp-elements-7c01d77d8fd253ef1d6a436fef9bffad\">Desde esta perspectiva, la documentaci\u00f3n se convierte en un recurso que promueve orden, claridad y responsabilidad, permitiendo que el liderazgo se enfoque en el acompa\u00f1amiento pastoral y el crecimiento saludable de la congregaci\u00f3n.<\/p>\n<\/div><\/div>\n\n\n\n<h3 class=\"wp-block-heading has-text-color has-link-color wp-elements-82e25850ade40c3d446f2e5c4a3e8328\" id=\"1-diagnostico-documental\" style=\"color:#6d1a36;font-size:clamp(18.959px, 1.185rem + ((1vw - 3.2px) * 0.863), 30px);\">1. Diagn\u00f3stico documental<\/h3>\n\n\n\n<p class=\"has-black-color has-text-color has-link-color wp-elements-a0213f9285da8b0ac73d5db8902ad10f\" style=\"font-size:clamp(14px, 0.875rem + ((1vw - 3.2px) * 0.469), 20px);\">Se acompa\u00f1a a la iglesia en la revisi\u00f3n de los documentos existentes, identificando vac\u00edos, duplicidades, desactualizaciones y necesidades reales seg\u00fan su estructura, tama\u00f1o y marco estatutario.<\/p>\n\n\n\n<h3 class=\"wp-block-heading has-text-color has-link-color wp-elements-df3f6cabf0d8e9e23b999953335f5437\" id=\"2-diseno-y-organizacion-documentales\" style=\"color:#6d1a36;font-size:clamp(18.959px, 1.185rem + ((1vw - 3.2px) * 0.863), 30px);\">2. Dise\u00f1o y organizaci\u00f3n documentales<\/h3>\n\n\n\n<p class=\"has-black-color has-text-color has-link-color wp-elements-cde70b4ed10a449939e2e2bc6ac40ca8\" style=\"font-size:clamp(14px, 0.875rem + ((1vw - 3.2px) * 0.469), 20px);\">Se elaboran y organizan documentos administrativos claros, funcionales y coherentes, alineados con la identidad congregacional, la estructura de gobierno y las pr\u00e1cticas ministeriales vigentes de la iglesia.<\/p>\n\n\n\n<h3 class=\"wp-block-heading has-text-color has-link-color wp-elements-88c1bc4344cbbcac73908279c0df6e08\" id=\"3-estandarizacion-administrativa\" style=\"color:#6d1a36;font-size:clamp(18.959px, 1.185rem + ((1vw - 3.2px) * 0.863), 30px);\">3. Estandarizaci\u00f3n administrativa<\/h3>\n\n\n\n<p class=\"has-black-color has-text-color has-link-color wp-elements-a70cea5aec28486a53cacba0d2f77696\" style=\"font-size:clamp(14px, 0.875rem + ((1vw - 3.2px) * 0.469), 20px);\">Se establecen criterios comunes de formato, lenguaje y uso de los documentos, promoviendo orden, claridad operativa y coherencia institucional en la gesti\u00f3n diaria.<\/p>\n\n\n\n<h3 class=\"wp-block-heading has-text-color has-link-color wp-elements-aef74741dc78503ec5711b4196e628e5\" id=\"4-proposito-del-diseno-documental\" style=\"color:#6d1a36;font-size:clamp(18.959px, 1.185rem + ((1vw - 3.2px) * 0.863), 30px);\">4. Prop\u00f3sito del dise\u00f1o documental<\/h3>\n\n\n\n<p class=\"has-black-color has-text-color has-link-color wp-elements-6cc9dc10cf910387ff05b21c3057af27\" style=\"font-size:clamp(14px, 0.875rem + ((1vw - 3.2px) * 0.469), 20px);\">El dise\u00f1o de documentos tiene como prop\u00f3sito fortalecer la gesti\u00f3n interna, facilitar la toma de decisiones, proteger a la iglesia y apoyar al liderazgo en el ejercicio responsable de sus funciones.<\/p>\n\n\n\n<h3 class=\"wp-block-heading has-text-color has-link-color wp-elements-a0eb601ae807cf2157f525d5f224bbd0\" id=\"5-que-recibe-la-iglesia\" style=\"color:#6d1a36;font-size:clamp(18.959px, 1.185rem + ((1vw - 3.2px) * 0.863), 30px);\">5. \u00bfQu\u00e9 recibe la iglesia?<\/h3>\n\n\n\n<p class=\"has-black-color has-text-color has-link-color wp-elements-292f91b1eb796f079182f22ec99454bb\" style=\"font-size:clamp(14px, 0.875rem + ((1vw - 3.2px) * 0.469), 20px);\">Como resultado del proceso, la iglesia recibe insumos claros y pr\u00e1cticos, tales como:<\/p>\n\n\n\n<ul class=\"wp-block-list\">\n<li class=\"has-black-color has-text-color has-link-color wp-elements-ac9a61294baf8eece04a6a40441b7a98\" style=\"font-size:clamp(14px, 0.875rem + ((1vw - 3.2px) * 0.469), 20px);\">Documentos administrativos adaptados a su realidad congregacional.<\/li>\n\n\n\n<li class=\"has-black-color has-text-color has-link-color wp-elements-00e73aec02350b43154d7d66bf2aec96\" style=\"font-size:clamp(14px, 0.875rem + ((1vw - 3.2px) * 0.469), 20px);\">Manuales y lineamientos b\u00e1sicos de funcionamiento interno.<\/li>\n\n\n\n<li class=\"has-black-color has-text-color has-link-color wp-elements-161fbbf88e73d0a67fc17351e77bb22d\" style=\"font-size:clamp(14px, 0.875rem + ((1vw - 3.2px) * 0.469), 20px);\">Formatos y registros que facilitan el seguimiento y la organizaci\u00f3n.<\/li>\n\n\n\n<li class=\"has-black-color has-text-color has-link-color wp-elements-68205e0fc0ff65451d212920ac8b0597\" style=\"font-size:clamp(14px, 0.875rem + ((1vw - 3.2px) * 0.469), 20px);\">Herramientas que fortalecen la continuidad administrativa y el orden institucional.<\/li>\n\n\n\n<li class=\"has-black-color has-text-color has-link-color wp-elements-e3bb87b0358e3cdd0ebdeca7e70c8652\" style=\"font-size:clamp(14px, 0.875rem + ((1vw - 3.2px) * 0.469), 20px);\">Apoyo para el uso adecuado de los documentos por parte del liderazgo.<\/li>\n<\/ul>\n\n\n\n<p><\/p>","protected":false},"excerpt":{"rendered":"<p>DISE\u00d1O DE DOCUMENTOS ADMINISTRATIVOS El dise\u00f1o de documentos administrativos permite a la iglesia contar con herramientas claras, funcionales y coherentes que respalden su gesti\u00f3n interna, su liderazgo y su operaci\u00f3n [&hellip;]<\/p>","protected":false},"author":1,"featured_media":0,"parent":0,"menu_order":0,"comment_status":"closed","ping_status":"closed","template":"","meta":{"_gspb_post_css":"","_EventAllDay":false,"_EventTimezone":"","_EventStartDate":"","_EventEndDate":"","_EventStartDateUTC":"","_EventEndDateUTC":"","_EventShowMap":false,"_EventShowMapLink":false,"_EventURL":"","_EventCost":"","_EventCostDescription":"","_EventCurrencySymbol":"","_EventCurrencyCode":"","_EventCurrencyPosition":"","_EventDateTimeSeparator":"","_EventTimeRangeSeparator":"","_EventOrganizerID":[],"_EventVenueID":[],"_OrganizerEmail":"","_OrganizerPhone":"","_OrganizerWebsite":"","_VenueAddress":"","_VenueCity":"","_VenueCountry":"","_VenueProvince":"","_VenueState":"","_VenueZip":"","_VenuePhone":"","_VenueURL":"","_VenueStateProvince":"","_VenueLat":"","_VenueLng":"","_VenueShowMap":false,"_VenueShowMapLink":false,"footnotes":""},"class_list":["post-1057","page","type-page","status-publish","hentry"],"blocksy_meta":[],"_links":{"self":[{"href":"https:\/\/kainosconsultoria.com\/en\/wp-json\/wp\/v2\/pages\/1057","targetHints":{"allow":["GET"]}}],"collection":[{"href":"https:\/\/kainosconsultoria.com\/en\/wp-json\/wp\/v2\/pages"}],"about":[{"href":"https:\/\/kainosconsultoria.com\/en\/wp-json\/wp\/v2\/types\/page"}],"author":[{"embeddable":true,"href":"https:\/\/kainosconsultoria.com\/en\/wp-json\/wp\/v2\/users\/1"}],"replies":[{"embeddable":true,"href":"https:\/\/kainosconsultoria.com\/en\/wp-json\/wp\/v2\/comments?post=1057"}],"version-history":[{"count":175,"href":"https:\/\/kainosconsultoria.com\/en\/wp-json\/wp\/v2\/pages\/1057\/revisions"}],"predecessor-version":[{"id":3375,"href":"https:\/\/kainosconsultoria.com\/en\/wp-json\/wp\/v2\/pages\/1057\/revisions\/3375"}],"wp:attachment":[{"href":"https:\/\/kainosconsultoria.com\/en\/wp-json\/wp\/v2\/media?parent=1057"}],"curies":[{"name":"wp","href":"https:\/\/api.w.org\/{rel}","templated":true}]}}