{"id":1060,"date":"2025-12-16T05:15:21","date_gmt":"2025-12-16T05:15:21","guid":{"rendered":"https:\/\/kainosconsultoria.com\/?page_id=1060"},"modified":"2026-01-25T18:59:56","modified_gmt":"2026-01-25T18:59:56","slug":"gestion-de-recursos-humanos","status":"publish","type":"page","link":"https:\/\/kainosconsultoria.com\/en\/gestion-de-recursos-humanos\/","title":{"rendered":"Gesti\u00f3n de recursos humanos"},"content":{"rendered":"<h1 class=\"wp-block-heading has-text-align-center has-text-color has-link-color has-large-font-size wp-elements-1a5db2729fe0e823d7c43641b4e93807\" id=\"gestion-de-recursos-humanos\" style=\"color:#6d1a36\">GESTI\u00d3N DE RECURSOS HUMANOS<\/h1>\n\n\n\n<div class=\"wp-block-media-text is-stacked-on-mobile\"><figure class=\"wp-block-media-text__media\"><img loading=\"lazy\" decoding=\"async\" width=\"1024\" height=\"685\" src=\"https:\/\/kainosconsultoria.com\/wp-content\/uploads\/2026\/01\/Captura-de-pantalla-2026-01-25-a-las-1.56.37-p.m-1024x685.png\" alt=\"\" class=\"wp-image-3412 size-full\" srcset=\"https:\/\/kainosconsultoria.com\/wp-content\/uploads\/2026\/01\/Captura-de-pantalla-2026-01-25-a-las-1.56.37-p.m-1024x685.png 1024w, https:\/\/kainosconsultoria.com\/wp-content\/uploads\/2026\/01\/Captura-de-pantalla-2026-01-25-a-las-1.56.37-p.m-300x201.png 300w, https:\/\/kainosconsultoria.com\/wp-content\/uploads\/2026\/01\/Captura-de-pantalla-2026-01-25-a-las-1.56.37-p.m-768x514.png 768w, https:\/\/kainosconsultoria.com\/wp-content\/uploads\/2026\/01\/Captura-de-pantalla-2026-01-25-a-las-1.56.37-p.m-18x12.png 18w, https:\/\/kainosconsultoria.com\/wp-content\/uploads\/2026\/01\/Captura-de-pantalla-2026-01-25-a-las-1.56.37-p.m.png 1364w\" sizes=\"auto, (max-width: 1024px) 100vw, 1024px\" \/><\/figure><div class=\"wp-block-media-text__content\">\n<p class=\"has-black-color has-text-color has-link-color has-medium-font-size wp-elements-d4168926b7fb2ba15a54f0769322d9d2\">La Gesti\u00f3n de Recursos Humanos en el contexto eclesial reconoce que la mayor parte del trabajo ministerial es realizada por personas que sirven de manera voluntaria. Por ello, este servicio se orienta a apoyar al liderazgo en la organizaci\u00f3n, el cuidado y la orientaci\u00f3n de quienes colaboran en la misi\u00f3n de la iglesia.<\/p>\n\n\n\n<p class=\"has-black-color has-text-color has-link-color has-medium-font-size wp-elements-7947883bb472c33f648ca8829d518cc5\">Este servicio no redefine la estructura organizacional ni los cargos formales de la iglesia, sino que acompa\u00f1a al liderazgo en el cuidado, orientaci\u00f3n y acompa\u00f1amiento de las personas que sirven dentro de la estructura ya establecida.<\/p>\n<\/div><\/div>\n\n\n\n<h3 class=\"wp-block-heading has-text-color has-link-color wp-elements-719e958dc7ae062649ae27971476aeaf\" id=\"que-entendemos-por-gestion-de-recursos-humanos-en-la-iglesia\" style=\"color:#6d1a36;margin-bottom:10px;font-size:clamp(18.959px, 1.185rem + ((1vw - 3.2px) * 0.863), 30px);\">\u00bfQu\u00e9 entendemos por Gesti\u00f3n de Recursos Humanos en la iglesia?<\/h3>\n\n\n\n<p class=\"has-black-color has-text-color has-link-color has-medium-font-size wp-elements-a583fb72c4c8f7ae481f41a8c4e33dcb\" style=\"margin-bottom:10px\">La Gesti\u00f3n de Recursos Humanos en la iglesia no se limita a procesos t\u00e9cnicos propios del \u00e1mbito empresarial, sino que se adapta a una realidad donde conviven liderazgo pastoral, equipos ministeriales y voluntarios. Este servicio busca apoyar al liderazgo en la definici\u00f3n de roles, responsabilidades y l\u00edneas de acompa\u00f1amiento, promoviendo una administraci\u00f3n ordenada que honre el compromiso de quienes sirven sin recibir compensaci\u00f3n econ\u00f3mica.<\/p>\n\n\n\n<p class=\"has-black-color has-text-color has-link-color has-medium-font-size wp-elements-4980d6ba0e04774d43fe1dc2890f557f\" style=\"margin-bottom:-10px\">Este servicio se concibe como un apoyo estrat\u00e9gico al liderazgo pastoral, respetando la identidad, la estructura y la autoridad de cada iglesia. KAINOS no sustituye el liderazgo interno, sino que acompa\u00f1a el proceso de ordenamiento y fortalecimiento de la gesti\u00f3n humana, reconociendo que las personas son uno de los recursos m\u00e1s valiosos confiados por Dios a la iglesia.<\/p>\n\n\n\n<h3 class=\"wp-block-heading has-text-color has-link-color wp-elements-652dd283368a54c7672e8d59bb436d45\" id=\"1-clarificacion-de-roles-y-funciones-ministeriales\" style=\"color:#6d1a36;margin-bottom:10px\"><strong>1. Clarificaci\u00f3n de roles y funciones ministeriales<\/strong><\/h3>\n\n\n\n<p class=\"has-black-color has-text-color has-link-color has-medium-font-size wp-elements-7630db74c6ab04e5f03bb7d7289f63ab\" style=\"margin-bottom:-15px\">KAINOS  establece funciones, responsabilidades y l\u00edneas de acompa\u00f1amiento que favorecen el orden, la coordinaci\u00f3n y el cuidado de las personas que sirven.vistas con l\u00edderes clave.<\/p>\n\n\n\n<h3 class=\"wp-block-heading has-text-color has-link-color wp-elements-61d5587bf6351a77d76d86c2d8512815\" id=\"2-organizacion-del-voluntariado-y-equipos-ministeriales\" style=\"color:#6d1a36;margin-bottom:10px;font-size:clamp(18.959px, 1.185rem + ((1vw - 3.2px) * 0.863), 30px);\"><strong>2. Organizaci\u00f3n del voluntariado y equipos ministeriales<\/strong><\/h3>\n\n\n\n<p class=\"has-black-color has-text-color has-link-color has-medium-font-size wp-elements-f13001fa1cd69d7c1daa27177b08f965\" style=\"margin-bottom:-10px\">Se orienta a la iglesia en la organizaci\u00f3n del voluntariado, considerando la realidad espiritual, relacional y operativa del servicio cristiano, promoviendo estructuras claras que honren el compromiso y la vocaci\u00f3n de quienes colaboran en la misi\u00f3n.<\/p>\n\n\n\n<h3 class=\"wp-block-heading has-text-color has-link-color wp-elements-62dbfe594628e994e3ec33cdde5bd607\" id=\"3-definicion-de-procesos-basicos-de-gestion-humana\" style=\"color:#6d1a36;margin-bottom:10px;font-size:clamp(18.959px, 1.185rem + ((1vw - 3.2px) * 0.863), 30px);\"><strong>3. Definici\u00f3n de procesos b\u00e1sicos de gesti\u00f3n humana<\/strong><\/h3>\n\n\n\n<p class=\"has-black-color has-text-color has-link-color has-medium-font-size wp-elements-5015e1ada177cf992a29b7ea612f5ec5\">El acompa\u00f1amiento incluye la definici\u00f3n de procesos b\u00e1sicos relacionados con incorporaci\u00f3n, acompa\u00f1amiento, orientaci\u00f3n y cuidado del voluntariado, procurando coherencia administrativa sin perder de vista la naturaleza espiritual del servicio.<\/p>\n\n\n\n<h3 class=\"wp-block-heading has-text-color has-link-color wp-elements-d515c724b1e1659770d7ec07c0136784\" id=\"4-proposito-de-la-gestion-de-recursos-humanos\" style=\"color:#6d1a36;margin-bottom:10px;font-size:clamp(18.959px, 1.185rem + ((1vw - 3.2px) * 0.863), 30px);\"><strong>4. Prop\u00f3sito de la Gesti\u00f3n de Recursos Humanos<\/strong><\/h3>\n\n\n\n<p class=\"has-black-color has-text-color has-link-color has-medium-font-size wp-elements-60c2d31960f113d4c55efb60bb4f33e4\" style=\"margin-bottom:-10px\">El prop\u00f3sito de este servicio es fortalecer la capacidad del liderazgo para administrar con responsabilidad los dones, talentos y personas confiadas por Dios, reconociendo que una gesti\u00f3n humana ordenada contribuye a la salud y sostenibilidad de la iglesia.<\/p>\n\n\n\n<h3 class=\"wp-block-heading has-text-color has-link-color wp-elements-156a2e29d59092b6368b33c7d69b1059\" id=\"5-que-recibe-la-iglesia\" style=\"color:#6d1a36;margin-bottom:10px;font-size:clamp(18.959px, 1.185rem + ((1vw - 3.2px) * 0.863), 30px);\"><strong>5. \u00bfQu\u00e9 recibe la iglesia?<\/strong><\/h3>\n\n\n\n<p class=\"has-black-color has-text-color has-link-color has-medium-font-size wp-elements-ce417a5a64fcca4493bcb11ef82bada4\" style=\"margin-bottom:5px\">Como resultado del proceso, la iglesia recibe un conjunto de lineamientos y documentos b\u00e1sicos que fortalecen la gesti\u00f3n del capital humano y el cuidado del voluntariado, entre ellos:<\/p>\n\n\n\n<ul class=\"wp-block-list has-black-color has-text-color has-link-color has-medium-font-size wp-elements-a365cf0bb228e48dd10ed91f4eeb59a1\">\n<li>Descripciones claras de roles y funciones ministeriales y administrativas.<\/li>\n\n\n\n<li>Lineamientos para la incorporaci\u00f3n, orientaci\u00f3n y acompa\u00f1amiento de voluntarios y l\u00edderes.<\/li>\n\n\n\n<li>Estructura b\u00e1sica para la organizaci\u00f3n de equipos ministeriales y \u00e1reas de servicio.<\/li>\n\n\n\n<li>Procesos definidos para el cuidado, seguimiento y permanencia del voluntariado.<\/li>\n\n\n\n<li>Lineamientos de conducta, responsabilidad y servicio acordes con la identidad cristiana.<\/li>\n\n\n\n<li>Organizaci\u00f3n documental b\u00e1sica relacionada con personas, cargos y equipos ministeriales.<\/li>\n\n\n\n<li>Herramientas orientativas para apoyar la toma de decisiones pastorales relacionadas con la gesti\u00f3n humana.<\/li>\n<\/ul>\n\n\n\n<p class=\"has-black-color has-text-color has-link-color has-medium-font-size wp-elements-0a82378c0808527f8389be589e4dcb9e\" style=\"margin-top:-10px\">Estos elementos permiten a la iglesia administrar con orden, claridad y responsabilidad a las personas que sirven, honrando su vocaci\u00f3n y fortaleciendo la sostenibilidad del ministerio.<\/p>\n\n\n\n<p class=\"has-black-color has-text-color has-link-color wp-elements-2f1534e5f3fd876ac50deb3501fff3be\"><\/p>\n\n\n\n<p><\/p>","protected":false},"excerpt":{"rendered":"<p>GESTI\u00d3N DE RECURSOS HUMANOS La Gesti\u00f3n de Recursos Humanos en el contexto eclesial reconoce que la mayor parte del trabajo ministerial es realizada por personas que sirven de manera voluntaria. [&hellip;]<\/p>","protected":false},"author":1,"featured_media":0,"parent":0,"menu_order":0,"comment_status":"closed","ping_status":"closed","template":"","meta":{"_gspb_post_css":"","_EventAllDay":false,"_EventTimezone":"","_EventStartDate":"","_EventEndDate":"","_EventStartDateUTC":"","_EventEndDateUTC":"","_EventShowMap":false,"_EventShowMapLink":false,"_EventURL":"","_EventCost":"","_EventCostDescription":"","_EventCurrencySymbol":"","_EventCurrencyCode":"","_EventCurrencyPosition":"","_EventDateTimeSeparator":"","_EventTimeRangeSeparator":"","_EventOrganizerID":[],"_EventVenueID":[],"_OrganizerEmail":"","_OrganizerPhone":"","_OrganizerWebsite":"","_VenueAddress":"","_VenueCity":"","_VenueCountry":"","_VenueProvince":"","_VenueState":"","_VenueZip":"","_VenuePhone":"","_VenueURL":"","_VenueStateProvince":"","_VenueLat":"","_VenueLng":"","_VenueShowMap":false,"_VenueShowMapLink":false,"footnotes":""},"class_list":["post-1060","page","type-page","status-publish","hentry"],"blocksy_meta":[],"_links":{"self":[{"href":"https:\/\/kainosconsultoria.com\/en\/wp-json\/wp\/v2\/pages\/1060","targetHints":{"allow":["GET"]}}],"collection":[{"href":"https:\/\/kainosconsultoria.com\/en\/wp-json\/wp\/v2\/pages"}],"about":[{"href":"https:\/\/kainosconsultoria.com\/en\/wp-json\/wp\/v2\/types\/page"}],"author":[{"embeddable":true,"href":"https:\/\/kainosconsultoria.com\/en\/wp-json\/wp\/v2\/users\/1"}],"replies":[{"embeddable":true,"href":"https:\/\/kainosconsultoria.com\/en\/wp-json\/wp\/v2\/comments?post=1060"}],"version-history":[{"count":67,"href":"https:\/\/kainosconsultoria.com\/en\/wp-json\/wp\/v2\/pages\/1060\/revisions"}],"predecessor-version":[{"id":3416,"href":"https:\/\/kainosconsultoria.com\/en\/wp-json\/wp\/v2\/pages\/1060\/revisions\/3416"}],"wp:attachment":[{"href":"https:\/\/kainosconsultoria.com\/en\/wp-json\/wp\/v2\/media?parent=1060"}],"curies":[{"name":"wp","href":"https:\/\/api.w.org\/{rel}","templated":true}]}}