{"id":1464,"date":"2025-12-19T14:01:51","date_gmt":"2025-12-19T14:01:51","guid":{"rendered":"https:\/\/kainosconsultoria.com\/?page_id=1464"},"modified":"2026-02-11T14:26:03","modified_gmt":"2026-02-11T14:26:03","slug":"que-nos-distingue-2","status":"publish","type":"page","link":"https:\/\/kainosconsultoria.com\/en\/que-nos-distingue-2\/","title":{"rendered":"Qu\u00e9 nos distingue"},"content":{"rendered":"<p class=\"has-text-align-center has-text-color has-link-color has-large-font-size wp-elements-21c16c9a6e515e4c7784a924c956dd1d\" style=\"color:#6d1a36;margin-top:-45px;margin-bottom:10px\"><strong>QU\u00c9 NOS DISTINGUE<\/strong><\/p>\n\n\n\n<div class=\"wp-block-columns are-vertically-aligned-center is-layout-flex wp-container-core-columns-is-layout-28f84493 wp-block-columns-is-layout-flex\">\n<div class=\"wp-block-column is-vertically-aligned-center is-layout-flow wp-block-column-is-layout-flow\" style=\"flex-basis:50%\">\n<figure class=\"wp-block-image aligncenter size-full is-resized\" style=\"margin-top:-20px\"><img loading=\"lazy\" decoding=\"async\" width=\"682\" height=\"1004\" src=\"https:\/\/kainosconsultoria.com\/wp-content\/uploads\/2026\/02\/Captura-de-pantalla-2026-02-11-a-las-9.21.08-a.m.png\" alt=\"\" class=\"wp-image-3476\" style=\"object-fit:cover;width:300px;height:400px\" srcset=\"https:\/\/kainosconsultoria.com\/wp-content\/uploads\/2026\/02\/Captura-de-pantalla-2026-02-11-a-las-9.21.08-a.m.png 682w, https:\/\/kainosconsultoria.com\/wp-content\/uploads\/2026\/02\/Captura-de-pantalla-2026-02-11-a-las-9.21.08-a.m-204x300.png 204w, https:\/\/kainosconsultoria.com\/wp-content\/uploads\/2026\/02\/Captura-de-pantalla-2026-02-11-a-las-9.21.08-a.m-8x12.png 8w\" sizes=\"auto, (max-width: 682px) 100vw, 682px\" \/><\/figure>\n<\/div>\n\n\n\n<div class=\"wp-block-column is-vertically-aligned-center is-layout-flow wp-block-column-is-layout-flow\" style=\"flex-basis:42%\">\n<p><\/p>\n\n\n\n<p class=\"has-text-align-center has-black-color has-text-color has-link-color wp-elements-e59b078c3667ca3fac9d9bd3c41f7ce4\" style=\"font-size:clamp(14px, 0.875rem + ((1vw - 3.2px) * 0.469), 20px);\">KAINOS Consultor\u00eda Organizacional se distingue por integrar <strong>Desarrollo Organizacional<\/strong>, <strong>gesti\u00f3n administrativa<\/strong> y <strong>fundamento b\u00edblico, respetando plenamente la autoridad pastoral y la identidad espiritual de cada iglesia<\/strong>. Nuestro acompa\u00f1amiento no sustituye el liderazgo ministerial; lo fortalece mediante orden, claridad y procesos bien definidos.<\/p>\n<\/div>\n<\/div>\n\n\n\n<div class=\"gb-element-39dac7b1\">\n<div class=\"wp-block-columns is-layout-flex wp-container-core-columns-is-layout-28f84493 wp-block-columns-is-layout-flex\">\n<div class=\"wp-block-column is-layout-flow wp-block-column-is-layout-flow\" style=\"font-size:clamp(15.747px, 0.984rem + ((1vw - 3.2px) * 0.645), 24px);\">\n<div class=\"gs_accordion_989 gsbp-4805c9a\" data-type=\"accordion-component\">\n<div class=\"gs_item\">\n<h3 class=\"gs_title gsbp-e28c7f1\">\n<button aria-controls=\"gs-content-gsbp-4805c9a-0\" id=\"gs-trigger-gsbp-4805c9a-0\" class=\"gs_click_sync\" type=\"button\" aria-expanded=\"false\">\n<div class=\"wp-block-group is-nowrap is-layout-flex wp-container-core-group-is-layout-6c531013 wp-block-group-is-layout-flex\">\n<span class=\"gs_name gsbp-4b430d8\"><strong>Especializaci\u00f3n en iglesias y ministerios<\/strong> <\/span>\n\n\n\n<svg viewbox=\"0 0 896 1024\" width=\"896\" height=\"1024\" class=\"gs_icon gsbp-5c6597d\"><path d=\"M848.8 429.4l-704-416.2c-57.2-33.8-144.8-1-144.8 82.6v832.2c0 75 81.4 120.2 144.8 82.6l704-416c62.8-37 63-128.2 0-165.2zM96 907v-790c0-9.2 10.2-15 18.2-10.4l668.4 395c7.8 4.6 7.8 16 0 20.6l-668.4 395.2c-8 4.6-18.2-1.2-18.2-10.4z\" \/><\/svg>\n<\/div>\n<\/button>\n<\/h3>\n\n\n\n<div aria-labelledby=\"gs-trigger-gsbp-4805c9a-0\" id=\"gs-content-gsbp-4805c9a-0\" class=\"gs_content\" role=\"region\" aria-hidden=\"true\">\n<div class=\"gs_content_inner\">\n<p class=\"has-palette-color-4-color has-text-color has-link-color has-medium-font-size wp-elements-fb4d8fbee383ba31d678a90a295dd0fa\">Nuestro trabajo se centra exclusivamente en organizaciones eclesiales, lo que nos permite comprender sus din\u00e1micas internas, su misi\u00f3n y los desaf\u00edos propios de la labor pastoral. Este enfoque especializado garantiza soluciones ajustadas a la realidad ministerial.<\/p>\n<\/div>\n<\/div>\n<\/div>\n\n\n\n<div class=\"gs_item\">\n<h3 class=\"gs_title gsbp-bfd2e8b\">\n<button aria-controls=\"gs-content-gsbp-4805c9a-1\" id=\"gs-trigger-gsbp-4805c9a-1\" class=\"gs_click_sync\" type=\"button\" aria-expanded=\"false\">\n<span class=\"gs_name gsbp-513e0e7\"><strong><strong>Integraci\u00f3n b\u00edblica y t\u00e9cnica<\/strong><\/strong> <\/span>\n\n\n\n<svg viewbox=\"0 0 896 1024\" width=\"896\" height=\"1024\" class=\"gs_icon gsbp-ac99366\"><path d=\"M848.8 429.4l-704-416.2c-57.2-33.8-144.8-1-144.8 82.6v832.2c0 75 81.4 120.2 144.8 82.6l704-416c62.8-37 63-128.2 0-165.2zM96 907v-790c0-9.2 10.2-15 18.2-10.4l668.4 395c7.8 4.6 7.8 16 0 20.6l-668.4 395.2c-8 4.6-18.2-1.2-18.2-10.4z\" \/><\/svg>\n<\/button>\n<\/h3>\n\n\n\n<div aria-labelledby=\"gs-trigger-gsbp-4805c9a-1\" id=\"gs-content-gsbp-4805c9a-1\" class=\"gs_content\" role=\"region\" aria-hidden=\"true\">\n<div class=\"gs_content_inner\">\n<p class=\"has-palette-color-4-color has-text-color has-link-color has-medium-font-size wp-elements-b144565536bd90e104e0b5ab9bdd7bb9\">Combinamos principios de administraci\u00f3n con fundamentos de la ense\u00f1anza cristiana, de modo que cada propuesta respete la identidad espiritual de la congregaci\u00f3n y fortalezca su misi\u00f3n. Nuestro acompa\u00f1amiento integra orden, responsabilidad y sensibilidad pastoral.<\/p>\n<\/div>\n<\/div>\n<\/div>\n\n\n\n<div class=\"gs_item\">\n<h3 class=\"gs_title gsbp-bad357d\">\n<button aria-controls=\"gs-content-gsbp-4805c9a-2\" id=\"gs-trigger-gsbp-4805c9a-2\" class=\"gs_click_sync\" type=\"button\" aria-expanded=\"false\">\n<span class=\"gs_name gsbp-36eabbc\"><strong><strong><strong>Metodolog\u00eda acad\u00e9mica aplicada<\/strong><\/strong><\/strong><\/span>\n\n\n\n<svg viewbox=\"0 0 896 1024\" width=\"896\" height=\"1024\" class=\"gs_icon gsbp-550eb4a\"><path d=\"M848.8 429.4l-704-416.2c-57.2-33.8-144.8-1-144.8 82.6v832.2c0 75 81.4 120.2 144.8 82.6l704-416c62.8-37 63-128.2 0-165.2zM96 907v-790c0-9.2 10.2-15 18.2-10.4l668.4 395c7.8 4.6 7.8 16 0 20.6l-668.4 395.2c-8 4.6-18.2-1.2-18.2-10.4z\" \/><\/svg>\n<\/button>\n<\/h3>\n\n\n\n<div aria-labelledby=\"gs-trigger-gsbp-4805c9a-2\" id=\"gs-content-gsbp-4805c9a-2\" class=\"gs_content\" role=\"region\" aria-hidden=\"true\">\n<div class=\"gs_content_inner\">\n<p class=\"has-palette-color-4-color has-text-color has-link-color has-medium-font-size wp-elements-5764f1e959c76ec543c03e5be56491a4\">Todos nuestros procesos se derivan de estudios formales en Desarrollo Organizacional y de una investigaci\u00f3n doctoral orientada espec\u00edficamente al \u00e1mbito eclesial. Cada recomendaci\u00f3n se fundamenta en modelos profesionales adaptados al contexto ministerial.<\/p>\n<\/div>\n<\/div>\n<\/div>\n\n\n\n<div class=\"gs_item\">\n<h3 class=\"gs_title gsbp-31bfb56\">\n<button aria-controls=\"gs-content-gsbp-4805c9a-3\" id=\"gs-trigger-gsbp-4805c9a-3\" class=\"gs_click_sync\" type=\"button\" aria-expanded=\"false\">\n<span class=\"gs_name gsbp-b48b450\"><strong><strong><strong><strong>Soluciones estructurales y sostenibles<\/strong><\/strong><\/strong><\/strong><\/span>\n\n\n\n<svg viewbox=\"0 0 896 1024\" width=\"896\" height=\"1024\" class=\"gs_icon gsbp-a4e9c91\"><path d=\"M848.8 429.4l-704-416.2c-57.2-33.8-144.8-1-144.8 82.6v832.2c0 75 81.4 120.2 144.8 82.6l704-416c62.8-37 63-128.2 0-165.2zM96 907v-790c0-9.2 10.2-15 18.2-10.4l668.4 395c7.8 4.6 7.8 16 0 20.6l-668.4 395.2c-8 4.6-18.2-1.2-18.2-10.4z\" \/><\/svg>\n<\/button>\n<\/h3>\n\n\n\n<div aria-labelledby=\"gs-trigger-gsbp-4805c9a-3\" id=\"gs-content-gsbp-4805c9a-3\" class=\"gs_content\" role=\"region\" aria-hidden=\"true\">\n<div class=\"gs_content_inner\">\n<p class=\"has-palette-color-4-color has-text-color has-link-color has-medium-font-size wp-elements-a7f8951dd46568140ad6a09afed2b702\">Dise\u00f1amos propuestas que fortalecen la organizaci\u00f3n interna y generan continuidad. Evitamos acciones aisladas, implementamos procesos reales y promovemos mejoras que se mantienen con estabilidad en el tiempo.<\/p>\n<\/div>\n<\/div>\n<\/div>\n\n\n\n<div class=\"gs_item\">\n<h3 class=\"gs_title gsbp-b730f30\">\n<button aria-controls=\"gs-content-gsbp-4805c9a-4\" id=\"gs-trigger-gsbp-4805c9a-4\" class=\"gs_click_sync\" type=\"button\" aria-expanded=\"false\">\n<span class=\"gs_name gsbp-d96075e\"><strong><strong><strong><strong><strong>Relaci\u00f3n profesional basada en claridad y respeto<\/strong><\/strong><\/strong><\/strong><\/strong><\/span>\n\n\n\n<svg viewbox=\"0 0 896 1024\" width=\"896\" height=\"1024\" class=\"gs_icon gsbp-1e02d22\"><path d=\"M848.8 429.4l-704-416.2c-57.2-33.8-144.8-1-144.8 82.6v832.2c0 75 81.4 120.2 144.8 82.6l704-416c62.8-37 63-128.2 0-165.2zM96 907v-790c0-9.2 10.2-15 18.2-10.4l668.4 395c7.8 4.6 7.8 16 0 20.6l-668.4 395.2c-8 4.6-18.2-1.2-18.2-10.4z\" \/><\/svg>\n<\/button>\n<\/h3>\n\n\n\n<div aria-labelledby=\"gs-trigger-gsbp-4805c9a-4\" id=\"gs-content-gsbp-4805c9a-4\" class=\"gs_content\" role=\"region\" aria-hidden=\"true\">\n<div class=\"gs_content_inner\">\n<p class=\"has-palette-color-4-color has-text-color has-link-color has-medium-font-size wp-elements-47d1399570624c1ab5a29d3d7ebdb086\">Mantenemos una comunicaci\u00f3n seria, ordenada y transparente. Aportamos estructura sin interferir en la autoridad pastoral, asegurando que cada sugerencia contribuya al prop\u00f3sito espiritual y administrativo de la iglesia.<\/p>\n<\/div>\n<\/div>\n<\/div>\n<\/div>\n<\/div>\n<\/div>\n\n\n\n<hr class=\"wp-block-separator alignfull has-text-color has-alpha-channel-opacity has-background\" style=\"background-color:#6d1a36;color:#6d1a36\"\/>\n\n\n\n<div style=\"height:79px\" aria-hidden=\"true\" class=\"wp-block-spacer\"><\/div>\n<\/div>\n\n\n\n<figure class=\"wp-block-image aligncenter size-medium is-resized\"><img loading=\"lazy\" decoding=\"async\" width=\"300\" height=\"124\" src=\"https:\/\/kainosconsultoria.com\/wp-content\/uploads\/2026\/01\/Captura-de-pantalla-2026-01-24-a-las-8.55.15-p.m-300x124.png\" alt=\"\" class=\"wp-image-3290\" style=\"width:600px\" srcset=\"https:\/\/kainosconsultoria.com\/wp-content\/uploads\/2026\/01\/Captura-de-pantalla-2026-01-24-a-las-8.55.15-p.m-300x124.png 300w, https:\/\/kainosconsultoria.com\/wp-content\/uploads\/2026\/01\/Captura-de-pantalla-2026-01-24-a-las-8.55.15-p.m-1024x424.png 1024w, https:\/\/kainosconsultoria.com\/wp-content\/uploads\/2026\/01\/Captura-de-pantalla-2026-01-24-a-las-8.55.15-p.m-768x318.png 768w, https:\/\/kainosconsultoria.com\/wp-content\/uploads\/2026\/01\/Captura-de-pantalla-2026-01-24-a-las-8.55.15-p.m-1536x637.png 1536w, https:\/\/kainosconsultoria.com\/wp-content\/uploads\/2026\/01\/Captura-de-pantalla-2026-01-24-a-las-8.55.15-p.m-18x7.png 18w, https:\/\/kainosconsultoria.com\/wp-content\/uploads\/2026\/01\/Captura-de-pantalla-2026-01-24-a-las-8.55.15-p.m.png 1568w\" sizes=\"auto, (max-width: 300px) 100vw, 300px\" \/><\/figure>\n\n\n\n<p><\/p>","protected":false},"excerpt":{"rendered":"<p>QU\u00c9 NOS DISTINGUE KAINOS Consultor\u00eda Organizacional se distingue por integrar Desarrollo Organizacional, gesti\u00f3n administrativa y fundamento b\u00edblico, respetando plenamente la autoridad pastoral y la identidad espiritual de cada iglesia. Nuestro [&hellip;]<\/p>","protected":false},"author":1,"featured_media":0,"parent":0,"menu_order":0,"comment_status":"closed","ping_status":"closed","template":"","meta":{"_gspb_post_css":".gs_accordion_989>.gs_item{border-top-left-radius:8px;border-bottom-left-radius:8px;border-top-right-radius:8px;border-bottom-right-radius:8px;overflow:hidden;border-width:1px;border-style:solid;border-color:var(--wp--preset--color--border, #00000012)}.gs_accordion_989 .gs_title{margin:0;padding:0}.gs_accordion_989 .gs_title button{font-size:1rem;background-color:#0000000d;border:0;padding:1rem 1.5rem;font-weight:400;text-decoration:none;display:flex;justify-content:space-between;align-items:center;width:100%;color:#000;cursor:pointer;column-gap:5px}.gs_accordion_989 .gs_title .gs_icon{width:17px;height:17px;transition:all .5s ease}.gs_accordion_989>.gs_item>.gs_content{max-height:0;overflow:hidden;transition:max-height .5s cubic-bezier(.42,0,.58,1),opacity .4s cubic-bezier(.42,0,.58,1);opacity:0}.gs_accordion_989>.gs_item[data-active]>.gs_content{max-height:5000px;opacity:1}.gs_accordion_989 .gs_content>.gs_content_inner{padding:25px;font-size:1rem;line-height:1.7rem}.gs_accordion_989>.gs_item[data-active]>.gs_title .gs_icon{transform:rotate(90deg)}.gsbp-4805c9a{position:relative;display:flex;flex-direction:column;row-gap:15px;column-gap:15px;align-items:stretch;justify-content:flex-start}.gsbp-e28c7f1{background-color:#6d1a36;color:#f8f4ed}.gsbp-31bfb56 a,.gsbp-b730f30 a,.gsbp-bad357d a,.gsbp-bfd2e8b a,.gsbp-e28c7f1 a{color:#f8f4ed}.gsbp-4b430d8{color:#f8f4ed;font-size:30px}.gsbp-5c6597d{width:20px;height:20px;fill:#f8f4ed}.gsbp-bfd2e8b{background-color:#6d1a36;color:#f8f4ed}.gsbp-513e0e7{color:#f8f4ed;font-size:30px}.gsbp-ac99366{fill:#f8f4ed}.gsbp-bad357d{background-color:#6d1a36;color:#f8f4ed}.gsbp-36eabbc{color:#f8f4ed;font-size:30px}.gsbp-550eb4a{width:20px;height:20px;fill:#f8f4ed}.gsbp-31bfb56{background-color:#6d1a36;color:#f8f4ed}.gsbp-b48b450{color:#f8f4ed;font-size:30px}.gsbp-a4e9c91{width:20px;height:20px;fill:#f8f4ed}.gsbp-b730f30{background-color:#6d1a36;color:#f8f4ed}.gsbp-d96075e{color:#f8f4ed;font-size:30px}.gsbp-1e02d22{width:20px;height:20px;fill:#f8f4ed}","_EventAllDay":false,"_EventTimezone":"","_EventStartDate":"","_EventEndDate":"","_EventStartDateUTC":"","_EventEndDateUTC":"","_EventShowMap":false,"_EventShowMapLink":false,"_EventURL":"","_EventCost":"","_EventCostDescription":"","_EventCurrencySymbol":"","_EventCurrencyCode":"","_EventCurrencyPosition":"","_EventDateTimeSeparator":"","_EventTimeRangeSeparator":"","_EventOrganizerID":[],"_EventVenueID":[],"_OrganizerEmail":"","_OrganizerPhone":"","_OrganizerWebsite":"","_VenueAddress":"","_VenueCity":"","_VenueCountry":"","_VenueProvince":"","_VenueState":"","_VenueZip":"","_VenuePhone":"","_VenueURL":"","_VenueStateProvince":"","_VenueLat":"","_VenueLng":"","_VenueShowMap":false,"_VenueShowMapLink":false,"footnotes":""},"class_list":["post-1464","page","type-page","status-publish","hentry"],"blocksy_meta":[],"_links":{"self":[{"href":"https:\/\/kainosconsultoria.com\/en\/wp-json\/wp\/v2\/pages\/1464","targetHints":{"allow":["GET"]}}],"collection":[{"href":"https:\/\/kainosconsultoria.com\/en\/wp-json\/wp\/v2\/pages"}],"about":[{"href":"https:\/\/kainosconsultoria.com\/en\/wp-json\/wp\/v2\/types\/page"}],"author":[{"embeddable":true,"href":"https:\/\/kainosconsultoria.com\/en\/wp-json\/wp\/v2\/users\/1"}],"replies":[{"embeddable":true,"href":"https:\/\/kainosconsultoria.com\/en\/wp-json\/wp\/v2\/comments?post=1464"}],"version-history":[{"count":42,"href":"https:\/\/kainosconsultoria.com\/en\/wp-json\/wp\/v2\/pages\/1464\/revisions"}],"predecessor-version":[{"id":3477,"href":"https:\/\/kainosconsultoria.com\/en\/wp-json\/wp\/v2\/pages\/1464\/revisions\/3477"}],"wp:attachment":[{"href":"https:\/\/kainosconsultoria.com\/en\/wp-json\/wp\/v2\/media?parent=1464"}],"curies":[{"name":"wp","href":"https:\/\/api.w.org\/{rel}","templated":true}]}}