{"id":1467,"date":"2025-12-19T14:03:21","date_gmt":"2025-12-19T14:03:21","guid":{"rendered":"https:\/\/kainosconsultoria.com\/?page_id=1467"},"modified":"2026-01-25T19:27:38","modified_gmt":"2026-01-25T19:27:38","slug":"nuestro-enfoque","status":"publish","type":"page","link":"https:\/\/kainosconsultoria.com\/en\/nuestro-enfoque\/","title":{"rendered":"Marco conceptual del acompa\u00f1amiento organizacional"},"content":{"rendered":"<h1 class=\"wp-block-heading has-text-align-center has-text-color has-link-color has-large-font-size wp-elements-11bac052f161b9c9c447e1e27f8f895e\" id=\"marco-conceptual-del-acompanamiento-organizacional\" style=\"color:#6d1a36\"><strong>MARCO CONCEPTUAL DEL ACOMPA\u00d1AMIENTO ORGANIZACIONAL<\/strong><\/h1>\n\n\n\n<div class=\"wp-block-media-text is-stacked-on-mobile\" style=\"grid-template-columns:41% auto\"><figure class=\"wp-block-media-text__media\"><img loading=\"lazy\" decoding=\"async\" width=\"572\" height=\"882\" src=\"https:\/\/kainosconsultoria.com\/wp-content\/uploads\/2026\/01\/Captura-de-pantalla-2026-01-25-a-las-2.23.49-p.m.png\" alt=\"\" class=\"wp-image-3421 size-full\" srcset=\"https:\/\/kainosconsultoria.com\/wp-content\/uploads\/2026\/01\/Captura-de-pantalla-2026-01-25-a-las-2.23.49-p.m.png 572w, https:\/\/kainosconsultoria.com\/wp-content\/uploads\/2026\/01\/Captura-de-pantalla-2026-01-25-a-las-2.23.49-p.m-195x300.png 195w, https:\/\/kainosconsultoria.com\/wp-content\/uploads\/2026\/01\/Captura-de-pantalla-2026-01-25-a-las-2.23.49-p.m-8x12.png 8w\" sizes=\"auto, (max-width: 572px) 100vw, 572px\" \/><\/figure><div class=\"wp-block-media-text__content\">\n<p class=\"has-medium-font-size\">Nuestro enfoque parte de una convicci\u00f3n clara:  la administraci\u00f3n eclesial tambi\u00e9n es un acto de mayordom\u00eda ministerial<\/p>\n\n\n\n<p class=\"has-medium-font-size\">Aplicamos el Desarrollo Organizacional como una estrategia de apoyo t\u00e9cnico-administrativo, fundamentada en principios b\u00edblicos evidenciados tanto en el Antiguo como en el Nuevo Testamento [\u00c9xodo 18; Hechos 6; 1 Corintios 14:40].   El orden, la delegaci\u00f3n, la estructura y la evaluaci\u00f3n no son conceptos seculares importados, sino principios establecidos por Dios para el cuidado de Su pueblo.<\/p>\n\n\n\n<p class=\"has-medium-font-size\">En KAINOS:<\/p>\n\n\n\n<ul class=\"wp-block-list\">\n<li class=\"has-medium-font-size\"><strong>Respetamos<\/strong> que la visi\u00f3n, misi\u00f3n y decisiones espirituales pertenecen al liderazgo pastoral.<\/li>\n\n\n\n<li class=\"has-medium-font-size\"><strong>Entendemos<\/strong> la administraci\u00f3n como una herramienta al servicio del ministerio, no como un fin en s\u00ed misma.<\/li>\n\n\n\n<li class=\"has-medium-font-size\"><strong>Acompa\u00f1amos <\/strong>al liderazgo en la organizaci\u00f3n de estructuras, procesos y documentaci\u00f3n que sostienen la misi\u00f3n.<\/li>\n<\/ul>\n<\/div><\/div>","protected":false},"excerpt":{"rendered":"<p>MARCO CONCEPTUAL DEL ACOMPA\u00d1AMIENTO ORGANIZACIONAL<\/p>","protected":false},"author":1,"featured_media":0,"parent":0,"menu_order":0,"comment_status":"closed","ping_status":"closed","template":"","meta":{"_gspb_post_css":"","_EventAllDay":false,"_EventTimezone":"","_EventStartDate":"","_EventEndDate":"","_EventStartDateUTC":"","_EventEndDateUTC":"","_EventShowMap":false,"_EventShowMapLink":false,"_EventURL":"","_EventCost":"","_EventCostDescription":"","_EventCurrencySymbol":"","_EventCurrencyCode":"","_EventCurrencyPosition":"","_EventDateTimeSeparator":"","_EventTimeRangeSeparator":"","_EventOrganizerID":[],"_EventVenueID":[],"_OrganizerEmail":"","_OrganizerPhone":"","_OrganizerWebsite":"","_VenueAddress":"","_VenueCity":"","_VenueCountry":"","_VenueProvince":"","_VenueState":"","_VenueZip":"","_VenuePhone":"","_VenueURL":"","_VenueStateProvince":"","_VenueLat":"","_VenueLng":"","_VenueShowMap":false,"_VenueShowMapLink":false,"footnotes":""},"class_list":["post-1467","page","type-page","status-publish","hentry"],"blocksy_meta":[],"_links":{"self":[{"href":"https:\/\/kainosconsultoria.com\/en\/wp-json\/wp\/v2\/pages\/1467","targetHints":{"allow":["GET"]}}],"collection":[{"href":"https:\/\/kainosconsultoria.com\/en\/wp-json\/wp\/v2\/pages"}],"about":[{"href":"https:\/\/kainosconsultoria.com\/en\/wp-json\/wp\/v2\/types\/page"}],"author":[{"embeddable":true,"href":"https:\/\/kainosconsultoria.com\/en\/wp-json\/wp\/v2\/users\/1"}],"replies":[{"embeddable":true,"href":"https:\/\/kainosconsultoria.com\/en\/wp-json\/wp\/v2\/comments?post=1467"}],"version-history":[{"count":16,"href":"https:\/\/kainosconsultoria.com\/en\/wp-json\/wp\/v2\/pages\/1467\/revisions"}],"predecessor-version":[{"id":3424,"href":"https:\/\/kainosconsultoria.com\/en\/wp-json\/wp\/v2\/pages\/1467\/revisions\/3424"}],"wp:attachment":[{"href":"https:\/\/kainosconsultoria.com\/en\/wp-json\/wp\/v2\/media?parent=1467"}],"curies":[{"name":"wp","href":"https:\/\/api.w.org\/{rel}","templated":true}]}}