{"id":205,"date":"2025-11-14T05:09:07","date_gmt":"2025-11-14T05:09:07","guid":{"rendered":"https:\/\/kainosconsultoria.com\/?page_id=205"},"modified":"2026-01-25T15:57:32","modified_gmt":"2026-01-25T15:57:32","slug":"agende-su-consulta","status":"publish","type":"page","link":"https:\/\/kainosconsultoria.com\/en\/agende-su-consulta\/","title":{"rendered":"Agende su consulta"},"content":{"rendered":"<h1 class=\"wp-block-heading has-text-align-center has-text-color has-link-color wp-elements-2a4723f110c4ff76f2658ba19e188baa\" id=\"consulta-inicial-gratuita\" style=\"color:#6d1a36;font-size:clamp(21.536px, 1.346rem + ((1vw - 3.2px) * 1.052), 35px);\">CONSULTA INICIAL GRATUITA<\/h1>\n\n\n\n<div class=\"wp-block-media-text is-stacked-on-mobile\"><figure class=\"wp-block-media-text__media\"><img loading=\"lazy\" decoding=\"async\" width=\"1024\" height=\"689\" src=\"https:\/\/kainosconsultoria.com\/wp-content\/uploads\/2025\/12\/Captura-de-pantalla-2025-12-19-a-las-12.03.32-p.m-1024x689.png\" alt=\"\" class=\"wp-image-1511 size-full\" srcset=\"https:\/\/kainosconsultoria.com\/wp-content\/uploads\/2025\/12\/Captura-de-pantalla-2025-12-19-a-las-12.03.32-p.m-1024x689.png 1024w, https:\/\/kainosconsultoria.com\/wp-content\/uploads\/2025\/12\/Captura-de-pantalla-2025-12-19-a-las-12.03.32-p.m-300x202.png 300w, https:\/\/kainosconsultoria.com\/wp-content\/uploads\/2025\/12\/Captura-de-pantalla-2025-12-19-a-las-12.03.32-p.m-768x516.png 768w, https:\/\/kainosconsultoria.com\/wp-content\/uploads\/2025\/12\/Captura-de-pantalla-2025-12-19-a-las-12.03.32-p.m-18x12.png 18w, https:\/\/kainosconsultoria.com\/wp-content\/uploads\/2025\/12\/Captura-de-pantalla-2025-12-19-a-las-12.03.32-p.m.png 1142w\" sizes=\"auto, (max-width: 1024px) 100vw, 1024px\" \/><\/figure><div class=\"wp-block-media-text__content\">\n<p class=\"has-black-color has-text-color has-link-color has-medium-font-size wp-elements-bc0631887aa54f05ae1654bbc0f0ec03\">La Consulta Inicial Gratuita de KAINOS es un espacio de di\u00e1logo y acompa\u00f1amiento dise\u00f1ado para escuchar la realidad de su iglesia, comprender sus desaf\u00edos organizativos y ofrecer una orientaci\u00f3n clara sobre posibles caminos de fortalecimiento administrativo.<\/p>\n\n\n\n<p class=\"has-black-color has-text-color has-link-color has-medium-font-size wp-elements-4b0280d2e464386a2c6888b5dc3a48d4\">Este encuentro no implica compromiso contractual y respeta plenamente la autoridad y direcci\u00f3n del liderazgo pastoral.<\/p>\n<\/div><\/div>\n\n\n\n<p class=\"has-text-align-center has-text-color has-link-color has-medium-font-size wp-elements-292116d922bb69d57a1b7e0cf073e94a\" style=\"color:#6d1a36\"><em><strong>Un primer espacio de escucha, discernimiento y orientaci\u00f3n administrativa.<\/strong><\/em><\/p>\n\n\n\n<hr class=\"wp-block-separator alignfull has-text-color has-alpha-channel-opacity has-background\" style=\"background-color:#6d1a36;color:#6d1a36\"\/>\n\n\n\n<h2 class=\"wp-block-heading has-text-color has-link-color wp-elements-0a212a3dd485d1c5408963d38e79b855\" id=\"por-que-iniciar-con-una-consulta-inicial\" style=\"color:#6d1a36;font-size:clamp(21.536px, 1.346rem + ((1vw - 3.2px) * 1.052), 35px);\">\u00bfPor qu\u00e9 iniciar con una Consulta Inicial?<\/h2>\n\n\n\n<p class=\"has-black-color has-text-color has-link-color has-medium-font-size wp-elements-df094dc13561f15b1bc038469d5bac3a\">Muchas iglesias enfrentan desaf\u00edos administrativos que generan desgaste en el liderazgo, desorden en los procesos o dificultades para sostener la misi\u00f3n en el tiempo.<\/p>\n\n\n\n<p class=\"has-black-color has-text-color has-link-color has-medium-font-size wp-elements-adbccac414a7af79f94031b576cb430b\">La Consulta Inicial permite identificar con claridad si la situaci\u00f3n que vive su iglesia requiere un acompa\u00f1amiento organizacional y qu\u00e9 tipo de apoyo ser\u00eda el m\u00e1s adecuado, sin improvisaciones ni diagn\u00f3sticos apresurados.<\/p>\n\n\n\n<h2 class=\"wp-block-heading has-text-color has-link-color wp-elements-b8433de6cd422fa04c74353a6de8180b\" id=\"que-incluye-la-consulta-inicial-gratuita\" style=\"color:#6d1a36;font-size:clamp(21.536px, 1.346rem + ((1vw - 3.2px) * 1.052), 35px);\">\u00bfQu\u00e9 incluye la Consulta Inicial Gratuita?<\/h2>\n\n\n\n<ul class=\"wp-block-list\">\n<li class=\"has-black-color has-text-color has-link-color has-medium-font-size wp-elements-9085a9aa356c078ef29e7d11c65e325e\">Escucha atenta del contexto y la realidad actual de la iglesia.<\/li>\n\n\n\n<li class=\"has-black-color has-text-color has-link-color has-medium-font-size wp-elements-4c55ea358dcbe5f31c1af8b12652f5c2\">Identificaci\u00f3n preliminar de desaf\u00edos organizativos y administrativos.<\/li>\n\n\n\n<li class=\"has-black-color has-text-color has-link-color has-medium-font-size wp-elements-fe9f55ad94aadbe7926be1dc7fedcdbb\">Orientaci\u00f3n inicial sobre posibles \u00e1reas de fortalecimiento.<\/li>\n\n\n\n<li class=\"has-black-color has-text-color has-link-color has-medium-font-size wp-elements-140f45be7bd1a957cca9353cf4986869\">Aclaraci\u00f3n del alcance del acompa\u00f1amiento de KAINOS y sus l\u00edmites.<\/li>\n\n\n\n<li class=\"has-black-color has-text-color has-link-color has-medium-font-size wp-elements-ae15990cb6b469a2d39d92eed6df4f51\">Espacio seguro para preguntas del liderazgo pastoral.<\/li>\n<\/ul>\n\n\n\n<h2 class=\"wp-block-heading has-text-color has-link-color wp-elements-3d93184e291c0d62d21a24d98d1bf681\" id=\"como-comenzar\" style=\"color:#6d1a36;font-size:clamp(21.536px, 1.346rem + ((1vw - 3.2px) * 1.052), 35px);\">\u00bfC\u00f3mo comenzar?<\/h2>\n\n\n\n<p class=\"has-black-color has-text-color has-link-color has-medium-font-size wp-elements-38b06b2eaf64cb85cdd50444d8c99f74\"><strong>Paso 1: Solicite la consulta<\/strong><br>Complete el formulario con informaci\u00f3n b\u00e1sica sobre su iglesia.<\/p>\n\n\n\n<p class=\"has-black-color has-text-color has-link-color has-medium-font-size wp-elements-4a3ce3b4dafee7341b2a8d823bf0d5e5\"><strong>Paso 2: Conversamos<\/strong><br>Agendamos un encuentro virtual para escuchar su situaci\u00f3n y responder sus preguntas.<\/p>\n\n\n\n<p class=\"has-black-color has-text-color has-link-color has-medium-font-size wp-elements-fa58f0318ce056355789b9b1cac8e60f\"><strong>Paso 3: Orientaci\u00f3n clara<\/strong><br>Recibe una recomendaci\u00f3n honesta sobre los pr\u00f3ximos pasos posibles, sin presi\u00f3n ni compromiso.<\/p>\n\n\n\n<p class=\"has-black-color has-text-color has-link-color has-medium-font-size wp-elements-d00e2f4c65597619fe22929c83783129\">Si desea conversar sobre la situaci\u00f3n administrativa de su iglesia y recibir una orientaci\u00f3n inicial, complete el siguiente formulario.<\/p>\n\n\n\n<p class=\"has-black-color has-text-color has-link-color has-medium-font-size wp-elements-ea882fbd82db893dd7bde71300b0cd3d\">KAINOS se pondr\u00e1 en contacto con usted para coordinar la Consulta Inicial Gratuita.<\/p>\n\n\n\n<figure class=\"wp-block-image aligncenter size-full is-resized\"><img loading=\"lazy\" decoding=\"async\" width=\"868\" height=\"210\" src=\"https:\/\/kainosconsultoria.com\/wp-content\/uploads\/2026\/01\/Captura-de-pantalla-2026-01-25-a-las-10.53.11-a.m.png\" alt=\"\" class=\"wp-image-3385\" style=\"width:600px\" srcset=\"https:\/\/kainosconsultoria.com\/wp-content\/uploads\/2026\/01\/Captura-de-pantalla-2026-01-25-a-las-10.53.11-a.m.png 868w, https:\/\/kainosconsultoria.com\/wp-content\/uploads\/2026\/01\/Captura-de-pantalla-2026-01-25-a-las-10.53.11-a.m-300x73.png 300w, https:\/\/kainosconsultoria.com\/wp-content\/uploads\/2026\/01\/Captura-de-pantalla-2026-01-25-a-las-10.53.11-a.m-768x186.png 768w, https:\/\/kainosconsultoria.com\/wp-content\/uploads\/2026\/01\/Captura-de-pantalla-2026-01-25-a-las-10.53.11-a.m-18x4.png 18w\" sizes=\"auto, (max-width: 868px) 100vw, 868px\" \/><\/figure>\n\n\n\n<div style=\"height:10px\" aria-hidden=\"true\" class=\"wp-block-spacer\"><\/div>\n\n\n\n<h2 class=\"wp-block-heading has-text-color has-link-color wp-elements-351aeb924a6455eb1df5ba5710d94fad\" id=\"desea-comunicarse-con-nosotros\" style=\"color:#6d1a36;font-size:clamp(21.536px, 1.346rem + ((1vw - 3.2px) * 1.052), 35px);\"><strong>\u00bfDesea comunicarse con nosotros?<\/strong><\/h2>\n\n\n\n<p class=\"has-black-color has-text-color has-link-color has-medium-font-size wp-elements-9c382d3f9e0f453cc7546aeba709612d\">Puede hacerlo de las siguientes maneras:<\/p>\n\n\n\n<p class=\"has-black-color has-text-color has-link-color has-medium-font-size wp-elements-9afbc37b3ee0e45f19cee2799fe4ac10\"><strong>A)<\/strong>  \ud83d\udcde <strong>Tel\u00e9fono:<\/strong> 407-279-6872<br>         \u2709\ufe0f <strong>Email:<\/strong> <a>info@kainosconsultoria.com<\/a><\/p>\n\n\n\n<p class=\"has-black-color has-text-color has-link-color has-medium-font-size wp-elements-d989d0f243749105939123d6fb966bc7\"><strong>B)<\/strong>  Tambi\u00e9n puede <strong>completar el siguiente formulario<\/strong> para solicitar su Consulta Inicial Gratuita,  con gusto nos comunicaremos con usted para coordinar el encuentro.<\/p>\n\n\n\n<h2 class=\"wp-block-heading has-text-align-left\" id=\"formulario-consulta-inicial-gratuita\" style=\"font-size:clamp(21.536px, 1.346rem + ((1vw - 3.2px) * 1.052), 35px);\"> Formulario Consulta Inicial Gratuita<\/h2>\n\n\n\n<p><\/p>\n\n\n\n<div class=\"wp-block-columns is-layout-flex wp-container-core-columns-is-layout-28f84493 wp-block-columns-is-layout-flex\">\n<div class=\"wp-block-column is-layout-flow wp-block-column-is-layout-flow\" style=\"flex-basis:50%\">\n<div class=\"gb-element-26da5354 kainos-form-box\"><div class=\"wpforms-container wpforms-block wpforms-block-99f095b7-84ce-4a20-be61-0faeb731802f form-compacto wpforms-render-modern\" id=\"wpforms-2625\"><form id=\"wpforms-form-2625\" class=\"wpforms-validate wpforms-form wpforms-ajax-form\" data-formid=\"2625\" method=\"post\" enctype=\"multipart\/form-data\" action=\"\/en\/wp-json\/wp\/v2\/pages\/205\" data-token=\"0f8b22e2780c0d32544e730340770d95\" data-token-time=\"1778133555\" data-trp-original-action=\"\/en\/wp-json\/wp\/v2\/pages\/205\"><noscript class=\"wpforms-error-noscript\">Please enable JavaScript in your browser to complete this form.<\/noscript><div id=\"wpforms-error-noscript\" style=\"display: none;\">Please enable JavaScript in your browser to complete this form.<\/div><div class=\"wpforms-field-container\"><div id=\"wpforms-2625-field_2-container\" class=\"wpforms-field wpforms-field-name\" data-field-id=\"2\"><label class=\"wpforms-field-label\" for=\"wpforms-2625-field_2\">Nombre <span class=\"wpforms-required-label\" aria-hidden=\"true\">*<\/span><\/label><input type=\"text\" id=\"wpforms-2625-field_2\" class=\"wpforms-field-medium wpforms-field-required\" name=\"wpforms[fields][2]\" aria-errormessage=\"wpforms-2625-field_2-error\" required><\/div><div id=\"wpforms-2625-field_9-container\" class=\"wpforms-field wpforms-field-text\" data-field-id=\"9\"><label class=\"wpforms-field-label\" for=\"wpforms-2625-field_9\">Rol ministerial<\/label><input type=\"text\" id=\"wpforms-2625-field_9\" class=\"wpforms-field-medium\" name=\"wpforms[fields][9]\" aria-errormessage=\"wpforms-2625-field_9-error\" ><\/div><div id=\"wpforms-2625-field_3-container\" class=\"wpforms-field wpforms-field-email\" data-field-id=\"3\"><label class=\"wpforms-field-label\" for=\"wpforms-2625-field_3\">Email <span class=\"wpforms-required-label\" aria-hidden=\"true\">*<\/span><\/label><input type=\"email\" id=\"wpforms-2625-field_3\" class=\"wpforms-field-medium wpforms-field-required\" name=\"wpforms[fields][3]\" spellcheck=\"false\" aria-errormessage=\"wpforms-2625-field_3-error\" required><\/div><div id=\"wpforms-2625-field_6-container\" class=\"wpforms-field wpforms-field-text\" data-field-id=\"6\"><label class=\"wpforms-field-label\" for=\"wpforms-2625-field_6\">Nombre de la iglesia <span class=\"wpforms-required-label\" aria-hidden=\"true\">*<\/span><\/label><input type=\"text\" id=\"wpforms-2625-field_6\" class=\"wpforms-field-medium wpforms-field-required\" name=\"wpforms[fields][6]\" aria-errormessage=\"wpforms-2625-field_6-error\" required><\/div><div id=\"wpforms-2625-field_8-container\" class=\"wpforms-field wpforms-field-number\" data-field-id=\"8\"><label class=\"wpforms-field-label\" for=\"wpforms-2625-field_8\">Tel\u00e9fono <span class=\"wpforms-required-label\" aria-hidden=\"true\">*<\/span><\/label><input type=\"number\" id=\"wpforms-2625-field_8\" class=\"wpforms-field-medium wpforms-field-required\" name=\"wpforms[fields][8]\" step=\"any\" aria-errormessage=\"wpforms-2625-field_8-error\" required><\/div><div id=\"wpforms-2625-field_7-container\" class=\"wpforms-field wpforms-field-text\" data-field-id=\"7\"><label class=\"wpforms-field-label\" for=\"wpforms-2625-field_7\">P\u00e1gina web de la iglesia<\/label><input type=\"text\" id=\"wpforms-2625-field_7\" class=\"wpforms-field-medium\" name=\"wpforms[fields][7]\" aria-errormessage=\"wpforms-2625-field_7-error\" ><\/div>\t\t<div id=\"wpforms-2625-field_1-container\"\n\t\t\tclass=\"wpforms-field wpforms-field-text\"\n\t\t\tdata-field-type=\"text\"\n\t\t\tdata-field-id=\"1\"\n\t\t\t>\n\t\t\t<label class=\"wpforms-field-label\" for=\"wpforms-2625-field_1\" >Nombre  <\/label>\n\t\t\t<input type=\"text\" id=\"wpforms-2625-field_1\" class=\"wpforms-field-medium\" name=\"wpforms[fields][1]\" >\n\t\t<\/div>\n\t\t<div id=\"wpforms-2625-field_5-container\" class=\"wpforms-field wpforms-field-text\" data-field-id=\"5\"><label class=\"wpforms-field-label\" for=\"wpforms-2625-field_5\">Mensaje                                    <\/label><input type=\"text\" id=\"wpforms-2625-field_5\" class=\"wpforms-field-medium\" name=\"wpforms[fields][5]\" aria-errormessage=\"wpforms-2625-field_5-error\" aria-describedby=\"wpforms-2625-field_5-description\" ><div id=\"wpforms-2625-field_5-description\" class=\"wpforms-field-description\">La informaci\u00f3n suministrada nos permitir\u00e1 comprender mejor su contexto y preparar esta primera conversaci\u00f3n de manera m\u00e1s efectiva. Toda la informaci\u00f3n compartida ser\u00e1 tratada con absoluta confidencialidad.<\/div><\/div><script>\n\t\t\t\t( function() {\n\t\t\t\t\tconst style = document.createElement( 'style' );\n\t\t\t\t\tstyle.appendChild( document.createTextNode( '#wpforms-2625-field_1-container { position: absolute !important; overflow: hidden !important; display: inline !important; height: 1px !important; width: 1px !important; z-index: -1000 !important; padding: 0 !important; } #wpforms-2625-field_1-container input { visibility: hidden; } #wpforms-conversational-form-page #wpforms-2625-field_1-container label { counter-increment: none; }' ) );\n\t\t\t\t\tdocument.head.appendChild( style );\n\t\t\t\t\tdocument.currentScript?.remove();\n\t\t\t\t} )();\n\t\t\t<\/script><\/div><!-- .wpforms-field-container --><div class=\"wpforms-submit-container\" ><input type=\"hidden\" name=\"wpforms[id]\" value=\"2625\"><input type=\"hidden\" name=\"page_title\" value=\"\"><input type=\"hidden\" name=\"page_url\" value=\"https:\/\/kainosconsultoria.com\/en\/wp-json\/wp\/v2\/pages\/205\"><input type=\"hidden\" name=\"url_referer\" value=\"\"><button type=\"submit\" name=\"wpforms[submit]\" id=\"wpforms-submit-2625\" class=\"wpforms-submit\" data-alt-text=\"Sending...\" data-submit-text=\"Solicitar consulta\" aria-live=\"assertive\" value=\"wpforms-submit\">Solicitar consulta<\/button><img loading=\"lazy\" decoding=\"async\" src=\"https:\/\/kainosconsultoria.com\/wp-content\/plugins\/wpforms-lite\/assets\/images\/submit-spin.svg\" class=\"wpforms-submit-spinner\" style=\"display: none;\" width=\"26\" height=\"26\" alt=\"Loading\"><\/div><input type=\"hidden\" name=\"trp-form-language\" value=\"en\"\/><\/form><\/div>  <!-- .wpforms-container --><\/div>\n<\/div>\n\n\n\n<div class=\"wp-block-column is-layout-flow wp-block-column-is-layout-flow\" style=\"flex-basis:50%\"><\/div>\n<\/div>\n\n\n\n<p><\/p>","protected":false},"excerpt":{"rendered":"<p>CONSULTA INICIAL GRATUITA La Consulta Inicial Gratuita de KAINOS es un espacio de di\u00e1logo y acompa\u00f1amiento dise\u00f1ado para escuchar la realidad de su iglesia, comprender sus desaf\u00edos organizativos y ofrecer [&hellip;]<\/p>","protected":false},"author":1,"featured_media":0,"parent":0,"menu_order":0,"comment_status":"closed","ping_status":"closed","template":"","meta":{"_gspb_post_css":"","_EventAllDay":false,"_EventTimezone":"","_EventStartDate":"","_EventEndDate":"","_EventStartDateUTC":"","_EventEndDateUTC":"","_EventShowMap":false,"_EventShowMapLink":false,"_EventURL":"","_EventCost":"","_EventCostDescription":"","_EventCurrencySymbol":"","_EventCurrencyCode":"","_EventCurrencyPosition":"","_EventDateTimeSeparator":"","_EventTimeRangeSeparator":"","_EventOrganizerID":[],"_EventVenueID":[],"_OrganizerEmail":"","_OrganizerPhone":"","_OrganizerWebsite":"","_VenueAddress":"","_VenueCity":"","_VenueCountry":"","_VenueProvince":"","_VenueState":"","_VenueZip":"","_VenuePhone":"","_VenueURL":"","_VenueStateProvince":"","_VenueLat":"","_VenueLng":"","_VenueShowMap":false,"_VenueShowMapLink":false,"footnotes":""},"class_list":["post-205","page","type-page","status-publish","hentry"],"blocksy_meta":[],"_links":{"self":[{"href":"https:\/\/kainosconsultoria.com\/en\/wp-json\/wp\/v2\/pages\/205","targetHints":{"allow":["GET"]}}],"collection":[{"href":"https:\/\/kainosconsultoria.com\/en\/wp-json\/wp\/v2\/pages"}],"about":[{"href":"https:\/\/kainosconsultoria.com\/en\/wp-json\/wp\/v2\/types\/page"}],"author":[{"embeddable":true,"href":"https:\/\/kainosconsultoria.com\/en\/wp-json\/wp\/v2\/users\/1"}],"replies":[{"embeddable":true,"href":"https:\/\/kainosconsultoria.com\/en\/wp-json\/wp\/v2\/comments?post=205"}],"version-history":[{"count":58,"href":"https:\/\/kainosconsultoria.com\/en\/wp-json\/wp\/v2\/pages\/205\/revisions"}],"predecessor-version":[{"id":3386,"href":"https:\/\/kainosconsultoria.com\/en\/wp-json\/wp\/v2\/pages\/205\/revisions\/3386"}],"wp:attachment":[{"href":"https:\/\/kainosconsultoria.com\/en\/wp-json\/wp\/v2\/media?parent=205"}],"curies":[{"name":"wp","href":"https:\/\/api.w.org\/{rel}","templated":true}]}}