{"id":5,"date":"2024-01-15T14:04:16","date_gmt":"2024-01-15T14:04:16","guid":{"rendered":"https:\/\/startersites.io\/blocksy\/consultant\/?page_id=5"},"modified":"2026-02-16T02:02:26","modified_gmt":"2026-02-16T02:02:26","slug":"home-2","status":"publish","type":"page","link":"https:\/\/kainosconsultoria.com\/en\/","title":{"rendered":"Inicio"},"content":{"rendered":"<div style=\"margin-top:-80px;height:30px\" aria-hidden=\"true\" class=\"wp-block-spacer\"><\/div>\n\n\n\n<h2 class=\"wp-block-heading has-text-align-center has-text-color has-link-color wp-elements-2fed158eb13ec56ce8fcf88fb3d3b599\" id=\"acompanamos-a-iglesias-hispanas-en-el-fortalecimiento-de-su-gestion-administrativa\" style=\"color:#6d1a36;font-size:clamp(19.481px, 1.218rem + ((1vw - 3.2px) * 0.9), 31px);\">Acompa\u00f1amos a iglesias hispanas en el fortalecimiento de su gesti\u00f3n administrativa<br><\/h2>\n\n\n\n<div class=\"wp-block-media-text is-stacked-on-mobile\" style=\"grid-template-columns:45% auto\"><figure class=\"wp-block-media-text__media\"><img loading=\"lazy\" decoding=\"async\" width=\"1024\" height=\"687\" src=\"https:\/\/kainosconsultoria.com\/wp-content\/uploads\/2026\/01\/Inicio-reunion-1024x687.png\" alt=\"\" class=\"wp-image-2728 size-full\" srcset=\"https:\/\/kainosconsultoria.com\/wp-content\/uploads\/2026\/01\/Inicio-reunion-1024x687.png 1024w, https:\/\/kainosconsultoria.com\/wp-content\/uploads\/2026\/01\/Inicio-reunion-300x201.png 300w, https:\/\/kainosconsultoria.com\/wp-content\/uploads\/2026\/01\/Inicio-reunion-768x515.png 768w, https:\/\/kainosconsultoria.com\/wp-content\/uploads\/2026\/01\/Inicio-reunion-18x12.png 18w, https:\/\/kainosconsultoria.com\/wp-content\/uploads\/2026\/01\/Inicio-reunion.png 1360w\" sizes=\"auto, (max-width: 1024px) 100vw, 1024px\" \/><\/figure><div class=\"wp-block-media-text__content\">\n<h3 class=\"wp-block-heading has-text-align-center has-text-color has-link-color wp-elements-d43c9110b81ef72cbbca4a910cf7b8c0\" id=\"apoyando-al-liderazgo-pastoral-en-la-transformacion-de-la-gestion-administrativa-organizacional-de-la-iglesia-para-servir-a-dios-con-orden-y-excelencia\" style=\"color:#6d1a36;margin-top:var(--wp--preset--spacing--30);font-size:clamp(14px, 0.875rem + ((1vw - 3.2px) * 0.313), 18px);\">Apoyando al liderazgo pastoral en la transformaci\u00f3n de la gesti\u00f3n administrativa organizacional de la iglesia, para servir a Dios con orden y excelencia.<\/h3>\n\n\n\n<p class=\"has-text-align-center has-text-color has-link-color wp-elements-0220a7e4be60da0bc8e9530ebfa18776\" style=\"color:#4a4a4a;margin-top:80px;margin-bottom:80px;font-size:clamp(14px, 0.875rem + ((1vw - 3.2px) * 0.313), 18px);\"><\/p>\n<\/div><\/div>\n\n\n\n<p class=\"has-text-align-center\"><strong><em>\u00ab<em><strong>Que todo lo que hagan sea siempre de forma apropiada y ordenada<\/strong><\/em>\u00bb.<\/em><br>[<em>1 Corintios 14:40 PDT<\/em>]<\/strong><\/p>\n\n\n\n<h2 class=\"wp-block-heading has-text-color has-link-color wp-elements-465640a48455e2a8d85e2f1e7316a9b7\" id=\"como-acompanamos-a-las-iglesias-1\" style=\"color:#6d1a36\">\u00bfC\u00f3mo acompa\u00f1amos a las iglesias?<\/h2>\n\n\n\n<p class=\"has-black-color has-text-color has-link-color has-medium-font-size wp-elements-97018aae0bfd515fda7910df1456c7ba\" style=\"margin-top:-15px\">Acompa\u00f1amos a iglesias y ministerios en el fortalecimiento de su gesti\u00f3n administrativa, ayud\u00e1ndoles a ordenar procesos y estructuras para servir con claridad, responsabilidad y fidelidad a la misi\u00f3n que Dios les ha confiado.<\/p>\n\n\n\n<p class=\"has-black-color has-text-color has-link-color has-medium-font-size wp-elements-8d41fb1b5ff8efdfb4b973b8b0ce5f8e\">Cada iglesia enfrenta realidades y desaf\u00edos distintos.  Por eso, en KAINOS no ofrecemos soluciones gen\u00e9ricas ni intervenciones aisladas. Nuestro acompa\u00f1amiento inicia con la escucha, contin\u00faa con el an\u00e1lisis responsable y se concreta en una orientaci\u00f3n clara y contextualizada, siempre en respeto a la autoridad y direcci\u00f3n del liderazgo pastoral.<\/p>\n\n\n\n<p class=\"has-black-color has-text-color has-link-color has-medium-font-size wp-elements-7e0137ef636a1bab7785968d0e61d024\">Los servicios de KAINOS se desarrollan de manera integrada y progresiva. El Diagn\u00f3stico Institucional establece la base para la Planificaci\u00f3n Estrat\u00e9gica; la Planificaci\u00f3n orienta la Estructura Organizacional y la Estructura ordena la Gesti\u00f3n de Recursos Humanos; todo el proceso es acompa\u00f1ado mediante Control, Evaluaci\u00f3n y el Dise\u00f1o de Documentos Administrativos que formalizan los acuerdos alcanzados.<\/p>\n\n\n\n<p><\/p>","protected":false},"excerpt":{"rendered":"<p>Acompa\u00f1amos a iglesias hispanas en el fortalecimiento de su gesti\u00f3n administrativa Apoyando al liderazgo pastoral en la transformaci\u00f3n de la gesti\u00f3n administrativa organizacional de la iglesia, para servir a Dios [&hellip;]<\/p>","protected":false},"author":1,"featured_media":0,"parent":0,"menu_order":0,"comment_status":"closed","ping_status":"closed","template":"","meta":{"_gspb_post_css":"#gspb_row-id-gsbp-ebe7969{justify-content:space-between;margin-top:0;margin-bottom:0;display:flex;flex-wrap:wrap}#gspb_row-id-gsbp-ebe7969>.gspb_row__content{display:flex;margin:0 auto;width:100%;flex-wrap:wrap;justify-content:space-evenly}.gspb_row{position:relative}div[id^=gspb_col-id]{box-sizing:border-box;position:relative;padding:var(--gs-row-column-padding, 15px min(3vw, 20px))}body.gspb-bodyfront #gspb_row-id-gsbp-ebe7969>.gspb_row__content{width:var(--theme-container-width, 1200px);max-width:var(--theme-normal-container-max-width, 1200px)}#gspb_col-id-gsbp-bfbe8a2.gspb_row__col--6{width:50%}@media (max-width:575.98px){#gspb_col-id-gsbp-bfbe8a2.gspb_row__col--6{width:100%}}.gspb_row #gspb_col-id-gsbp-bfbe8a2.gspb_row__col--6{margin-top:-60px}#gspb_col-id-gsbp-bfbe8a2.gspb_row__col--6{font-size:48px;font-weight:700!important;color:#7a0c0c}#gspb_col-id-gsbp-1ef04be.gspb_row__col--6{width:50%}@media (max-width:575.98px){#gspb_col-id-gsbp-1ef04be.gspb_row__col--6{width:100%}}@media (min-width:992px){body.gspb-bodyfront #gspb_col-id-gsbp-1ef04be.gspb_row__col--6{width:calc(49% - 0px - 0px)}}.gspb_row #gspb_col-id-gsbp-1ef04be.gspb_row__col--6{margin-top:-40px;padding-top:20px}body #gspb_col-id-gsbp-1ef04be.gspb_row__col--6{display:flex;justify-content:flex-end}#gspb_image-id-gsbp-5ab9865 img{vertical-align:top;display:inline-block;box-sizing:border-box;max-width:100%;width:418px;height:auto}#gspb_image-id-gsbp-5ab9865{height:auto}@media (max-width:991.98px){#gspb_image-id-gsbp-5ab9865,#gspb_image-id-gsbp-5ab9865 img{height:auto}}@media (max-width:767.98px){#gspb_image-id-gsbp-5ab9865,#gspb_image-id-gsbp-5ab9865 img{height:auto}}@media (max-width:575.98px){#gspb_image-id-gsbp-5ab9865,#gspb_image-id-gsbp-5ab9865 img{height:auto}}","_EventAllDay":false,"_EventTimezone":"","_EventStartDate":"","_EventEndDate":"","_EventStartDateUTC":"","_EventEndDateUTC":"","_EventShowMap":false,"_EventShowMapLink":false,"_EventURL":"","_EventCost":"","_EventCostDescription":"","_EventCurrencySymbol":"","_EventCurrencyCode":"","_EventCurrencyPosition":"","_EventDateTimeSeparator":"","_EventTimeRangeSeparator":"","_EventOrganizerID":[],"_EventVenueID":[],"_OrganizerEmail":"","_OrganizerPhone":"","_OrganizerWebsite":"","_VenueAddress":"","_VenueCity":"","_VenueCountry":"","_VenueProvince":"","_VenueState":"","_VenueZip":"","_VenuePhone":"","_VenueURL":"","_VenueStateProvince":"","_VenueLat":"","_VenueLng":"","_VenueShowMap":false,"_VenueShowMapLink":false,"footnotes":""},"class_list":["post-5","page","type-page","status-publish","hentry"],"blocksy_meta":{"has_hero_section":"disabled","styles_descriptor":{"styles":{"desktop":"","tablet":"","mobile":""},"google_fonts":[],"version":6},"content_style_source":"inherit","vertical_spacing_source":"inherit","content_area_spacing":"none"},"_links":{"self":[{"href":"https:\/\/kainosconsultoria.com\/en\/wp-json\/wp\/v2\/pages\/5","targetHints":{"allow":["GET"]}}],"collection":[{"href":"https:\/\/kainosconsultoria.com\/en\/wp-json\/wp\/v2\/pages"}],"about":[{"href":"https:\/\/kainosconsultoria.com\/en\/wp-json\/wp\/v2\/types\/page"}],"author":[{"embeddable":true,"href":"https:\/\/kainosconsultoria.com\/en\/wp-json\/wp\/v2\/users\/1"}],"replies":[{"embeddable":true,"href":"https:\/\/kainosconsultoria.com\/en\/wp-json\/wp\/v2\/comments?post=5"}],"version-history":[{"count":147,"href":"https:\/\/kainosconsultoria.com\/en\/wp-json\/wp\/v2\/pages\/5\/revisions"}],"predecessor-version":[{"id":3494,"href":"https:\/\/kainosconsultoria.com\/en\/wp-json\/wp\/v2\/pages\/5\/revisions\/3494"}],"wp:attachment":[{"href":"https:\/\/kainosconsultoria.com\/en\/wp-json\/wp\/v2\/media?parent=5"}],"curies":[{"name":"wp","href":"https:\/\/api.w.org\/{rel}","templated":true}]}}