{"id":675,"date":"2025-11-23T04:47:53","date_gmt":"2025-11-23T04:47:53","guid":{"rendered":"https:\/\/kainosconsultoria.com\/?page_id=675"},"modified":"2026-02-03T08:57:34","modified_gmt":"2026-02-03T08:57:34","slug":"nuestra-historia","status":"publish","type":"page","link":"https:\/\/kainosconsultoria.com\/en\/nuestra-historia\/","title":{"rendered":"Nuestra historia"},"content":{"rendered":"<h2 class=\"wp-block-heading has-text-align-center has-text-color has-link-color wp-elements-064c77608b6b66bed87c98fae64daa5b\" id=\"nuestra-historia-linea-del-tiempo-editorial\" style=\"color:#6d1a36;margin-top:0px;margin-right:0px;margin-bottom:0px;margin-left:0px;font-size:clamp(24.034px, 1.502rem + ((1vw - 3.2px) * 1.247), 40px);\"><strong>Nuestra historia<\/strong><\/h2>\n\n\n\n<p class=\"has-text-align-center has-text-color has-link-color wp-elements-db04f64ebfbe5b69a026cd0264ba4aed\" id=\"toda-iglesia-necesita-una-base-administrativa-que-acompane-la-mision-que-dios-le-ha-confiado\" style=\"color:#6d1a36;font-size:clamp(17.905px, 1.119rem + ((1vw - 3.2px) * 0.789), 28px);\">\u00ab<strong><em>Toda iglesia necesita una base administrativa que acompa\u00f1e la misi\u00f3n que Dios le ha confiado\u00bb.<\/em><\/strong><\/p>\n\n\n\n<p class=\"has-black-color has-text-color has-link-color wp-elements-6c981ab53df007188368993b23b5078b\" style=\"font-size:clamp(15.197px, 0.95rem + ((1vw - 3.2px) * 0.61), 23px);\">KAINOS ofrece apoyo t\u00e9cnico en la gesti\u00f3n administrativa de la iglesia, integrando orden, claridad y buenas pr\u00e1cticas operativas para que cada congregaci\u00f3n pueda avanzar con estabilidad y responsabilidad en lo que Dios le ha confiado.<\/p>\n\n\n\n<hr class=\"wp-block-separator alignwide has-text-color has-alpha-channel-opacity has-background\" style=\"background-color:#6d1a36;color:#6d1a36\"\/>\n\n\n\n<div style=\"height:17px\" aria-hidden=\"true\" class=\"wp-block-spacer\"><\/div>\n\n\n\n<h3 class=\"wp-block-heading has-text-align-center has-text-color has-link-color wp-elements-9048eb00bc892233435544b0a8877548\" id=\"nuestra-trayectoria\" style=\"color:#6d1a36;margin-top:-5px;font-size:clamp(18.959px, 1.185rem + ((1vw - 3.2px) * 0.863), 30px);\">Nuestra trayectoria <\/h3>\n\n\n\n<div class=\"wp-block-group is-layout-constrained wp-block-group-is-layout-constrained\">\n<div class=\"wp-block-group is-layout-constrained wp-block-group-is-layout-constrained\">\n<p class=\"has-text-align-center has-text-color has-link-color wp-elements-f8aa8fcaee01cc907b36369d65256d0c\" id=\"linea-del-tiempo-editorial\" style=\"color:#545656;margin-top:-25px;font-size:clamp(16.293px, 1.018rem + ((1vw - 3.2px) * 0.68), 25px);\"><strong><em>L\u00ednea del tiempo editorial<\/em><\/strong><\/p>\n\n\n\n<h3 class=\"wp-block-heading has-text-align-left has-text-color has-link-color wp-elements-e9f8e28b796fc8cf4b8156eb0df7fe5f\" id=\"etapa-1-la-necesidad-detectada\" style=\"color:#6d1a36;margin-top:-5px;margin-left:-125px;font-size:clamp(18.959px, 1.185rem + ((1vw - 3.2px) * 0.863), 30px);\">Etapa 1 \u00b7 La necesidad detectada<\/h3>\n<\/div>\n\n\n\n<div class=\"gb-element-3f07952d\">\n<figure class=\"wp-block-image aligncenter size-full is-resized is-style-default\" style=\"margin-right:0px\"><img loading=\"lazy\" decoding=\"async\" width=\"1266\" height=\"838\" src=\"https:\/\/kainosconsultoria.com\/wp-content\/uploads\/2025\/12\/Captura-de-pantalla-2025-12-11-a-las-10.01.48-p.m.png\" alt=\"\" class=\"wp-image-928\" style=\"width:450px\" srcset=\"https:\/\/kainosconsultoria.com\/wp-content\/uploads\/2025\/12\/Captura-de-pantalla-2025-12-11-a-las-10.01.48-p.m.png 1266w, https:\/\/kainosconsultoria.com\/wp-content\/uploads\/2025\/12\/Captura-de-pantalla-2025-12-11-a-las-10.01.48-p.m-300x199.png 300w, https:\/\/kainosconsultoria.com\/wp-content\/uploads\/2025\/12\/Captura-de-pantalla-2025-12-11-a-las-10.01.48-p.m-1024x678.png 1024w, https:\/\/kainosconsultoria.com\/wp-content\/uploads\/2025\/12\/Captura-de-pantalla-2025-12-11-a-las-10.01.48-p.m-768x508.png 768w, https:\/\/kainosconsultoria.com\/wp-content\/uploads\/2025\/12\/Captura-de-pantalla-2025-12-11-a-las-10.01.48-p.m-18x12.png 18w\" sizes=\"auto, (max-width: 1266px) 100vw, 1266px\" \/><\/figure>\n\n\n\n<div>\n<p class=\"has-black-color has-text-color has-link-color has-medium-font-size wp-elements-bb99441b1e09596db7987e9e0a2cc7ed\">KAINOS Consultor\u00eda Organizacional surge con el prop\u00f3sito de apoyar a pastores y l\u00edderes que buscan fortalecer la gesti\u00f3n administrativa interna de sus iglesias.<\/p>\n\n\n\n<p class=\"has-black-color has-text-color has-link-color has-medium-font-size wp-elements-e28df373279e5c148d365c05fe9ea00f\">Estamos convencidos de que una organizaci\u00f3n eclesial bien estructurada honra a Dios, permite que la iglesia opere con orden, eficiencia y estabilidad, reflejando excelencia en el servicio y fidelidad a la obra que \u00c9l le ha confiado.<\/p>\n<\/div>\n<\/div>\n\n\n\n<hr class=\"wp-block-separator alignwide has-text-color has-alpha-channel-opacity has-background\" style=\"background-color:#6d1a36;color:#6d1a36\"\/>\n\n\n\n<div class=\"wp-block-group is-layout-constrained wp-block-group-is-layout-constrained\">\n<h3 class=\"wp-block-heading has-text-align-left has-text-color has-link-color wp-elements-dfdc9450bc23dc30461fe3a80bd71df4\" id=\"etapa-1-la-necesidad-detectada\" style=\"color:#6d1a36;margin-top:-5px;margin-left:-125px;font-size:clamp(18.959px, 1.185rem + ((1vw - 3.2px) * 0.863), 30px);\">Etapa 2 \u00b7 La experiencia organizacional<\/h3>\n<\/div>\n\n\n\n<div class=\"gb-element-47a9692c\">\n<figure class=\"wp-block-image aligncenter size-full is-resized is-style-default\" style=\"margin-right:0px\"><img loading=\"lazy\" decoding=\"async\" width=\"728\" height=\"484\" src=\"https:\/\/kainosconsultoria.com\/wp-content\/uploads\/2025\/12\/Captura-de-pantalla-2025-12-12-a-las-12.10.29-a.m.png\" alt=\"\" class=\"wp-image-939\" style=\"width:450px\" srcset=\"https:\/\/kainosconsultoria.com\/wp-content\/uploads\/2025\/12\/Captura-de-pantalla-2025-12-12-a-las-12.10.29-a.m.png 728w, https:\/\/kainosconsultoria.com\/wp-content\/uploads\/2025\/12\/Captura-de-pantalla-2025-12-12-a-las-12.10.29-a.m-300x199.png 300w, https:\/\/kainosconsultoria.com\/wp-content\/uploads\/2025\/12\/Captura-de-pantalla-2025-12-12-a-las-12.10.29-a.m-18x12.png 18w\" sizes=\"auto, (max-width: 728px) 100vw, 728px\" \/><\/figure>\n\n\n\n<div>\n<p class=\"has-black-color has-text-color has-link-color has-medium-font-size wp-elements-1177f0642972e5fa5d82633ca49bacc3\">La iniciativa tom\u00f3 forma al acompa\u00f1ar a diversas congregaciones mediante intervenciones organizacionales puntuales. En estos contextos se repitieron patrones consistentes: ausencia de roles claramente definidos, procesos fragmentados y din\u00e1micas de trabajo sostenidas m\u00e1s por el esfuerzo individual que por estructuras estables.<\/p>\n\n\n\n<p class=\"has-black-color has-text-color has-link-color has-medium-font-size wp-elements-36cd01976c2251199417e4ed04bdff52\">Esta experiencia permiti\u00f3 confirmar que la dificultad no era aislada, sino estructural, y que era posible fortalecer la gesti\u00f3n interna sin interferir con la identidad espiritual ni con la autoridad pastoral, siempre que se aplicaran principios organizacionales adecuados al contexto eclesial.<\/p>\n<\/div>\n<\/div>\n\n\n\n<hr class=\"wp-block-separator alignwide has-text-color has-alpha-channel-opacity has-background\" style=\"background-color:#6d1a36;color:#6d1a36\"\/>\n\n\n\n<div class=\"wp-block-group is-layout-constrained wp-block-group-is-layout-constrained\">\n<h3 class=\"wp-block-heading has-text-color has-link-color wp-elements-5ab79ca8fa58f57972f9cb306e66a808\" id=\"etapa-1-la-necesidad-detectada\" style=\"color:#6d1a36;margin-top:20px;font-size:clamp(18.959px, 1.185rem + ((1vw - 3.2px) * 0.863), 30px);\">Etapa 3 \u00b7 La estructuraci\u00f3n del modelo KAINOS<\/h3>\n\n\n\n<div class=\"gb-element-c5e6147e\">\n<figure class=\"wp-block-image aligncenter size-full is-resized is-style-default\" style=\"margin-right:0px\"><img loading=\"lazy\" decoding=\"async\" width=\"722\" height=\"482\" src=\"https:\/\/kainosconsultoria.com\/wp-content\/uploads\/2025\/12\/Captura-de-pantalla-2025-12-12-a-las-12.24.03-a.m.png\" alt=\"\" class=\"wp-image-944\" style=\"width:450px\" srcset=\"https:\/\/kainosconsultoria.com\/wp-content\/uploads\/2025\/12\/Captura-de-pantalla-2025-12-12-a-las-12.24.03-a.m.png 722w, https:\/\/kainosconsultoria.com\/wp-content\/uploads\/2025\/12\/Captura-de-pantalla-2025-12-12-a-las-12.24.03-a.m-300x200.png 300w, https:\/\/kainosconsultoria.com\/wp-content\/uploads\/2025\/12\/Captura-de-pantalla-2025-12-12-a-las-12.24.03-a.m-18x12.png 18w\" sizes=\"auto, (max-width: 722px) 100vw, 722px\" \/><\/figure>\n\n\n\n<div>\n<p class=\"has-black-color has-text-color has-link-color has-medium-font-size wp-elements-352e6e6d4b69eb7db690970bed7ef240\">A partir de la experiencia acumulada, KAINOS defini\u00f3 y estructur\u00f3 un modelo propio, fundamentado en principios de Desarrollo Organizacional contextualizados al \u00e1mbito eclesial. Este modelo integra planificaci\u00f3n estrat\u00e9gica, ordenamiento funcional y dise\u00f1o de procesos, con el prop\u00f3sito de ofrecer a las iglesias una base administrativa clara, coherente y sostenible.<\/p>\n\n\n\n<p class=\"has-black-color has-text-color has-link-color has-medium-font-size wp-elements-36d240d6b9f25cb1c096274837d964e7\">La estructuraci\u00f3n del modelo respondi\u00f3 a la necesidad de contar con un marco de trabajo que permitiera fortalecer la gesti\u00f3n interna sin desplazar la conducci\u00f3n pastoral, facilitando la toma de decisiones, la asignaci\u00f3n de responsabilidades y la implementaci\u00f3n ordenada de las acciones ministeriales.<\/p>\n<\/div>\n<\/div>\n\n\n\n<hr class=\"wp-block-separator alignwide has-text-color has-alpha-channel-opacity has-background\" style=\"background-color:#6d1a36;color:#6d1a36\"\/>\n\n\n\n<h3 class=\"wp-block-heading has-text-color has-link-color wp-elements-58502e11fba4f5e95138ec532f264c28\" id=\"etapa-1-la-necesidad-detectada\" style=\"color:#6d1a36;font-size:clamp(18.959px, 1.185rem + ((1vw - 3.2px) * 0.863), 30px);\">Etapa 4 \u00b7 Expansi\u00f3n de servicios y acompa\u00f1amiento estrat\u00e9gico<\/h3>\n\n\n\n<div class=\"gb-element-c65ff6ba\">\n<figure class=\"wp-block-image aligncenter size-full is-resized is-style-default\" style=\"margin-right:0px\"><img loading=\"lazy\" decoding=\"async\" width=\"1510\" height=\"1004\" src=\"https:\/\/kainosconsultoria.com\/wp-content\/uploads\/2026\/02\/Captura-de-pantalla-2026-02-03-a-las-12.33.00-a.m.png\" alt=\"\" class=\"wp-image-3455\" style=\"width:450px\" srcset=\"https:\/\/kainosconsultoria.com\/wp-content\/uploads\/2026\/02\/Captura-de-pantalla-2026-02-03-a-las-12.33.00-a.m.png 1510w, https:\/\/kainosconsultoria.com\/wp-content\/uploads\/2026\/02\/Captura-de-pantalla-2026-02-03-a-las-12.33.00-a.m-300x199.png 300w, https:\/\/kainosconsultoria.com\/wp-content\/uploads\/2026\/02\/Captura-de-pantalla-2026-02-03-a-las-12.33.00-a.m-1024x681.png 1024w, https:\/\/kainosconsultoria.com\/wp-content\/uploads\/2026\/02\/Captura-de-pantalla-2026-02-03-a-las-12.33.00-a.m-768x511.png 768w, https:\/\/kainosconsultoria.com\/wp-content\/uploads\/2026\/02\/Captura-de-pantalla-2026-02-03-a-las-12.33.00-a.m-18x12.png 18w\" sizes=\"auto, (max-width: 1510px) 100vw, 1510px\" \/><\/figure>\n\n\n\n<div>\n<p class=\"has-black-color has-text-color has-link-color has-medium-font-size wp-elements-c6fd2586ead7d46bb1a67ebedd0a2e7d\">Con el tiempo, el trabajo realizado confirm\u00f3 que una iglesia administrada con orden y procedimientos claros avanza con mayor estabilidad y sostenibilidad. Esta evidencia permiti\u00f3 a KAINOS ampliar su alcance y consolidar un portafolio de servicios estructurado, orientado a responder a las necesidades reales de las congregaciones.<\/p>\n\n\n\n<p class=\"has-black-color has-text-color has-link-color has-medium-font-size wp-elements-eab5f6d0f48678c4b43dc67ac0906ddd\">Entre estos servicios se incluyen diagn\u00f3sticos administrativos, planificaci\u00f3n estrat\u00e9gica, dise\u00f1o organizacional, control y evaluaci\u00f3n, as\u00ed como la elaboraci\u00f3n de documentos operativos. A ello se suman los servicios de gesti\u00f3n externa de Recursos Humanos, dise\u00f1ados para apoyar a iglesias que, en muchos casos, no cuentan con un departamento formal en esta \u00e1rea.<\/p>\n\n\n\n<p class=\"has-black-color has-text-color has-link-color has-medium-font-size wp-elements-8c822e9e6e97116e497de37e14aa4ca5\">Esta etapa marc\u00f3 el tr\u00e1nsito de intervenciones puntuales hacia un acompa\u00f1amiento estrat\u00e9gico m\u00e1s integral, enfocado en fortalecer la gesti\u00f3n interna sin interferir con la autoridad pastoral ni con la identidad ministerial de cada congregaci\u00f3n.<\/p>\n\n\n\n<p class=\"has-black-color has-text-color has-link-color has-medium-font-size wp-elements-8c822e9e6e97116e497de37e14aa4ca5\">Esta etapa marc\u00f3 el tr\u00e1nsito de intervenciones puntuales hacia un acompa\u00f1amiento estrat\u00e9gico m\u00e1s integral, enfocado en fortalecer la gesti\u00f3n interna sin interferir con la autoridad pastoral ni con la identidad ministerial de cada congregaci\u00f3n.<\/p>\n<\/div>\n<\/div>\n\n\n\n<hr class=\"wp-block-separator alignwide has-text-color has-alpha-channel-opacity has-background\" style=\"background-color:#6d1a36;color:#6d1a36\"\/>\n\n\n\n<h2 class=\"wp-block-heading has-text-color has-link-color wp-elements-83eeefb086f0d714b9a3fa27f03fb301\" id=\"etapa-5-kainos-hoy-acompanamiento-estrategico-integral\" style=\"color:#6d1a36;font-size:clamp(18.959px, 1.185rem + ((1vw - 3.2px) * 0.863), 30px);\">Etapa 5 \u00b7 KAINOS hoy: acompa\u00f1amiento estrat\u00e9gico integral<\/h2>\n\n\n\n<div class=\"gb-element-1052dfdd\">\n<figure class=\"wp-block-image aligncenter size-full is-resized is-style-default\" style=\"margin-right:0px\"><img loading=\"lazy\" decoding=\"async\" width=\"1402\" height=\"940\" src=\"https:\/\/kainosconsultoria.com\/wp-content\/uploads\/2025\/12\/Captura-de-pantalla-2025-12-12-a-las-12.49.26-a.m.png\" alt=\"\" class=\"wp-image-959\" style=\"width:450px\" srcset=\"https:\/\/kainosconsultoria.com\/wp-content\/uploads\/2025\/12\/Captura-de-pantalla-2025-12-12-a-las-12.49.26-a.m.png 1402w, https:\/\/kainosconsultoria.com\/wp-content\/uploads\/2025\/12\/Captura-de-pantalla-2025-12-12-a-las-12.49.26-a.m-300x201.png 300w, https:\/\/kainosconsultoria.com\/wp-content\/uploads\/2025\/12\/Captura-de-pantalla-2025-12-12-a-las-12.49.26-a.m-1024x687.png 1024w, https:\/\/kainosconsultoria.com\/wp-content\/uploads\/2025\/12\/Captura-de-pantalla-2025-12-12-a-las-12.49.26-a.m-768x515.png 768w, https:\/\/kainosconsultoria.com\/wp-content\/uploads\/2025\/12\/Captura-de-pantalla-2025-12-12-a-las-12.49.26-a.m-18x12.png 18w\" sizes=\"auto, (max-width: 1402px) 100vw, 1402px\" \/><\/figure>\n\n\n\n<div>\n<p class=\"has-black-color has-text-color has-link-color has-medium-font-size wp-elements-b7881c81a9f5fc8a4c9456c69d541d29\">Hoy, KAINOS Consultor\u00eda Organizacional act\u00faa como un aliado para iglesias que buscan fortalecer su gesti\u00f3n interna con seriedad, estructura y coherencia administrativa. Nuestro acompa\u00f1amiento se fundamenta en principios de Desarrollo Organizacional aplicados de manera responsable al contexto eclesial. La labor actual integra diagn\u00f3stico, planificaci\u00f3n, dise\u00f1o organizacional y evaluaci\u00f3n, con el prop\u00f3sito de aportar claridad operativa, optimizar procesos y aliviar la carga administrativa del liderazgo pastoral. Cada intervenci\u00f3n se adapta a la realidad espec\u00edfica de la congregaci\u00f3n, incluyendo la gesti\u00f3n externa de Recursos Humanos como apoyo operativo y administrativo al liderazgo, respetando su identidad, su estructura y su autoridad.<\/p>\n\n\n\n<p class=\"has-black-color has-text-color has-link-color has-medium-font-size wp-elements-81d2e21b5d18e8a4af5a491b408fff3f\">En esta etapa, KAINOS Consultor\u00eda Organizacional afirma su labor como un apoyo confiable, orientado a promover una administraci\u00f3n eclesial estable, funcional y alineada con la misi\u00f3n que Dios ha confiado a cada comunidad de fe.<\/p>\n<\/div>\n<\/div>\n<\/div>\n\n\n\n<hr class=\"wp-block-separator alignwide has-text-color has-alpha-channel-opacity has-background\" style=\"background-color:#6d1a36;color:#6d1a36\"\/>\n<\/div>\n\n\n\n<p class=\"has-text-align-center has-text-color has-background has-link-color wp-elements-9c6b23de65f4042ac3fdd9837c2477e3\" style=\"color:#fff7eb;background-color:#6d1a36;margin-top:0rem;margin-right:0rem;margin-bottom:0rem;margin-left:0rem;padding-top:2.5rem;padding-right:1.8rem;padding-bottom:2.5rem;padding-left:1.8rem;font-size:clamp(14px, 0.875rem + ((1vw - 3.2px) * 0.469), 20px);\"><strong><strong>KAINOS existe para acompa\u00f1ar a las iglesias en la construcci\u00f3n de una base administrativa sana, ordenada y fiel a su misi\u00f3n espiritual.<\/strong><br><\/strong><em>Nuestro trabajo respalda el liderazgo pastoral, integrando principios de Desarrollo Organizacional al contexto eclesial, orientados a una <strong>mayordom\u00eda responsable<\/strong> de los recursos y procesos confiados por Dios a cada comunidad de fe.<\/em><\/p>\n\n\n\n<p><\/p>","protected":false},"excerpt":{"rendered":"<p>Nuestra historia \u00abToda iglesia necesita una base administrativa que acompa\u00f1e la misi\u00f3n que Dios le ha confiado\u00bb. KAINOS ofrece apoyo t\u00e9cnico en la gesti\u00f3n administrativa de la iglesia, integrando orden, [&hellip;]<\/p>","protected":false},"author":1,"featured_media":0,"parent":0,"menu_order":0,"comment_status":"closed","ping_status":"closed","template":"","meta":{"_gspb_post_css":".gsbp-f3f9e96{font-size:25px;color:#222}","_EventAllDay":false,"_EventTimezone":"","_EventStartDate":"","_EventEndDate":"","_EventStartDateUTC":"","_EventEndDateUTC":"","_EventShowMap":false,"_EventShowMapLink":false,"_EventURL":"","_EventCost":"","_EventCostDescription":"","_EventCurrencySymbol":"","_EventCurrencyCode":"","_EventCurrencyPosition":"","_EventDateTimeSeparator":"","_EventTimeRangeSeparator":"","_EventOrganizerID":[],"_EventVenueID":[],"_OrganizerEmail":"","_OrganizerPhone":"","_OrganizerWebsite":"","_VenueAddress":"","_VenueCity":"","_VenueCountry":"","_VenueProvince":"","_VenueState":"","_VenueZip":"","_VenuePhone":"","_VenueURL":"","_VenueStateProvince":"","_VenueLat":"","_VenueLng":"","_VenueShowMap":false,"_VenueShowMapLink":false,"footnotes":""},"class_list":["post-675","page","type-page","status-publish","hentry"],"blocksy_meta":[],"_links":{"self":[{"href":"https:\/\/kainosconsultoria.com\/en\/wp-json\/wp\/v2\/pages\/675","targetHints":{"allow":["GET"]}}],"collection":[{"href":"https:\/\/kainosconsultoria.com\/en\/wp-json\/wp\/v2\/pages"}],"about":[{"href":"https:\/\/kainosconsultoria.com\/en\/wp-json\/wp\/v2\/types\/page"}],"author":[{"embeddable":true,"href":"https:\/\/kainosconsultoria.com\/en\/wp-json\/wp\/v2\/users\/1"}],"replies":[{"embeddable":true,"href":"https:\/\/kainosconsultoria.com\/en\/wp-json\/wp\/v2\/comments?post=675"}],"version-history":[{"count":255,"href":"https:\/\/kainosconsultoria.com\/en\/wp-json\/wp\/v2\/pages\/675\/revisions"}],"predecessor-version":[{"id":3456,"href":"https:\/\/kainosconsultoria.com\/en\/wp-json\/wp\/v2\/pages\/675\/revisions\/3456"}],"wp:attachment":[{"href":"https:\/\/kainosconsultoria.com\/en\/wp-json\/wp\/v2\/media?parent=675"}],"curies":[{"name":"wp","href":"https:\/\/api.w.org\/{rel}","templated":true}]}}