{"id":720,"date":"2025-11-26T05:00:04","date_gmt":"2025-11-26T05:00:04","guid":{"rendered":"https:\/\/kainosconsultoria.com\/?page_id=720"},"modified":"2026-01-25T18:46:29","modified_gmt":"2026-01-25T18:46:29","slug":"quienes-somos","status":"publish","type":"page","link":"https:\/\/kainosconsultoria.com\/en\/quienes-somos\/","title":{"rendered":"Qui\u00e9nes somos"},"content":{"rendered":"<h2 class=\"wp-block-heading has-text-align-center has-text-color has-link-color wp-elements-e2c15e13e58f1f30e0076bcdc5f2eba0\" id=\"quienes-somos\" style=\"color:#6d1a36;margin-top:-40px;font-size:clamp(18.959px, 1.185rem + ((1vw - 3.2px) * 0.863), 30px);\">QUI\u00c9NES SOMOS<\/h2>\n\n\n\n<div class=\"wp-block-columns are-vertically-aligned-center is-layout-flex wp-container-core-columns-is-layout-28f84493 wp-block-columns-is-layout-flex\">\n<div class=\"wp-block-column is-vertically-aligned-center is-layout-flow wp-block-column-is-layout-flow\">\n<figure class=\"wp-block-image size-large is-resized\" style=\"margin-left:20px\"><img loading=\"lazy\" decoding=\"async\" width=\"1024\" height=\"681\" src=\"https:\/\/kainosconsultoria.com\/wp-content\/uploads\/2025\/12\/Captura-de-pantalla-2025-12-22-a-las-12.00.08-a.m-1024x681.png\" alt=\"\" class=\"wp-image-1622\" style=\"width:520px\" srcset=\"https:\/\/kainosconsultoria.com\/wp-content\/uploads\/2025\/12\/Captura-de-pantalla-2025-12-22-a-las-12.00.08-a.m-1024x681.png 1024w, https:\/\/kainosconsultoria.com\/wp-content\/uploads\/2025\/12\/Captura-de-pantalla-2025-12-22-a-las-12.00.08-a.m-300x199.png 300w, https:\/\/kainosconsultoria.com\/wp-content\/uploads\/2025\/12\/Captura-de-pantalla-2025-12-22-a-las-12.00.08-a.m-768x510.png 768w, https:\/\/kainosconsultoria.com\/wp-content\/uploads\/2025\/12\/Captura-de-pantalla-2025-12-22-a-las-12.00.08-a.m-1536x1021.png 1536w, https:\/\/kainosconsultoria.com\/wp-content\/uploads\/2025\/12\/Captura-de-pantalla-2025-12-22-a-las-12.00.08-a.m-18x12.png 18w, https:\/\/kainosconsultoria.com\/wp-content\/uploads\/2025\/12\/Captura-de-pantalla-2025-12-22-a-las-12.00.08-a.m.png 1592w\" sizes=\"auto, (max-width: 1024px) 100vw, 1024px\" \/><\/figure>\n<\/div>\n\n\n\n<div class=\"wp-block-column is-vertically-aligned-center is-layout-flow wp-block-column-is-layout-flow\">\n<p class=\"has-black-color has-text-color has-link-color has-medium-font-size wp-elements-e005d794d630187226addfeb324e2d0a\" style=\"margin-left:-25px\">KAINOS Consultor\u00eda Organizacional surge con el prop\u00f3sito de apoyar a pastores y l\u00edderes que buscan fortalecer la gesti\u00f3n administrativa interna de sus iglesias.<\/p>\n\n\n\n<p class=\"has-black-color has-text-color has-link-color has-medium-font-size wp-elements-c64e76001fa287d130c5bf9f4323392d\" style=\"margin-left:-25px\">Estamos convencidos de que una organizaci\u00f3n eclesial bien estructurada honra a Dios, permite que la iglesia opere con orden, eficiencia y estabilidad, reflejando excelencia en el servicio y fidelidad a la obra que \u00c9l le ha confiado.<\/p>\n<\/div>\n<\/div>\n\n\n\n<hr class=\"wp-block-separator alignfull has-text-color has-alpha-channel-opacity has-background\" style=\"background-color:#6d1a36;color:#6d1a36\"\/>","protected":false},"excerpt":{"rendered":"<p>QUI\u00c9NES SOMOS KAINOS Consultor\u00eda Organizacional surge con el prop\u00f3sito de apoyar a pastores y l\u00edderes que buscan fortalecer la gesti\u00f3n administrativa interna de sus iglesias. Estamos convencidos de que una [&hellip;]<\/p>","protected":false},"author":1,"featured_media":0,"parent":0,"menu_order":0,"comment_status":"closed","ping_status":"closed","template":"","meta":{"_gspb_post_css":".gsbp-f3f9e96{font-size:30px;color:#222}","_EventAllDay":false,"_EventTimezone":"","_EventStartDate":"","_EventEndDate":"","_EventStartDateUTC":"","_EventEndDateUTC":"","_EventShowMap":false,"_EventShowMapLink":false,"_EventURL":"","_EventCost":"","_EventCostDescription":"","_EventCurrencySymbol":"","_EventCurrencyCode":"","_EventCurrencyPosition":"","_EventDateTimeSeparator":"","_EventTimeRangeSeparator":"","_EventOrganizerID":[],"_EventVenueID":[],"_OrganizerEmail":"","_OrganizerPhone":"","_OrganizerWebsite":"","_VenueAddress":"","_VenueCity":"","_VenueCountry":"","_VenueProvince":"","_VenueState":"","_VenueZip":"","_VenuePhone":"","_VenueURL":"","_VenueStateProvince":"","_VenueLat":"","_VenueLng":"","_VenueShowMap":false,"_VenueShowMapLink":false,"footnotes":""},"class_list":["post-720","page","type-page","status-publish","hentry"],"blocksy_meta":[],"_links":{"self":[{"href":"https:\/\/kainosconsultoria.com\/en\/wp-json\/wp\/v2\/pages\/720","targetHints":{"allow":["GET"]}}],"collection":[{"href":"https:\/\/kainosconsultoria.com\/en\/wp-json\/wp\/v2\/pages"}],"about":[{"href":"https:\/\/kainosconsultoria.com\/en\/wp-json\/wp\/v2\/types\/page"}],"author":[{"embeddable":true,"href":"https:\/\/kainosconsultoria.com\/en\/wp-json\/wp\/v2\/users\/1"}],"replies":[{"embeddable":true,"href":"https:\/\/kainosconsultoria.com\/en\/wp-json\/wp\/v2\/comments?post=720"}],"version-history":[{"count":101,"href":"https:\/\/kainosconsultoria.com\/en\/wp-json\/wp\/v2\/pages\/720\/revisions"}],"predecessor-version":[{"id":3409,"href":"https:\/\/kainosconsultoria.com\/en\/wp-json\/wp\/v2\/pages\/720\/revisions\/3409"}],"wp:attachment":[{"href":"https:\/\/kainosconsultoria.com\/en\/wp-json\/wp\/v2\/media?parent=720"}],"curies":[{"name":"wp","href":"https:\/\/api.w.org\/{rel}","templated":true}]}}