{"id":835,"date":"2025-12-11T07:44:11","date_gmt":"2025-12-11T07:44:11","guid":{"rendered":"https:\/\/kainosconsultoria.com\/?page_id=835"},"modified":"2026-01-25T07:36:12","modified_gmt":"2026-01-25T07:36:12","slug":"mision-vision-y-valores","status":"publish","type":"page","link":"https:\/\/kainosconsultoria.com\/en\/mision-vision-y-valores\/","title":{"rendered":"Misi\u00f3n, visi\u00f3n y valores"},"content":{"rendered":"<div class=\"wp-block-columns is-layout-flex wp-container-core-columns-is-layout-28f84493 wp-block-columns-is-layout-flex\">\n<div class=\"wp-block-column is-layout-flow wp-block-column-is-layout-flow\">\n<figure class=\"wp-block-image aligncenter size-full is-resized\" style=\"margin-top:0px;margin-left:0px\"><img loading=\"lazy\" decoding=\"async\" width=\"1048\" height=\"704\" src=\"https:\/\/kainosconsultoria.com\/wp-content\/uploads\/2025\/12\/Captura-de-pantalla-2025-12-28-a-las-11.20.31-p.m.png\" alt=\"\" class=\"wp-image-2055\" style=\"width:450px\" srcset=\"https:\/\/kainosconsultoria.com\/wp-content\/uploads\/2025\/12\/Captura-de-pantalla-2025-12-28-a-las-11.20.31-p.m.png 1048w, https:\/\/kainosconsultoria.com\/wp-content\/uploads\/2025\/12\/Captura-de-pantalla-2025-12-28-a-las-11.20.31-p.m-300x202.png 300w, https:\/\/kainosconsultoria.com\/wp-content\/uploads\/2025\/12\/Captura-de-pantalla-2025-12-28-a-las-11.20.31-p.m-1024x688.png 1024w, https:\/\/kainosconsultoria.com\/wp-content\/uploads\/2025\/12\/Captura-de-pantalla-2025-12-28-a-las-11.20.31-p.m-768x516.png 768w, https:\/\/kainosconsultoria.com\/wp-content\/uploads\/2025\/12\/Captura-de-pantalla-2025-12-28-a-las-11.20.31-p.m-18x12.png 18w\" sizes=\"auto, (max-width: 1048px) 100vw, 1048px\" \/><\/figure>\n<\/div>\n\n\n\n<div class=\"wp-block-column is-vertically-aligned-center is-layout-flow wp-block-column-is-layout-flow\">\n<p class=\"has-text-align-center has-text-color has-link-color wp-elements-5f40f46171e415c90663807895d8cd58\" style=\"color:#6d1a36;margin-right:0px;margin-left:0px;padding-right:0px;padding-left:0px;font-size:clamp(16.293px, 1.018rem + ((1vw - 3.2px) * 0.68), 25px);\"><strong>\u00abAcompa\u00f1ar a las iglesias en el fortalecimiento de su gesti\u00f3n administrativa mediante estructuras claras y procesos ordenados, promoviendo una <strong>mayordom\u00eda responsable<\/strong> que honre a Dios y respalde al liderazgo pastoral\u00bb.<\/strong><\/p>\n<\/div>\n<\/div>\n\n\n\n<p><\/p>\n\n\n\n<hr class=\"wp-block-separator alignfull has-text-color has-alpha-channel-opacity has-background\" style=\"background-color:#6d1a36;color:#6d1a36\"\/>\n\n\n\n<p><\/p>\n\n\n\n<div class=\"wp-block-columns are-vertically-aligned-center is-layout-flex wp-container-core-columns-is-layout-28f84493 wp-block-columns-is-layout-flex\">\n<div class=\"wp-block-column is-vertically-aligned-center is-layout-flow wp-block-column-is-layout-flow\">\n<figure class=\"wp-block-image aligncenter size-large is-resized\" style=\"margin-top:0px;margin-left:0px\"><img loading=\"lazy\" decoding=\"async\" width=\"1024\" height=\"707\" src=\"https:\/\/kainosconsultoria.com\/wp-content\/uploads\/2025\/12\/Captura-de-pantalla-2025-12-28-a-las-11.30.40-p.m-1-1024x707.png\" alt=\"\" class=\"wp-image-2068\" style=\"width:450px\" srcset=\"https:\/\/kainosconsultoria.com\/wp-content\/uploads\/2025\/12\/Captura-de-pantalla-2025-12-28-a-las-11.30.40-p.m-1-1024x707.png 1024w, https:\/\/kainosconsultoria.com\/wp-content\/uploads\/2025\/12\/Captura-de-pantalla-2025-12-28-a-las-11.30.40-p.m-1-300x207.png 300w, https:\/\/kainosconsultoria.com\/wp-content\/uploads\/2025\/12\/Captura-de-pantalla-2025-12-28-a-las-11.30.40-p.m-1-768x530.png 768w, https:\/\/kainosconsultoria.com\/wp-content\/uploads\/2025\/12\/Captura-de-pantalla-2025-12-28-a-las-11.30.40-p.m-1-18x12.png 18w, https:\/\/kainosconsultoria.com\/wp-content\/uploads\/2025\/12\/Captura-de-pantalla-2025-12-28-a-las-11.30.40-p.m-1.png 1060w\" sizes=\"auto, (max-width: 1024px) 100vw, 1024px\" \/><\/figure>\n<\/div>\n\n\n\n<div class=\"wp-block-column is-vertically-aligned-center is-layout-flow wp-block-column-is-layout-flow\">\n<p class=\"has-text-align-center has-text-color has-link-color wp-elements-b9285e2f5fb5a59062fa6a9d4b070ec5\" style=\"color:#6d1a36;margin-top:0px;margin-left:21px;font-size:clamp(16.293px, 1.018rem + ((1vw - 3.2px) * 0.68), 25px);\"><strong>\u00abImpulsar el desarrollo de iglesias organizadas y saludables, capaces de sostener su labor ministerial con orden y fidelidad al llamado de Dios\u00bb.<\/strong><\/p>\n<\/div>\n<\/div>\n\n\n\n<p><\/p>\n\n\n\n<hr class=\"wp-block-separator alignfull has-text-color has-alpha-channel-opacity has-background\" style=\"background-color:#6d1a36;color:#6d1a36\"\/>\n\n\n\n<p><\/p>\n\n\n\n<div class=\"wp-block-columns is-layout-flex wp-container-core-columns-is-layout-28f84493 wp-block-columns-is-layout-flex\">\n<div class=\"wp-block-column is-vertically-aligned-center is-layout-flow wp-block-column-is-layout-flow\">\n<figure class=\"wp-block-image aligncenter size-large is-resized\"><img loading=\"lazy\" decoding=\"async\" width=\"1024\" height=\"681\" src=\"https:\/\/kainosconsultoria.com\/wp-content\/uploads\/2025\/12\/Captura-de-pantalla-2025-12-28-a-las-11.16.48-p.m-1024x681.png\" alt=\"\" class=\"wp-image-2053\" style=\"width:450px\" srcset=\"https:\/\/kainosconsultoria.com\/wp-content\/uploads\/2025\/12\/Captura-de-pantalla-2025-12-28-a-las-11.16.48-p.m-1024x681.png 1024w, https:\/\/kainosconsultoria.com\/wp-content\/uploads\/2025\/12\/Captura-de-pantalla-2025-12-28-a-las-11.16.48-p.m-300x200.png 300w, https:\/\/kainosconsultoria.com\/wp-content\/uploads\/2025\/12\/Captura-de-pantalla-2025-12-28-a-las-11.16.48-p.m-768x511.png 768w, https:\/\/kainosconsultoria.com\/wp-content\/uploads\/2025\/12\/Captura-de-pantalla-2025-12-28-a-las-11.16.48-p.m-18x12.png 18w, https:\/\/kainosconsultoria.com\/wp-content\/uploads\/2025\/12\/Captura-de-pantalla-2025-12-28-a-las-11.16.48-p.m.png 1076w\" sizes=\"auto, (max-width: 1024px) 100vw, 1024px\" \/><\/figure>\n<\/div>\n\n\n\n<div class=\"wp-block-column is-vertically-aligned-center is-layout-flow wp-block-column-is-layout-flow\">\n<ul style=\"margin-left:0px;font-size:clamp(14px, 0.875rem + ((1vw - 3.2px) * 0.313), 18px);\" class=\"wp-block-list\">\n<li class=\"has-text-color has-link-color has-medium-font-size wp-elements-1aeedac203f3c7c8e6b8c5c130eb899e\" style=\"color:#6d1a36;margin-top:0px\"><strong>Servicio responsable<\/strong>:  Atendemos cada proyecto como una tarea confiada por Dios.<\/li>\n\n\n\n<li class=\"has-black-color has-text-color has-link-color has-medium-font-size wp-elements-cd11692ac374632c67361bff6b097054\"><strong>Integridad<\/strong>:  Actuamos con honestidad, coherencia y respeto por cada iglesia.<\/li>\n\n\n\n<li class=\"has-text-color has-link-color wp-elements-b4c27cede54ffbe878afd03bd2a8593d\" style=\"color:#6d1a36;margin-left:0px;font-size:clamp(14px, 0.875rem + ((1vw - 3.2px) * 0.469), 20px);\"><strong>Excelencia operativa<\/strong>:  Impulsamos procesos claros, eficientes y sin improvisaci\u00f3n.<\/li>\n\n\n\n<li class=\"has-black-color has-text-color has-link-color wp-elements-7a433e82d76b6be9fb00fbf8b32cd7d9\" style=\"color:#6d1a36;margin-left:0px;font-size:clamp(14px, 0.875rem + ((1vw - 3.2px) * 0.469), 20px);\"><strong>Respeto al liderazgo pastoral<\/strong>:  Acompa\u00f1amos sin imponer, honrando la autoridad ministerial.<\/li>\n\n\n\n<li class=\"has-text-color has-link-color has-medium-font-size wp-elements-c8077d83863e522ebb34fa288fbd467a\" style=\"color:#6d1a36\"><strong>Confidencialidad<\/strong>:  Protegemos toda informaci\u00f3n que nos es confiada.<\/li>\n\n\n\n<li class=\"has-black-color has-text-color has-link-color has-medium-font-size wp-elements-632f637a07481cd79e38f158b73efe28\"><strong>Trabajo colaborativo<\/strong>:  Valoramos el aporte de cada miembro del equipo ministerial.<\/li>\n\n\n\n<li class=\"has-text-color has-link-color has-medium-font-size wp-elements-e77b69e8cb93513c6c7a1cf01f623091\" style=\"color:#6d1a36\"><strong>Enfoque humano<\/strong>:  Cuidamos a las personas detr\u00e1s de los procesos.<\/li>\n<\/ul>\n<\/div>\n<\/div>\n\n\n\n<p><\/p>\n\n\n\n<hr class=\"wp-block-separator alignfull has-text-color has-alpha-channel-opacity has-background\" style=\"background-color:#6d1a36;color:#6d1a36\"\/>\n\n\n\n<div style=\"height:80px\" aria-hidden=\"true\" class=\"wp-block-spacer\"><\/div>\n\n\n\n<figure class=\"wp-block-image aligncenter size-medium is-resized\"><img loading=\"lazy\" decoding=\"async\" width=\"300\" height=\"124\" src=\"https:\/\/kainosconsultoria.com\/wp-content\/uploads\/2026\/01\/Captura-de-pantalla-2026-01-24-a-las-8.55.15-p.m-300x124.png\" alt=\"\" class=\"wp-image-3290\" style=\"width:600px\" srcset=\"https:\/\/kainosconsultoria.com\/wp-content\/uploads\/2026\/01\/Captura-de-pantalla-2026-01-24-a-las-8.55.15-p.m-300x124.png 300w, https:\/\/kainosconsultoria.com\/wp-content\/uploads\/2026\/01\/Captura-de-pantalla-2026-01-24-a-las-8.55.15-p.m-1024x424.png 1024w, https:\/\/kainosconsultoria.com\/wp-content\/uploads\/2026\/01\/Captura-de-pantalla-2026-01-24-a-las-8.55.15-p.m-768x318.png 768w, https:\/\/kainosconsultoria.com\/wp-content\/uploads\/2026\/01\/Captura-de-pantalla-2026-01-24-a-las-8.55.15-p.m-1536x637.png 1536w, https:\/\/kainosconsultoria.com\/wp-content\/uploads\/2026\/01\/Captura-de-pantalla-2026-01-24-a-las-8.55.15-p.m-18x7.png 18w, https:\/\/kainosconsultoria.com\/wp-content\/uploads\/2026\/01\/Captura-de-pantalla-2026-01-24-a-las-8.55.15-p.m.png 1568w\" sizes=\"auto, (max-width: 300px) 100vw, 300px\" \/><\/figure>","protected":false},"excerpt":{"rendered":"<p>\u00abAcompa\u00f1ar a las iglesias en el fortalecimiento de su gesti\u00f3n administrativa mediante estructuras claras y procesos ordenados, promoviendo una mayordom\u00eda responsable que honre a Dios y respalde al liderazgo pastoral\u00bb. [&hellip;]<\/p>","protected":false},"author":1,"featured_media":0,"parent":0,"menu_order":0,"comment_status":"closed","ping_status":"closed","template":"","meta":{"_gspb_post_css":"","_EventAllDay":false,"_EventTimezone":"","_EventStartDate":"","_EventEndDate":"","_EventStartDateUTC":"","_EventEndDateUTC":"","_EventShowMap":false,"_EventShowMapLink":false,"_EventURL":"","_EventCost":"","_EventCostDescription":"","_EventCurrencySymbol":"","_EventCurrencyCode":"","_EventCurrencyPosition":"","_EventDateTimeSeparator":"","_EventTimeRangeSeparator":"","_EventOrganizerID":[],"_EventVenueID":[],"_OrganizerEmail":"","_OrganizerPhone":"","_OrganizerWebsite":"","_VenueAddress":"","_VenueCity":"","_VenueCountry":"","_VenueProvince":"","_VenueState":"","_VenueZip":"","_VenuePhone":"","_VenueURL":"","_VenueStateProvince":"","_VenueLat":"","_VenueLng":"","_VenueShowMap":false,"_VenueShowMapLink":false,"footnotes":""},"class_list":["post-835","page","type-page","status-publish","hentry"],"blocksy_meta":[],"_links":{"self":[{"href":"https:\/\/kainosconsultoria.com\/en\/wp-json\/wp\/v2\/pages\/835","targetHints":{"allow":["GET"]}}],"collection":[{"href":"https:\/\/kainosconsultoria.com\/en\/wp-json\/wp\/v2\/pages"}],"about":[{"href":"https:\/\/kainosconsultoria.com\/en\/wp-json\/wp\/v2\/types\/page"}],"author":[{"embeddable":true,"href":"https:\/\/kainosconsultoria.com\/en\/wp-json\/wp\/v2\/users\/1"}],"replies":[{"embeddable":true,"href":"https:\/\/kainosconsultoria.com\/en\/wp-json\/wp\/v2\/comments?post=835"}],"version-history":[{"count":174,"href":"https:\/\/kainosconsultoria.com\/en\/wp-json\/wp\/v2\/pages\/835\/revisions"}],"predecessor-version":[{"id":3368,"href":"https:\/\/kainosconsultoria.com\/en\/wp-json\/wp\/v2\/pages\/835\/revisions\/3368"}],"wp:attachment":[{"href":"https:\/\/kainosconsultoria.com\/en\/wp-json\/wp\/v2\/media?parent=835"}],"curies":[{"name":"wp","href":"https:\/\/api.w.org\/{rel}","templated":true}]}}