{"id":838,"date":"2025-12-11T07:50:22","date_gmt":"2025-12-11T07:50:22","guid":{"rendered":"https:\/\/kainosconsultoria.com\/?page_id=838"},"modified":"2026-01-25T21:44:18","modified_gmt":"2026-01-25T21:44:18","slug":"metodologia","status":"publish","type":"page","link":"https:\/\/kainosconsultoria.com\/en\/metodologia\/","title":{"rendered":"Metodolog\u00eda"},"content":{"rendered":"<h2 class=\"wp-block-heading has-text-align-center has-text-color has-link-color has-large-font-size wp-elements-30a7b81309d76e7d31e45fc11d4b3a06\" id=\"metodologia-de-desarrollo-organizacional-aplicada-a-contextos-eclesiales\" style=\"color:#6d1a36;margin-top:-35px\"><strong>Metodolog\u00eda de Desarrollo Organizacional aplicada a contextos eclesiales<\/strong><\/h2>\n\n\n\n<div class=\"wp-block-columns is-layout-flex wp-container-core-columns-is-layout-28f84493 wp-block-columns-is-layout-flex\">\n<div class=\"wp-block-column is-layout-flow wp-block-column-is-layout-flow\" style=\"flex-basis:66.66%\">\n<div class=\"wp-block-group is-layout-constrained wp-block-group-is-layout-constrained\">\n<figure class=\"wp-block-image size-full is-resized\" style=\"margin-right:94px;margin-left:94px\"><img loading=\"lazy\" decoding=\"async\" width=\"1362\" height=\"880\" src=\"https:\/\/kainosconsultoria.com\/wp-content\/uploads\/2026\/01\/Captura-de-pantalla-2026-01-25-a-las-3.00.06-p.m.png\" alt=\"\" class=\"wp-image-3429\" style=\"aspect-ratio:1.5126243305279266;width:600px\" srcset=\"https:\/\/kainosconsultoria.com\/wp-content\/uploads\/2026\/01\/Captura-de-pantalla-2026-01-25-a-las-3.00.06-p.m.png 1362w, https:\/\/kainosconsultoria.com\/wp-content\/uploads\/2026\/01\/Captura-de-pantalla-2026-01-25-a-las-3.00.06-p.m-300x194.png 300w, https:\/\/kainosconsultoria.com\/wp-content\/uploads\/2026\/01\/Captura-de-pantalla-2026-01-25-a-las-3.00.06-p.m-1024x662.png 1024w, https:\/\/kainosconsultoria.com\/wp-content\/uploads\/2026\/01\/Captura-de-pantalla-2026-01-25-a-las-3.00.06-p.m-768x496.png 768w, https:\/\/kainosconsultoria.com\/wp-content\/uploads\/2026\/01\/Captura-de-pantalla-2026-01-25-a-las-3.00.06-p.m-18x12.png 18w\" sizes=\"auto, (max-width: 1362px) 100vw, 1362px\" \/><\/figure>\n\n\n\n<blockquote class=\"wp-block-quote is-layout-flow wp-block-quote-is-layout-flow\">\n<p><\/p>\n<\/blockquote>\n<\/div>\n<\/div>\n\n\n\n<div class=\"wp-block-column is-layout-flow wp-container-core-column-is-layout-f5bb311e wp-block-column-is-layout-flow\" style=\"flex-basis:60%\">\n<p class=\"has-black-color has-text-color has-link-color wp-elements-9a96b3e45e8045a81d20746d88894173\" style=\"margin-top:55px;margin-left:-20px;font-size:clamp(14px, 0.875rem + ((1vw - 3.2px) * 0.469), 20px);\">En KAINOS entendemos el Desarrollo Organizacional como una herramienta que ayuda a las iglesias a ordenar su estructura administrativa, fortalecer su liderazgo y alinear sus procesos con su llamado ministerial. Este enfoque permite tomar decisiones responsables, responder con claridad a los desaf\u00edos internos y externos, y servir con excelencia, de manera correcta y ordenada.<\/p>\n\n\n\n<p class=\"has-text-align-left has-black-color has-text-color has-link-color wp-elements-f0de941c4d2df2af3aa1167fd82914d9\" id=\"el-desarrollo-organizacional-es-un-proceso-de-cambio-planificado\" style=\"margin-left:-20px;font-size:clamp(14px, 0.875rem + ((1vw - 3.2px) * 0.469), 20px);\">El Desarrollo Organizacional es un proceso de cambio planificado que mejora la efectividad de la instituci\u00f3n, cuidando la identidad y su misi\u00f3n.<strong> <\/strong><\/p>\n<\/div>\n<\/div>\n\n\n\n<hr class=\"wp-block-separator alignwide has-text-color has-alpha-channel-opacity has-background is-style-wide\" style=\"background-color:#6d1a36;color:#6d1a36\"\/>\n\n\n\n<h1 class=\"wp-block-heading has-text-align-center has-text-color has-link-color wp-elements-ec8031415845390bd94517bcfd9d02c8\" id=\"metodologia\" style=\"color:#6d1a36;margin-top:-10px;margin-bottom:10px;font-size:clamp(21.536px, 1.346rem + ((1vw - 3.2px) * 1.052), 35px);\">Metodolog\u00eda<\/h1>\n\n\n\n<div class=\"wp-block-columns is-layout-flex wp-container-core-columns-is-layout-28f84493 wp-block-columns-is-layout-flex\">\n<div class=\"wp-block-column is-vertically-aligned-stretch is-layout-flow wp-block-column-is-layout-flow\" style=\"flex-basis:66.66%\">\n<figure class=\"wp-block-image aligncenter size-full is-resized imagen-modelo-kainos\" style=\"margin-top:2px;margin-bottom:20px\"><img loading=\"lazy\" decoding=\"async\" width=\"610\" height=\"906\" src=\"https:\/\/kainosconsultoria.com\/wp-content\/uploads\/2026\/01\/Captura-de-pantalla-2026-01-25-a-las-2.52.39-p.m.png\" alt=\"\" class=\"wp-image-3427\" style=\"aspect-ratio:0.6826806781005255;object-fit:cover;width:auto;height:800px\" srcset=\"https:\/\/kainosconsultoria.com\/wp-content\/uploads\/2026\/01\/Captura-de-pantalla-2026-01-25-a-las-2.52.39-p.m.png 610w, https:\/\/kainosconsultoria.com\/wp-content\/uploads\/2026\/01\/Captura-de-pantalla-2026-01-25-a-las-2.52.39-p.m-202x300.png 202w, https:\/\/kainosconsultoria.com\/wp-content\/uploads\/2026\/01\/Captura-de-pantalla-2026-01-25-a-las-2.52.39-p.m-8x12.png 8w\" sizes=\"auto, (max-width: 610px) 100vw, 610px\" \/><\/figure>\n\n\n\n<p class=\"has-text-align-center has-black-color has-text-color has-link-color has-medium-font-size wp-elements-3bf1faa0696e4efcd4ee5d4d773bf91f\" style=\"margin-top:10px\"><\/p>\n<\/div>\n\n\n\n<div class=\"wp-block-column is-layout-flow wp-block-column-is-layout-flow\" style=\"padding-top:33px;flex-basis:60%\">\n<p class=\"has-palette-color-4-color has-text-color has-link-color wp-elements-b10d93c266d77426361284acbcd6d9e9\" style=\"margin-top:25px;margin-left:-19px;font-size:clamp(14px, 0.875rem + ((1vw - 3.2px) * 0.469), 20px);\">La metodolog\u00eda de KAINOS se basa en un proceso de acompa\u00f1amiento estructurado, dise\u00f1ado para apoyar al liderazgo pastoral en la organizaci\u00f3n administrativa de la iglesia, sin interferir con su autoridad ministerial.  Este enfoque se fundamenta en el Desarrollo Organizacional aplicado al contexto eclesial, integrando principios b\u00edblicos, diagn\u00f3stico institucional y planificaci\u00f3n administrativa responsable.<\/p>\n\n\n\n<p class=\"has-palette-color-4-color has-text-color has-link-color wp-elements-4a3bc72cc6dbbb6058d3196493de9aee\" style=\"margin-top:25px;margin-left:-20px;font-size:clamp(14px, 0.875rem + ((1vw - 3.2px) * 0.469), 20px);\">A trav\u00e9s del Modelo de Planeaci\u00f3n KAINOS, acompa\u00f1amos a las iglesias desde el an\u00e1lisis inicial de su realidad organizacional hasta la implementaci\u00f3n, evaluaci\u00f3n y estabilizaci\u00f3n de estructuras, procesos y documentaci\u00f3n ministerial.<\/p>\n\n\n\n<p class=\"has-black-color has-text-color has-link-color wp-elements-689f5f10b766605960ddb7bef60acedf\" style=\"margin-top:20px;margin-left:-20px;font-size:clamp(14px, 0.875rem + ((1vw - 3.2px) * 0.469), 20px);\">Este enfoque se fundamenta en las fases cl\u00e1sicas de Lippitt, Watson y Westley, aplicadas desde una perspectiva de gesti\u00f3n administrativa, respetando que la definici\u00f3n de la visi\u00f3n del organismo y las decisiones ministerial corresponden exclusivamente al liderazgo pastoral.<\/p>\n\n\n\n<p class=\"has-text-align-left has-black-color has-text-color has-link-color wp-elements-157c9cf77d660894055f47f5c52c9ac4\" style=\"margin-left:-20px;font-size:clamp(14px, 0.875rem + ((1vw - 3.2px) * 0.469), 20px);\">KAINOS acompa\u00f1a el proceso mediante diagn\u00f3stico organizacional, estructuraci\u00f3n administrativa, dise\u00f1o de procesos, documentaci\u00f3n, seguimiento y evaluaci\u00f3n, alineando las acciones operativas con las decisiones estrat\u00e9gicas del pastor y su equipo.<\/p>\n<\/div>\n<\/div>\n\n\n\n<hr class=\"wp-block-separator alignwide has-text-color has-alpha-channel-opacity has-background is-style-wide\" style=\"background-color:#6d1a36;color:#6d1a36\"\/>\n\n\n\n<h2 class=\"wp-block-heading has-text-align-center has-text-color has-link-color wp-elements-65899c62f69a823dda02cfb40be8788e\" id=\"que-ofrece-kainos\" style=\"color:#6d1a36;font-size:clamp(21.536px, 1.346rem + ((1vw - 3.2px) * 1.052), 35px);\"><strong>\u00bfQu\u00e9 ofrece KAINOS?<\/strong><\/h2>\n\n\n\n<p class=\"has-text-align-center has-palette-color-4-color has-text-color has-link-color wp-elements-f17e4f76550920f845b521359c43e9cd\" style=\"font-size:clamp(18.959px, 1.185rem + ((1vw - 3.2px) * 0.863), 30px);\"><strong>Servicios de Desarrollo Organizacional para iglesias<\/strong><\/p>\n\n\n\n<div class=\"wp-block-media-text is-stacked-on-mobile\"><figure class=\"wp-block-media-text__media\"><img loading=\"lazy\" decoding=\"async\" width=\"1024\" height=\"615\" src=\"https:\/\/kainosconsultoria.com\/wp-content\/uploads\/2026\/01\/Captura-de-pantalla-2026-01-25-a-las-3.16.17-p.m-1024x615.png\" alt=\"\" class=\"wp-image-3433 size-full\" srcset=\"https:\/\/kainosconsultoria.com\/wp-content\/uploads\/2026\/01\/Captura-de-pantalla-2026-01-25-a-las-3.16.17-p.m-1024x615.png 1024w, https:\/\/kainosconsultoria.com\/wp-content\/uploads\/2026\/01\/Captura-de-pantalla-2026-01-25-a-las-3.16.17-p.m-300x180.png 300w, https:\/\/kainosconsultoria.com\/wp-content\/uploads\/2026\/01\/Captura-de-pantalla-2026-01-25-a-las-3.16.17-p.m-768x462.png 768w, https:\/\/kainosconsultoria.com\/wp-content\/uploads\/2026\/01\/Captura-de-pantalla-2026-01-25-a-las-3.16.17-p.m-1536x923.png 1536w, https:\/\/kainosconsultoria.com\/wp-content\/uploads\/2026\/01\/Captura-de-pantalla-2026-01-25-a-las-3.16.17-p.m-18x12.png 18w, https:\/\/kainosconsultoria.com\/wp-content\/uploads\/2026\/01\/Captura-de-pantalla-2026-01-25-a-las-3.16.17-p.m.png 1564w\" sizes=\"auto, (max-width: 1024px) 100vw, 1024px\" \/><\/figure><div class=\"wp-block-media-text__content\">\n<p class=\"has-text-align-center has-black-color has-text-color has-link-color has-medium-font-size wp-elements-469545e4eb632b4860c7c49e2202094a\">Estos servicios permiten a las iglesias contar con mayor claridad organizacional, procesos definidos y herramientas administrativas que apoyan la toma de decisiones y el desarrollo ordenado del ministerio.<\/p>\n<\/div><\/div>\n\n\n\n<p><\/p>","protected":false},"excerpt":{"rendered":"<p>Metodolog\u00eda de Desarrollo Organizacional aplicada a contextos eclesiales En KAINOS entendemos el Desarrollo Organizacional como una herramienta que ayuda a las iglesias a ordenar su estructura administrativa, fortalecer su liderazgo [&hellip;]<\/p>","protected":false},"author":1,"featured_media":0,"parent":0,"menu_order":0,"comment_status":"closed","ping_status":"closed","template":"","meta":{"_gspb_post_css":"","_EventAllDay":false,"_EventTimezone":"","_EventStartDate":"","_EventEndDate":"","_EventStartDateUTC":"","_EventEndDateUTC":"","_EventShowMap":false,"_EventShowMapLink":false,"_EventURL":"","_EventCost":"","_EventCostDescription":"","_EventCurrencySymbol":"","_EventCurrencyCode":"","_EventCurrencyPosition":"","_EventDateTimeSeparator":"","_EventTimeRangeSeparator":"","_EventOrganizerID":[],"_EventVenueID":[],"_OrganizerEmail":"","_OrganizerPhone":"","_OrganizerWebsite":"","_VenueAddress":"","_VenueCity":"","_VenueCountry":"","_VenueProvince":"","_VenueState":"","_VenueZip":"","_VenuePhone":"","_VenueURL":"","_VenueStateProvince":"","_VenueLat":"","_VenueLng":"","_VenueShowMap":false,"_VenueShowMapLink":false,"footnotes":""},"class_list":["post-838","page","type-page","status-publish","hentry"],"blocksy_meta":[],"_links":{"self":[{"href":"https:\/\/kainosconsultoria.com\/en\/wp-json\/wp\/v2\/pages\/838","targetHints":{"allow":["GET"]}}],"collection":[{"href":"https:\/\/kainosconsultoria.com\/en\/wp-json\/wp\/v2\/pages"}],"about":[{"href":"https:\/\/kainosconsultoria.com\/en\/wp-json\/wp\/v2\/types\/page"}],"author":[{"embeddable":true,"href":"https:\/\/kainosconsultoria.com\/en\/wp-json\/wp\/v2\/users\/1"}],"replies":[{"embeddable":true,"href":"https:\/\/kainosconsultoria.com\/en\/wp-json\/wp\/v2\/comments?post=838"}],"version-history":[{"count":127,"href":"https:\/\/kainosconsultoria.com\/en\/wp-json\/wp\/v2\/pages\/838\/revisions"}],"predecessor-version":[{"id":3441,"href":"https:\/\/kainosconsultoria.com\/en\/wp-json\/wp\/v2\/pages\/838\/revisions\/3441"}],"wp:attachment":[{"href":"https:\/\/kainosconsultoria.com\/en\/wp-json\/wp\/v2\/media?parent=838"}],"curies":[{"name":"wp","href":"https:\/\/api.w.org\/{rel}","templated":true}]}}