{"id":841,"date":"2025-12-11T07:51:36","date_gmt":"2025-12-11T07:51:36","guid":{"rendered":"https:\/\/kainosconsultoria.com\/?page_id=841"},"modified":"2026-02-16T21:27:10","modified_gmt":"2026-02-16T21:27:10","slug":"beneficios-para-tu-iglesia","status":"publish","type":"page","link":"https:\/\/kainosconsultoria.com\/en\/beneficios-para-tu-iglesia\/","title":{"rendered":"Beneficios para su Iglesia"},"content":{"rendered":"<div class=\"wp-block-columns is-layout-flex wp-container-core-columns-is-layout-28f84493 wp-block-columns-is-layout-flex\">\n<div class=\"wp-block-column is-layout-flow wp-block-column-is-layout-flow\" style=\"flex-basis:66.66%\">\n<figure class=\"wp-block-image aligncenter size-full is-resized\"><img loading=\"lazy\" decoding=\"async\" width=\"1064\" height=\"698\" src=\"https:\/\/kainosconsultoria.com\/wp-content\/uploads\/2026\/02\/Captura-de-pantalla-2026-02-16-a-las-4.25.34-p.m.png\" alt=\"\" class=\"wp-image-3499\" style=\"aspect-ratio:1.4765006979990694;width:942px;height:auto\" srcset=\"https:\/\/kainosconsultoria.com\/wp-content\/uploads\/2026\/02\/Captura-de-pantalla-2026-02-16-a-las-4.25.34-p.m.png 1064w, https:\/\/kainosconsultoria.com\/wp-content\/uploads\/2026\/02\/Captura-de-pantalla-2026-02-16-a-las-4.25.34-p.m-300x197.png 300w, https:\/\/kainosconsultoria.com\/wp-content\/uploads\/2026\/02\/Captura-de-pantalla-2026-02-16-a-las-4.25.34-p.m-1024x672.png 1024w, https:\/\/kainosconsultoria.com\/wp-content\/uploads\/2026\/02\/Captura-de-pantalla-2026-02-16-a-las-4.25.34-p.m-768x504.png 768w, https:\/\/kainosconsultoria.com\/wp-content\/uploads\/2026\/02\/Captura-de-pantalla-2026-02-16-a-las-4.25.34-p.m-18x12.png 18w\" sizes=\"auto, (max-width: 1064px) 100vw, 1064px\" \/><\/figure>\n<\/div>\n\n\n\n<div class=\"wp-block-column is-vertically-aligned-center has-medium-font-size is-layout-flow wp-block-column-is-layout-flow\" style=\"flex-basis:33.33%\">\n<p class=\"has-text-align-center has-black-color has-text-color has-link-color has-medium-font-size wp-elements-bd9f08cfe29301f485db2d6b57641d18\"><em>El acompa\u00f1amiento de KAINOS permite a las iglesias fortalecer su estructura administrativa sin perder su identidad ministerial, promoviendo orden, claridad y sostenibilidad institucional. Nuestro enfoque apoya al liderazgo pastoral en la toma de decisiones informadas y responsables, respaldadas por procesos claros, documentaci\u00f3n ministerial adecuada y una gesti\u00f3n ordenada de las personas que sirven en la misi\u00f3n.<\/em><\/p>\n<\/div>\n<\/div>\n\n\n\n<h2 class=\"wp-block-heading has-text-color has-link-color wp-elements-492a53861b4ed9bcf07ace639f6d933f\" id=\"como-apoya-kainos-a-su-iglesia\" style=\"color:#6d1a36\">\u00bfC\u00f3mo apoya KAINOS a su iglesia?<\/h2>\n\n\n\n<h2 class=\"wp-block-heading\" id=\"beneficios-institucionales-y-pastorales\" style=\"font-size:clamp(20.515px, 1.282rem + ((1vw - 3.2px) * 0.975), 33px);\">Beneficios institucionales y pastorales<\/h2>\n\n\n\n<ul class=\"wp-block-list\">\n<li class=\"has-black-color has-text-color has-link-color has-medium-font-size wp-elements-594790a10047cefeb7a787d949e524db\">Claridad en los roles, funciones y responsabilidades ministeriales.<\/li>\n\n\n\n<li class=\"has-black-color has-text-color has-link-color has-medium-font-size wp-elements-af0352aaece86fca539f99c23c6416c2\">Organizaci\u00f3n documental que respalda la vida institucional (manuales, pol\u00edticas, organigramas y lineamientos).<\/li>\n\n\n\n<li class=\"has-black-color has-text-color has-link-color has-medium-font-size wp-elements-60b020a85aac3b58c18b3c23b3648dff\">Gesti\u00f3n integral de Recursos Humanos de manera externalizada, respetando plenamente la autoridad pastoral.<\/li>\n\n\n\n<li class=\"has-black-color has-text-color has-link-color has-medium-font-size wp-elements-49ef8eeae21d86a24a0af76490473c46\">Acompa\u00f1amiento al liderazgo en procesos de evaluaci\u00f3n, seguimiento y mejora continua.<\/li>\n\n\n\n<li class=\"has-black-color has-text-color has-link-color has-medium-font-size wp-elements-c2296dc7f925724eb6b80111f423a4e6\">Fortalecimiento del clima organizacional y del trabajo en equipo ministerial.<\/li>\n\n\n\n<li class=\"has-black-color has-text-color has-link-color has-medium-font-size wp-elements-3d4fd3426e963ce8477579c8cfede48f\">Consolidaci\u00f3n de la continuidad institucional, m\u00e1s all\u00e1 de personas o etapas espec\u00edficas.<\/li>\n<\/ul>\n\n\n\n<h2 class=\"wp-block-heading\" id=\"impacto-pastoral\" style=\"font-size:clamp(20.515px, 1.282rem + ((1vw - 3.2px) * 0.975), 33px);\">Impacto pastoral<\/h2>\n\n\n\n<p class=\"has-black-color has-text-color has-link-color has-medium-font-size wp-elements-884ad4cb8388f14ab8f474e1ca4cf551\">Este acompa\u00f1amiento fortalece el liderazgo pastoral al proveer estructuras administrativas sanas, evitando la improvisaci\u00f3n y permitiendo que los pastores se enfoquen en el cuidado espiritual, la direcci\u00f3n y el cumplimiento de la misi\u00f3n que Dios ha confiado a Su iglesia.<\/p>\n\n\n\n<figure class=\"wp-block-image aligncenter size-medium is-resized\" style=\"margin-top:-20px\"><img loading=\"lazy\" decoding=\"async\" width=\"300\" height=\"156\" src=\"https:\/\/kainosconsultoria.com\/wp-content\/uploads\/2026\/02\/Captura-de-pantalla-2026-02-01-a-las-4.57.10-a.m-1-300x156.png\" alt=\"\" class=\"wp-image-3450\" style=\"width:750px\" srcset=\"https:\/\/kainosconsultoria.com\/wp-content\/uploads\/2026\/02\/Captura-de-pantalla-2026-02-01-a-las-4.57.10-a.m-1-300x156.png 300w, https:\/\/kainosconsultoria.com\/wp-content\/uploads\/2026\/02\/Captura-de-pantalla-2026-02-01-a-las-4.57.10-a.m-1-1024x533.png 1024w, https:\/\/kainosconsultoria.com\/wp-content\/uploads\/2026\/02\/Captura-de-pantalla-2026-02-01-a-las-4.57.10-a.m-1-768x399.png 768w, https:\/\/kainosconsultoria.com\/wp-content\/uploads\/2026\/02\/Captura-de-pantalla-2026-02-01-a-las-4.57.10-a.m-1-1536x799.png 1536w, https:\/\/kainosconsultoria.com\/wp-content\/uploads\/2026\/02\/Captura-de-pantalla-2026-02-01-a-las-4.57.10-a.m-1-18x9.png 18w, https:\/\/kainosconsultoria.com\/wp-content\/uploads\/2026\/02\/Captura-de-pantalla-2026-02-01-a-las-4.57.10-a.m-1.png 1692w\" sizes=\"auto, (max-width: 300px) 100vw, 300px\" \/><\/figure>\n\n\n\n<p><\/p>","protected":false},"excerpt":{"rendered":"<p>El acompa\u00f1amiento de KAINOS permite a las iglesias fortalecer su estructura administrativa sin perder su identidad ministerial, promoviendo orden, claridad y sostenibilidad institucional. Nuestro enfoque apoya al liderazgo pastoral en [&hellip;]<\/p>","protected":false},"author":1,"featured_media":0,"parent":0,"menu_order":0,"comment_status":"closed","ping_status":"closed","template":"","meta":{"_gspb_post_css":"","_EventAllDay":false,"_EventTimezone":"","_EventStartDate":"","_EventEndDate":"","_EventStartDateUTC":"","_EventEndDateUTC":"","_EventShowMap":false,"_EventShowMapLink":false,"_EventURL":"","_EventCost":"","_EventCostDescription":"","_EventCurrencySymbol":"","_EventCurrencyCode":"","_EventCurrencyPosition":"","_EventDateTimeSeparator":"","_EventTimeRangeSeparator":"","_EventOrganizerID":[],"_EventVenueID":[],"_OrganizerEmail":"","_OrganizerPhone":"","_OrganizerWebsite":"","_VenueAddress":"","_VenueCity":"","_VenueCountry":"","_VenueProvince":"","_VenueState":"","_VenueZip":"","_VenuePhone":"","_VenueURL":"","_VenueStateProvince":"","_VenueLat":"","_VenueLng":"","_VenueShowMap":false,"_VenueShowMapLink":false,"footnotes":""},"class_list":["post-841","page","type-page","status-publish","hentry"],"blocksy_meta":[],"_links":{"self":[{"href":"https:\/\/kainosconsultoria.com\/en\/wp-json\/wp\/v2\/pages\/841","targetHints":{"allow":["GET"]}}],"collection":[{"href":"https:\/\/kainosconsultoria.com\/en\/wp-json\/wp\/v2\/pages"}],"about":[{"href":"https:\/\/kainosconsultoria.com\/en\/wp-json\/wp\/v2\/types\/page"}],"author":[{"embeddable":true,"href":"https:\/\/kainosconsultoria.com\/en\/wp-json\/wp\/v2\/users\/1"}],"replies":[{"embeddable":true,"href":"https:\/\/kainosconsultoria.com\/en\/wp-json\/wp\/v2\/comments?post=841"}],"version-history":[{"count":30,"href":"https:\/\/kainosconsultoria.com\/en\/wp-json\/wp\/v2\/pages\/841\/revisions"}],"predecessor-version":[{"id":3500,"href":"https:\/\/kainosconsultoria.com\/en\/wp-json\/wp\/v2\/pages\/841\/revisions\/3500"}],"wp:attachment":[{"href":"https:\/\/kainosconsultoria.com\/en\/wp-json\/wp\/v2\/media?parent=841"}],"curies":[{"name":"wp","href":"https:\/\/api.w.org\/{rel}","templated":true}]}}