{"id":866,"date":"2025-12-11T20:37:30","date_gmt":"2025-12-11T20:37:30","guid":{"rendered":"https:\/\/kainosconsultoria.com\/?page_id=866"},"modified":"2026-02-23T23:11:33","modified_gmt":"2026-02-23T23:11:33","slug":"nuestro-equipo","status":"publish","type":"page","link":"https:\/\/kainosconsultoria.com\/en\/nuestro-equipo\/","title":{"rendered":"Nuestro equipo"},"content":{"rendered":"<h2 class=\"wp-block-heading has-text-align-center has-text-color has-link-color wp-elements-a6ea19323ce1857b8b6239f862f8bf6b\" id=\"nuestro-equipo\" style=\"color:#6d1a36;font-size:clamp(24.034px, 1.502rem + ((1vw - 3.2px) * 1.247), 40px);\">Nuestro equipo<\/h2>\n\n\n\n<p><\/p>\n\n\n\n<div class=\"wp-block-columns is-layout-flex wp-container-core-columns-is-layout-28f84493 wp-block-columns-is-layout-flex\">\n<div class=\"wp-block-column is-layout-flow wp-block-column-is-layout-flow\" style=\"flex-basis:33.33%\">\n<figure class=\"wp-block-image aligncenter size-full is-resized has-custom-border\" style=\"margin-top:0;margin-bottom:0\"><img loading=\"lazy\" decoding=\"async\" width=\"1158\" height=\"1148\" src=\"https:\/\/kainosconsultoria.com\/wp-content\/uploads\/2026\/02\/Captura-de-pantalla-2026-02-23-a-las-5.15.38-p.m.png\" alt=\"\" class=\"wp-image-3532\" style=\"border-style:none;border-width:0px;border-top-left-radius:0px;border-top-right-radius:0px;border-bottom-left-radius:0px;border-bottom-right-radius:0px;width:280px\" srcset=\"https:\/\/kainosconsultoria.com\/wp-content\/uploads\/2026\/02\/Captura-de-pantalla-2026-02-23-a-las-5.15.38-p.m.png 1158w, https:\/\/kainosconsultoria.com\/wp-content\/uploads\/2026\/02\/Captura-de-pantalla-2026-02-23-a-las-5.15.38-p.m-300x297.png 300w, https:\/\/kainosconsultoria.com\/wp-content\/uploads\/2026\/02\/Captura-de-pantalla-2026-02-23-a-las-5.15.38-p.m-1024x1015.png 1024w, https:\/\/kainosconsultoria.com\/wp-content\/uploads\/2026\/02\/Captura-de-pantalla-2026-02-23-a-las-5.15.38-p.m-150x150.png 150w, https:\/\/kainosconsultoria.com\/wp-content\/uploads\/2026\/02\/Captura-de-pantalla-2026-02-23-a-las-5.15.38-p.m-768x761.png 768w, https:\/\/kainosconsultoria.com\/wp-content\/uploads\/2026\/02\/Captura-de-pantalla-2026-02-23-a-las-5.15.38-p.m-12x12.png 12w\" sizes=\"auto, (max-width: 1158px) 100vw, 1158px\" \/><\/figure>\n<\/div>\n\n\n\n<div class=\"wp-block-column is-layout-flow wp-block-column-is-layout-flow\" style=\"flex-basis:66.66%\">\n<h3 class=\"wp-block-heading has-text-color has-link-color has-large-font-size wp-elements-2723e93eb963ec65645d8ddf31db469d\" id=\"dra-sandra-elizabeth-nunez-d-min-m-t-q-m\" style=\"color:#6d1a36\"><strong>Dra. Sandra Elizabeth N\u00fa\u00f1ez, (D.Min., M.T.Q.M.)<\/strong><\/h3>\n\n\n\n<p class=\"has-black-color has-text-color has-link-color wp-elements-37297a909613c87728ea58033d055d21\" id=\"dra-sandra-elizabeth-nunez-d-min-m-t-q-m\" style=\"font-size:clamp(14px, 0.875rem + ((1vw - 3.2px) * 0.469), 20px);\"><strong>Directora y Consultora Principal en Desarrollo Organizacional<\/strong><\/p>\n\n\n\n<p class=\"has-black-color has-text-color has-link-color has-medium-font-size wp-elements-002150471ef1d35173c44412d5025fc8\">La Dra. N\u00fa\u00f1ez es especialista en Desarrollo Organizacional, gesti\u00f3n administrativa y fortalecimiento institucional, con una trayectoria que integra experiencia empresarial, formaci\u00f3n teol\u00f3gica y servicio ministerial. Su labor se centra en acompa\u00f1ar a iglesias y en procesos de orden, estructura y liderazgo saludable, promoviendo una administraci\u00f3n clara, responsable y orientada a honrar a Dios.<\/p>\n<\/div>\n<\/div>\n\n\n\n<p class=\"has-black-color has-text-color has-link-color has-medium-font-size wp-elements-fbd29456159f3da487ebda265fd2bb5c\">Cuenta con un Doctorado en Ministerio con \u00e9nfasis en Liderazgo, una Maestr\u00eda en Estudios Teol\u00f3gicos y una Maestr\u00eda en Calidad Total, adem\u00e1s de Licenciatura en ContabilIdad, formaci\u00f3n que la acredita como profesional experta en sistemas de calidad, mejora continua, dise\u00f1o de procesos y gesti\u00f3n estrat\u00e9gica. Complementa su preparaci\u00f3n con estudios en comercio exterior, econom\u00eda internacional y diversos diplomados en gerencia, recursos humanos y excelencia operacional.<\/p>\n\n\n\n<p class=\"has-black-color has-text-color has-link-color has-medium-font-size wp-elements-8adbae43dabdf071ad6f2576864f9607\">En el \u00e1mbito profesional, se ha desempe\u00f1ado como directora de consultor\u00eda administrativa, l\u00edder de proyectos institucionales, gestora de procesos, analista de riesgo crediticio y facilitadora en \u00e1reas de calidad, servicio y gesti\u00f3n de equipos. Su experiencia en la elaboraci\u00f3n de documentos administrativos, estandarizaci\u00f3n de procedimientos, an\u00e1lisis de desempe\u00f1o y establecimiento de indicadores ha fortalecido la estructura de diversas organizaciones en Rep\u00fablica Dominicana y Estados Unidos.<\/p>\n\n\n\n<p class=\"has-black-color has-text-color has-link-color has-medium-font-size wp-elements-58ca54b809eab91f6b237c31a1f0cf88\">En el \u00e1mbito eclesial, ha acompa\u00f1ado a congregaciones en procesos de diagn\u00f3stico organizacional, evaluaci\u00f3n interna, planificaci\u00f3n institucional y capacitaci\u00f3n de l\u00edderes, aportando herramientas pr\u00e1cticas para asegurar funcionamiento ordenado, administraci\u00f3n saludable y sistemas internos que respalden la misi\u00f3n pastoral.<\/p>\n\n\n\n<p class=\"has-black-color has-text-color has-link-color has-medium-font-size wp-elements-cd99a9bc8b5a5671741174a5c0fba8dd\">Como directora de KAINOS Consultor\u00eda Organizacional, integra principios t\u00e9cnicos de calidad, fundamentos b\u00edblicos aplicados y discernimiento ministerial, ofreciendo soluciones estructurales que promueven estabilidad, claridad administrativa y liderazgo sostenible para iglesias y organizaciones cristianas.<\/p>\n\n\n\n<hr class=\"wp-block-separator alignfull has-text-color has-alpha-channel-opacity has-background\" style=\"background-color:#6d1a36;color:#6d1a36\"\/>\n\n\n\n<hr class=\"wp-block-separator alignfull has-alpha-channel-opacity\"\/>\n\n\n\n<hr class=\"wp-block-separator has-alpha-channel-opacity\"\/>\n\n\n\n<div class=\"wp-block-columns is-layout-flex wp-container-core-columns-is-layout-28f84493 wp-block-columns-is-layout-flex\">\n<div class=\"wp-block-column is-layout-flow wp-block-column-is-layout-flow\" style=\"flex-basis:33.33%\">\n<figure class=\"wp-block-image aligncenter size-full is-resized\"><img loading=\"lazy\" decoding=\"async\" width=\"944\" height=\"946\" src=\"https:\/\/kainosconsultoria.com\/wp-content\/uploads\/2026\/02\/Captura-de-pantalla-2026-02-23-a-las-5.23.33-p.m.png\" alt=\"\" class=\"wp-image-3534\" style=\"width:277px\" srcset=\"https:\/\/kainosconsultoria.com\/wp-content\/uploads\/2026\/02\/Captura-de-pantalla-2026-02-23-a-las-5.23.33-p.m.png 944w, https:\/\/kainosconsultoria.com\/wp-content\/uploads\/2026\/02\/Captura-de-pantalla-2026-02-23-a-las-5.23.33-p.m-300x300.png 300w, https:\/\/kainosconsultoria.com\/wp-content\/uploads\/2026\/02\/Captura-de-pantalla-2026-02-23-a-las-5.23.33-p.m-150x150.png 150w, https:\/\/kainosconsultoria.com\/wp-content\/uploads\/2026\/02\/Captura-de-pantalla-2026-02-23-a-las-5.23.33-p.m-768x770.png 768w, https:\/\/kainosconsultoria.com\/wp-content\/uploads\/2026\/02\/Captura-de-pantalla-2026-02-23-a-las-5.23.33-p.m-12x12.png 12w\" sizes=\"auto, (max-width: 944px) 100vw, 944px\" \/><\/figure>\n<\/div>\n\n\n\n<div class=\"wp-block-column is-layout-flow wp-block-column-is-layout-flow\" style=\"flex-basis:66.66%\">\n<h3 class=\"gsbp-0e74886\">Dra. Hedemarrie Duss\u00e1n, (D.Min., M.Ed.)<\/h3>\n\n\n\n<p class=\"has-black-color has-text-color has-link-color wp-elements-c6c6c28f61dc7c5cbc7fe95d4c42d95a\" style=\"font-size:clamp(14px, 0.875rem + ((1vw - 3.2px) * 0.469), 20px);\"><strong>Consultora en Gesti\u00f3n Administrativa y Recursos Humanos<\/strong><\/p>\n\n\n\n<p class=\"has-black-color has-text-color has-link-color has-medium-font-size wp-elements-efe9827e2a5f9c64b9ddda55b1d7d377\">La Dra. Duss\u00e1n cuenta con una s\u00f3lida trayectoria en administraci\u00f3n, gesti\u00f3n operativa, apoyo estrat\u00e9gico e implementaci\u00f3n de procesos para organizaciones cristianas y empresariales. Su formaci\u00f3n en Recursos Humanos y Comunicaci\u00f3n Interpersonal y su Maestr\u00eda en Tecnolog\u00edas de la Educaci\u00f3<strong>n<\/strong> fortalecen su capacidad para acompa\u00f1ar equipos, estructurar procesos y promover un funcionamiento interno ordenado y eficiente.<\/p>\n<\/div>\n<\/div>\n\n\n\n<p class=\"has-black-color has-text-color has-link-color has-medium-font-size wp-elements-698736484700fbdb1da2950f053e7176\">Ha desarrollado funciones administrativas en \u00e1reas como coordinaci\u00f3n general, manejo documental, procesos de oficina, seguimiento de proyectos, soporte ejecutivo y acompa\u00f1amiento de l\u00edderes. Su experiencia integra claridad procedimental, disciplina t\u00e9cnica y sensibilidad ministerial.<\/p>\n\n\n\n<p class=\"has-black-color has-text-color has-link-color has-medium-font-size wp-elements-f8fe20700faf2f0b05db97b22a41cbff\">Su vocaci\u00f3n de servicio, su capacidad anal\u00edtica y su perspectiva ministerial la convierten en una aliada confiable para iglesias que desean establecer estructuras funcionales, orden administrativo y buenas pr\u00e1cticas internas que aporten estabilidad y crecimiento.<\/p>\n\n\n\n<p class=\"has-black-color has-text-color has-link-color has-medium-font-size wp-elements-0f1733699036b6bfa908a71f841a177b\">En KAINOS, Hedemarrie aporta una combinaci\u00f3n valiosa de gesti\u00f3n administrativa, orientaci\u00f3n en recursos humanos y acompa\u00f1amiento organizacional, contribuyendo a que cada congregaci\u00f3n avance con claridad, responsabilidad y orden en lo que Dios le ha confiado.<\/p>\n\n\n\n<hr class=\"wp-block-separator alignfull has-text-color has-alpha-channel-opacity has-background\" style=\"background-color:#6d1a36;color:#6d1a36\"\/>\n\n\n\n<div style=\"height:20px\" aria-hidden=\"true\" class=\"wp-block-spacer\"><\/div>\n\n\n\n<div class=\"wp-block-columns is-layout-flex wp-container-core-columns-is-layout-28f84493 wp-block-columns-is-layout-flex\">\n<div class=\"wp-block-column is-layout-flow wp-block-column-is-layout-flow\" style=\"flex-basis:33.33%\">\n<figure class=\"wp-block-image aligncenter size-full is-resized\"><img loading=\"lazy\" decoding=\"async\" width=\"354\" height=\"384\" src=\"https:\/\/kainosconsultoria.com\/wp-content\/uploads\/2025\/11\/Captura-de-pantalla-2025-11-26-a-las-3.52.47-p.m.png\" alt=\"\" class=\"wp-image-737\" style=\"width:280px\" srcset=\"https:\/\/kainosconsultoria.com\/wp-content\/uploads\/2025\/11\/Captura-de-pantalla-2025-11-26-a-las-3.52.47-p.m.png 354w, https:\/\/kainosconsultoria.com\/wp-content\/uploads\/2025\/11\/Captura-de-pantalla-2025-11-26-a-las-3.52.47-p.m-277x300.png 277w, https:\/\/kainosconsultoria.com\/wp-content\/uploads\/2025\/11\/Captura-de-pantalla-2025-11-26-a-las-3.52.47-p.m-11x12.png 11w\" sizes=\"auto, (max-width: 354px) 100vw, 354px\" \/><\/figure>\n<\/div>\n\n\n\n<div class=\"wp-block-column is-layout-flow wp-block-column-is-layout-flow\" style=\"flex-basis:66.66%\">\n<h3 class=\"wp-block-heading has-text-color has-link-color wp-elements-8052ffcee94d06b2303cfabfd36f028d\" id=\"dr-robert-b-reed-phd\" style=\"color:#6d1a36\">Dr. Robert B. Reed, (PhD)<\/h3>\n\n\n\n<p class=\"has-black-color has-text-color has-link-color wp-elements-b8bc3d0af6132e862375a0cf6c587548\" style=\"font-size:clamp(14px, 0.875rem + ((1vw - 3.2px) * 0.469), 20px);\"><strong>Consultor Senior en Comunicaci\u00f3n Organizacional y Desarrollo Institucional<\/strong><\/p>\n\n\n\n<p class=\"has-black-color has-text-color has-link-color has-medium-font-size wp-elements-d07ceb0d25829f260ab699cc3420641e\" style=\"font-size:clamp(15.197px, 0.95rem + ((1vw - 3.2px) * 0.61), 23px);\">El Dr. Reed es consultor y formador con m\u00e1s de cuarenta y cinco a\u00f1os de experiencia acompa\u00f1ando a organizaciones y ministerios cristianos en procesos de fortalecimiento institucional. Su trabajo se ha centrado en la creaci\u00f3n de estructuras funcionales, comunicaci\u00f3n clara y desarrollo de modelos que apoyan una gesti\u00f3n ordenada y estable.<\/p>\n<\/div>\n<\/div>\n\n\n\n<p class=\"has-black-color has-text-color has-link-color has-medium-font-size wp-elements-4f01d207351031b87f87d90f2a926aff\">A lo largo de su trayectoria ha colaborado con iglesias, equipos pastorales y entidades educativas, brindando orientaci\u00f3n estrat\u00e9gica, dise\u00f1o de procesos, an\u00e1lisis organizacional y asesor\u00eda para la consolidaci\u00f3n de sistemas internos que promuevan orden, prop\u00f3sito y un liderazgo m\u00e1s efectivo.<\/p>\n\n\n\n<p class=\"has-black-color has-text-color has-link-color has-medium-font-size wp-elements-106942289b2af3f6877b33ad0a3328e8\">Su experiencia integra comunicaci\u00f3n estrat\u00e9gica, desarrollo organizacional, gesti\u00f3n de proyectos, dise\u00f1o de estructuras, evaluaci\u00f3n interna y acompa\u00f1amiento de l\u00edderes. Ha liderado iniciativas en Estados Unidos, Latinoam\u00e9rica y Europa, aportando herramientas pr\u00e1cticas para mejorar la organizaci\u00f3n interna y el flujo de trabajo entre los diferentes ministerios y departamentos.<\/p>\n\n\n\n<p class=\"has-black-color has-text-color has-link-color has-medium-font-size wp-elements-948cf42b43ac8a14f5f0af52817313c1\">En KAINOS, su perspectiva anal\u00edtica y su enfoque estructurado fortalecen nuestro servicio a las iglesias que desean avanzar hacia una administraci\u00f3n m\u00e1s clara, ordenada y coherente, aportando claridad comunicacional, dise\u00f1o institucional y procesos que promueven estabilidad y crecimiento.<\/p>\n\n\n\n<hr class=\"wp-block-separator alignfull has-text-color has-alpha-channel-opacity has-background\" style=\"background-color:#6d1a36;color:#6d1a36\"\/>\n\n\n\n<div style=\"height:20px\" aria-hidden=\"true\" class=\"wp-block-spacer\"><\/div>\n\n\n\n<div class=\"wp-block-columns is-layout-flex wp-container-core-columns-is-layout-28f84493 wp-block-columns-is-layout-flex\">\n<div class=\"wp-block-column is-layout-flow wp-block-column-is-layout-flow\" style=\"flex-basis:33.33%\">\n<figure class=\"wp-block-image aligncenter size-full is-resized\"><img loading=\"lazy\" decoding=\"async\" width=\"790\" height=\"782\" src=\"https:\/\/kainosconsultoria.com\/wp-content\/uploads\/2025\/12\/Captura-de-pantalla-2025-12-15-a-las-9.54.32-p.m.png\" alt=\"\" class=\"wp-image-1020\" style=\"width:278px\" srcset=\"https:\/\/kainosconsultoria.com\/wp-content\/uploads\/2025\/12\/Captura-de-pantalla-2025-12-15-a-las-9.54.32-p.m.png 790w, https:\/\/kainosconsultoria.com\/wp-content\/uploads\/2025\/12\/Captura-de-pantalla-2025-12-15-a-las-9.54.32-p.m-300x297.png 300w, https:\/\/kainosconsultoria.com\/wp-content\/uploads\/2025\/12\/Captura-de-pantalla-2025-12-15-a-las-9.54.32-p.m-768x760.png 768w, https:\/\/kainosconsultoria.com\/wp-content\/uploads\/2025\/12\/Captura-de-pantalla-2025-12-15-a-las-9.54.32-p.m-12x12.png 12w\" sizes=\"auto, (max-width: 790px) 100vw, 790px\" \/><\/figure>\n<\/div>\n\n\n\n<div class=\"wp-block-column is-layout-flow wp-block-column-is-layout-flow\" style=\"flex-basis:66.66%\">\n<h3 class=\"wp-block-heading has-text-color has-link-color wp-elements-75b62d865858909ce78faba483137637\" id=\"lic-deyanira-madera-cont\" style=\"color:#6d1a36\"><strong>Lic. Deyanira Madera, (Cont.)<\/strong><\/h3>\n\n\n\n<p class=\"has-black-color has-text-color has-link-color wp-elements-414e1a1df6e933f64193e272b85430b7\" style=\"font-size:clamp(14px, 0.875rem + ((1vw - 3.2px) * 0.469), 20px);\"><strong>Consultora Asociada en Contabilidad y Administraci\u00f3n de Recursos Humanos<\/strong><\/p>\n\n\n\n<p class=\"has-black-color has-text-color has-link-color has-medium-font-size wp-elements-eb3c74882c26104dcc0ede8e84620580\" style=\"font-size:clamp(15.197px, 0.95rem + ((1vw - 3.2px) * 0.61), 23px);\">La Lic. Madera es una profesional en el \u00e1rea empresarial, especializada en contabilidad, control financiero y gesti\u00f3n de recursos humanos. Su experiencia incluye la coordinaci\u00f3n de procesos administrativos, la implementaci\u00f3n de buenas pr\u00e1cticas contables y el fortalecimiento de sistemas internos que aseguran orden, transparencia y cumplimiento.<\/p>\n<\/div>\n<\/div>\n\n\n\n<p class=\"has-black-color has-text-color has-link-color has-medium-font-size wp-elements-6bf4bdbad2c293ea9d59fa6dda7c2a96\">A lo largo de su trayectoria ha contribuido al dise\u00f1o de estructuras operativas, manejo de presupuestos, supervisi\u00f3n de n\u00f3minas y organizaci\u00f3n de procedimientos esenciales para la estabilidad institucional. Su labor se distingue por una disciplina t\u00e9cnica firme, responsabilidad y un compromiso \u00e9tico orientado a la excelencia.<\/p>\n\n\n\n<p class=\"has-black-color has-text-color has-link-color has-medium-font-size wp-elements-ebc81d9380ab058054e62215e914a522\">En el contexto eclesial, Deyanira ha brindado apoyo administrativo y financiero a congregaciones que buscan fortalecer sus procesos internos, asegurando un manejo adecuado y responsable de los recursos que Dios ha puesto en sus manos.<\/p>\n\n\n\n<p class=\"has-black-color has-text-color has-link-color has-medium-font-size wp-elements-4f98a36c081d1eee4b55e4bdbb30fece\">Como consultora asociada de KAINOS, aporta una visi\u00f3n confiable y estructurada que complementa nuestro servicio integral para iglesias y organizaciones cristianas, promoviendo administraci\u00f3n saludable y liderazgo ordenado.<\/p>\n\n\n\n<hr class=\"wp-block-separator alignfull has-text-color has-alpha-channel-opacity has-background\" style=\"background-color:#6d1a36;color:#6d1a36\"\/>\n\n\n\n<div class=\"wp-block-columns is-layout-flex wp-container-core-columns-is-layout-28f84493 wp-block-columns-is-layout-flex\">\n<div class=\"wp-block-column is-layout-flow wp-block-column-is-layout-flow\" style=\"flex-basis:33.33%\">\n<figure class=\"wp-block-image size-full is-resized\"><img loading=\"lazy\" decoding=\"async\" width=\"364\" height=\"356\" src=\"https:\/\/kainosconsultoria.com\/wp-content\/uploads\/2026\/02\/Captura-de-pantalla-2026-02-23-a-las-4.41.13-p.m.png\" alt=\"\" class=\"wp-image-3521\" style=\"width:280px\" srcset=\"https:\/\/kainosconsultoria.com\/wp-content\/uploads\/2026\/02\/Captura-de-pantalla-2026-02-23-a-las-4.41.13-p.m.png 364w, https:\/\/kainosconsultoria.com\/wp-content\/uploads\/2026\/02\/Captura-de-pantalla-2026-02-23-a-las-4.41.13-p.m-300x293.png 300w, https:\/\/kainosconsultoria.com\/wp-content\/uploads\/2026\/02\/Captura-de-pantalla-2026-02-23-a-las-4.41.13-p.m-12x12.png 12w\" sizes=\"auto, (max-width: 364px) 100vw, 364px\" \/><\/figure>\n<\/div>\n\n\n\n<div class=\"wp-block-column is-layout-flow wp-block-column-is-layout-flow\" style=\"flex-basis:66.66%\">\n<h3 class=\"wp-block-heading has-text-color has-link-color has-large-font-size wp-elements-91c88e8174de8f9973d795c1a1d8d97c\" id=\"lic-luis-esteban-bolanos-comp-m-mkt-com\" style=\"color:#6d1a36\"><strong>Lic. Luis Esteban Bola\u00f1os, (Comp \/ M.Mkt.Com.)<\/strong><\/h3>\n\n\n\n<p class=\"has-black-color has-text-color has-link-color has-medium-font-size wp-elements-b20e8b596958e580852f148c2d8b24d9\"><strong>Consultor Asociado en Comunicaci\u00f3n Digital y Soporte Institucional<\/strong><\/p>\n\n\n\n<p class=\"has-black-color has-text-color has-link-color has-medium-font-size wp-elements-927ecb16883ca53241fdf76124541553\">El Lic.  Bola\u00f1os  es profesional en el \u00e1rea tecnol\u00f3gica y comunicacional, con formaci\u00f3n en Computaci\u00f3n y una Maestr\u00eda en Marketing Estrat\u00e9gico y Comunicaci\u00f3n Digital. Su trayectoria integra experiencia en gesti\u00f3n digital, apoyo institucional y desarrollo de recursos tecnol\u00f3gicos para organizaciones educativas, empresariales y ministeriales.<\/p>\n<\/div>\n<\/div>\n\n\n\n<p class=\"has-black-color has-text-color has-link-color has-medium-font-size wp-elements-6db7ecec7260a7c75dff3af9394b7c51\">Cuenta con preparaci\u00f3n certificada en marketing digital, desarrollo web y seguridad inform\u00e1tica, lo que fortalece su capacidad para acompa\u00f1ar procesos de comunicaci\u00f3n organizacional y soporte tecnol\u00f3gico. Su perfil combina pensamiento estructurado, disciplina t\u00e9cnica y sensibilidad para el trabajo colaborativo.<\/p>\n\n\n\n<p class=\"has-black-color has-text-color has-link-color has-medium-font-size wp-elements-c61ff2f5936fa5085186cee1d3300268\">En el \u00e1mbito profesional, se ha desempe\u00f1ado como docente, asistente administrativo y analista, desarrollando experiencia en organizaci\u00f3n operativa, seguimiento de procesos y apoyo estrat\u00e9gico. Paralelamente, ha colaborado con organizaciones cristianas en el dise\u00f1o de materiales digitales y fortalecimiento de plataformas de comunicaci\u00f3n institucional.<\/p>\n\n\n\n<p class=\"has-black-color has-text-color has-link-color has-medium-font-size wp-elements-5bed528e803d28085ce4e4bf11b98f88\">Su experiencia integra gesti\u00f3n de contenidos, soporte tecnol\u00f3gico, administraci\u00f3n de plataformas digitales y acompa\u00f1amiento en proyectos comunicacionales, contribuyendo a una presencia institucional clara y ordenada.<\/p>\n\n\n\n<p class=\"has-black-color has-text-color has-link-color has-medium-font-size wp-elements-6e7cbe52fba30262edd51dec647327b3\">Como consultor asociado de KAINOS, aporta apoyo en comunicaci\u00f3n digital, organizaci\u00f3n de recursos tecnol\u00f3gicos y fortalecimiento de la proyecci\u00f3n institucional, contribuyendo a que las iglesias puedan servir con claridad, orden y coherencia en su gesti\u00f3n administrativa.<\/p>\n\n\n\n<p><\/p>","protected":false},"excerpt":{"rendered":"<p>Nuestro equipo Dra. Sandra Elizabeth N\u00fa\u00f1ez, (D.Min., M.T.Q.M.) Directora y Consultora Principal en Desarrollo Organizacional La Dra. N\u00fa\u00f1ez es especialista en Desarrollo Organizacional, gesti\u00f3n administrativa y fortalecimiento institucional, con una [&hellip;]<\/p>","protected":false},"author":1,"featured_media":0,"parent":0,"menu_order":0,"comment_status":"closed","ping_status":"closed","template":"","meta":{"_gspb_post_css":".gsbp-0e74886{color:#6d1a36}","_EventAllDay":false,"_EventTimezone":"","_EventStartDate":"","_EventEndDate":"","_EventStartDateUTC":"","_EventEndDateUTC":"","_EventShowMap":false,"_EventShowMapLink":false,"_EventURL":"","_EventCost":"","_EventCostDescription":"","_EventCurrencySymbol":"","_EventCurrencyCode":"","_EventCurrencyPosition":"","_EventDateTimeSeparator":"","_EventTimeRangeSeparator":"","_EventOrganizerID":[],"_EventVenueID":[],"_OrganizerEmail":"","_OrganizerPhone":"","_OrganizerWebsite":"","_VenueAddress":"","_VenueCity":"","_VenueCountry":"","_VenueProvince":"","_VenueState":"","_VenueZip":"","_VenuePhone":"","_VenueURL":"","_VenueStateProvince":"","_VenueLat":"","_VenueLng":"","_VenueShowMap":false,"_VenueShowMapLink":false,"footnotes":""},"class_list":["post-866","page","type-page","status-publish","hentry"],"blocksy_meta":[],"_links":{"self":[{"href":"https:\/\/kainosconsultoria.com\/en\/wp-json\/wp\/v2\/pages\/866","targetHints":{"allow":["GET"]}}],"collection":[{"href":"https:\/\/kainosconsultoria.com\/en\/wp-json\/wp\/v2\/pages"}],"about":[{"href":"https:\/\/kainosconsultoria.com\/en\/wp-json\/wp\/v2\/types\/page"}],"author":[{"embeddable":true,"href":"https:\/\/kainosconsultoria.com\/en\/wp-json\/wp\/v2\/users\/1"}],"replies":[{"embeddable":true,"href":"https:\/\/kainosconsultoria.com\/en\/wp-json\/wp\/v2\/comments?post=866"}],"version-history":[{"count":70,"href":"https:\/\/kainosconsultoria.com\/en\/wp-json\/wp\/v2\/pages\/866\/revisions"}],"predecessor-version":[{"id":3541,"href":"https:\/\/kainosconsultoria.com\/en\/wp-json\/wp\/v2\/pages\/866\/revisions\/3541"}],"wp:attachment":[{"href":"https:\/\/kainosconsultoria.com\/en\/wp-json\/wp\/v2\/media?parent=866"}],"curies":[{"name":"wp","href":"https:\/\/api.w.org\/{rel}","templated":true}]}}